{"id":31258,"date":"2024-06-16T18:38:11","date_gmt":"2024-06-16T16:38:11","guid":{"rendered":"https:\/\/koussikou.ch\/?post_type=product&#038;p=31258"},"modified":"2026-03-25T12:10:57","modified_gmt":"2026-03-25T10:10:57","slug":"curli-basic-leash","status":"publish","type":"product","link":"https:\/\/koussikou.ch\/de\/produkt\/curli-basic-leash\/","title":{"rendered":"Curli \u2013 Basic Leash"},"content":{"rendered":"<p>Der <strong><span style=\"color: #83b735;\">Curli Basic Leash<\/span><\/strong> ist das perfekte Accessoire f\u00fcr Ihren vierbeinigen Begleiter. Die Leine ist aus hochwertigen, langlebigen Materialien gefertigt und bietet Sicherheit und Komfort f\u00fcr Ihr Haustier.<\/p>\n<p>Sie verf\u00fcgt \u00fcber einen gepolsterten Griff, der einen sicheren Halt bietet und Spazierg\u00e4nge f\u00fcr Sie und Ihren Hund noch angenehmer macht. Die Leine ist mit einem robusten Metallhaken ausgestattet, der sich leicht an jedem Halsband oder Geschirr befestigen l\u00e4sst. Ihr schlichtes Design macht sie zu einer stilvollen Erg\u00e4nzung der Accessoire-Kollektion f\u00fcr Ihr Haustier.<\/p>\n<p>Egal, ob Sie einen gem\u00fctlichen Spaziergang durch die Nachbarschaft machen oder eine abenteuerliche Wanderung unternehmen, die Curli Basic Leash ist f\u00fcr alle Ihre Bed\u00fcrfnisse geeignet. Sie ist leicht und in verschiedenen Farben erh\u00e4ltlich, die zu Ihrem pers\u00f6nlichen Stil passen.<\/p>\n<p>Entscheiden Sie sich f\u00fcr die Curli Basic Leine, wenn Sie eine zuverl\u00e4ssige und modische L\u00f6sung f\u00fcr Ihre Bed\u00fcrfnisse beim Gassi gehen mit Ihrem Hund suchen.<\/p>\n<blockquote>\n<h5>FEATURES<\/h5>\n<\/blockquote>\n<p>\u2714 Metallring zur Befestigung von Zubeh\u00f6r<\/p>\n<p>\u2714 Hundekotbeutelspender<\/p>\n<p>\u2714 Passende Sicherheitskarabinerhaken und -ringe als Curli-Gurte<\/p>\n<p>\u2714 Gepolsterter Griff, bequemer und optimaler Halt<\/p>\n<blockquote>\n<h5>SIZING<\/h5>\n<\/blockquote>\n<p>Erh\u00e4ltlich in 2 Breiten \ud83d\udccf.<br \/>\nM - 1,5 cm \/ f\u00fcr Hunde bis zu 30 kg<br \/>\nL - 2cm \/ f\u00fcr Hunde bis zu 40kg<\/p>","protected":false},"excerpt":{"rendered":"<p>Die Curli Basic Leine bietet Sicherheit, Komfort und Stil f\u00fcr Ihre Hundespazierg\u00e4nge. Langlebig und ergonomisch, ist sie perfekt f\u00fcr jedes Abenteuer.<\/p>","protected":false},"featured_media":31429,"template":"","meta":[],"product_brand":[],"product_cat":[42,95,131],"product_tag":[519,518,520,521,522,523,525,326,367,524],"class_list":{"0":"post-31258","1":"product","2":"type-product","3":"status-publish","4":"has-post-thumbnail","6":"product_cat-all","7":"product_cat-dogs","8":"product_cat-travel-walk-dogs","9":"product_tag-basic-leash","10":"product_tag-curli","11":"product_tag-dog-leash","12":"product_tag-dog-walking","13":"product_tag-durable-leash","14":"product_tag-ergonomic-handle","15":"product_tag-high-quality-leash","16":"product_tag-pet-accessories","17":"product_tag-pet-safety","18":"product_tag-stylish-leash","20":"first","21":"instock","22":"shipping-taxable","23":"purchasable","24":"product-type-variable"},"_links":{"self":[{"href":"https:\/\/koussikou.ch\/de\/wp-json\/wp\/v2\/product\/31258","targetHints":{"allow":["GET"]}}],"collection":[{"href":"https:\/\/koussikou.ch\/de\/wp-json\/wp\/v2\/product"}],"about":[{"href":"https:\/\/koussikou.ch\/de\/wp-json\/wp\/v2\/types\/product"}],"version-history":[{"count":0,"href":"https:\/\/koussikou.ch\/de\/wp-json\/wp\/v2\/product\/31258\/revisions"}],"wp:featuredmedia":[{"embeddable":true,"href":"https:\/\/koussikou.ch\/de\/wp-json\/wp\/v2\/media\/31429"}],"wp:attachment":[{"href":"https:\/\/koussikou.ch\/de\/wp-json\/wp\/v2\/media?parent=31258"}],"wp:term":[{"taxonomy":"product_brand","embeddable":true,"href":"https:\/\/koussikou.ch\/de\/wp-json\/wp\/v2\/product_brand?post=31258"},{"taxonomy":"product_cat","embeddable":true,"href":"https:\/\/koussikou.ch\/de\/wp-json\/wp\/v2\/product_cat?post=31258"},{"taxonomy":"product_tag","embeddable":true,"href":"https:\/\/koussikou.ch\/de\/wp-json\/wp\/v2\/product_tag?post=31258"}],"curies":[{"name":"wp","href":"https:\/\/api.w.org\/{rel}","templated":true}]}}