{"id":31446,"date":"2024-06-16T19:09:28","date_gmt":"2024-06-16T17:09:28","guid":{"rendered":"https:\/\/koussikou.ch\/?post_type=product&#038;p=31446"},"modified":"2024-06-22T01:03:34","modified_gmt":"2024-06-21T23:03:34","slug":"lok-leash-basic","status":"publish","type":"product","link":"https:\/\/koussikou.ch\/de\/produkt\/lok-leash-basic\/","title":{"rendered":"Curli - Lok Leine Basic"},"content":{"rendered":"<p>Der <strong><span style=\"color: #83b735;\">Curli Lok Leash Basic<\/span><\/strong> ist die perfekte Kombination aus Funktionalit\u00e4t, Haltbarkeit und Stil f\u00fcr Sie und Ihren pelzigen Freund. Die aus hochwertigen Materialien gefertigte Leine sorgt f\u00fcr einen bequemen und sicheren Halt und bietet die Zuverl\u00e4ssigkeit, die Sie f\u00fcr t\u00e4gliche Spazierg\u00e4nge und Outdoor-Abenteuer ben\u00f6tigen.<\/p>\n<p>Der innovative Verriegelungsmechanismus bietet mehr Sicherheit und sorgt daf\u00fcr, dass die Leine fest mit dem Halsband oder Geschirr Ihres Hundes verbunden bleibt. Mit ihrem schlanken und modernen Design ist diese Leine nicht nur au\u00dfergew\u00f6hnlich leistungsf\u00e4hig, sondern sieht auch gro\u00dfartig aus.<\/p>\n<p>Egal, ob Sie durch den Park spazieren oder durch belebte Stra\u00dfen fahren, die Curli Lok Leash Basic ist so konzipiert, dass sie maximale Kontrolle und Komfort bietet.<\/p>\n<p>W\u00e4hlen Sie Curli f\u00fcr eine Leine, die sich durch Qualit\u00e4t und Design auszeichnet.<\/p>\n<blockquote>\n<h5><span style=\"color: #83b735;\">FEATURES<\/span><\/h5>\n<\/blockquote>\n<p>\u2714 L\u00e4ngenverstellbar von 140cm bis 220cm, schnell und einfach<\/p>\n<p>\u2714 Lok-Verbindungssystem zur Erweiterung der Leitung mit Lok-System-Produkten<\/p>\n<p>\u2714 Extra leichter Karabiner, weniger Gewicht und sicherer f\u00fcr den R\u00fccken Ihres Hundes<\/p>\n<p>\u2714 Drehpunkt am Handgriff mit dem Lok-Verbindungssystem<\/p>\n<p>\u2714 Gepolsterte Handschlaufe f\u00fcr sicheren und bequemen Halt<\/p>\n<p>\u2714 Hundekotbeutelspender<\/p>\n<p>\u2714 Ring zum Befestigen des Hundes an einem festen Gegenstand<\/p>\n<p>\u2714 Gepolsterter Griff, bequemer und optimaler Halt<\/p>\n<p>\u2714 <strong>F\u00fcr Hunde bis zu 60 kg<\/strong><\/p>","protected":false},"excerpt":{"rendered":"<p>Die Curli Lok Leash Basic vereint Langlebigkeit, Komfort und Stil und verf\u00fcgt \u00fcber einen sicheren Verschlussmechanismus f\u00fcr den zuverl\u00e4ssigen t\u00e4glichen Gebrauch.<\/p>","protected":false},"featured_media":31452,"template":"","meta":[],"product_brand":[],"product_cat":[42,95,131],"product_tag":[518,520,521,534,537,533,538,326,535,536],"class_list":{"0":"post-31446","1":"product","2":"type-product","3":"status-publish","4":"has-post-thumbnail","6":"product_cat-all","7":"product_cat-dogs","8":"product_cat-travel-walk-dogs","9":"product_tag-curli","10":"product_tag-dog-leash","11":"product_tag-dog-walking","12":"product_tag-durable-dog-leash","13":"product_tag-high-quality-dog-leash","14":"product_tag-lok-leash-basic","15":"product_tag-outdoor-adventures","16":"product_tag-pet-accessories","17":"product_tag-secure-dog-leash","18":"product_tag-stylish-dog-leash","20":"first","21":"instock","22":"sale","23":"shipping-taxable","24":"purchasable","25":"product-type-variable"},"_links":{"self":[{"href":"https:\/\/koussikou.ch\/de\/wp-json\/wp\/v2\/product\/31446","targetHints":{"allow":["GET"]}}],"collection":[{"href":"https:\/\/koussikou.ch\/de\/wp-json\/wp\/v2\/product"}],"about":[{"href":"https:\/\/koussikou.ch\/de\/wp-json\/wp\/v2\/types\/product"}],"version-history":[{"count":0,"href":"https:\/\/koussikou.ch\/de\/wp-json\/wp\/v2\/product\/31446\/revisions"}],"wp:featuredmedia":[{"embeddable":true,"href":"https:\/\/koussikou.ch\/de\/wp-json\/wp\/v2\/media\/31452"}],"wp:attachment":[{"href":"https:\/\/koussikou.ch\/de\/wp-json\/wp\/v2\/media?parent=31446"}],"wp:term":[{"taxonomy":"product_brand","embeddable":true,"href":"https:\/\/koussikou.ch\/de\/wp-json\/wp\/v2\/product_brand?post=31446"},{"taxonomy":"product_cat","embeddable":true,"href":"https:\/\/koussikou.ch\/de\/wp-json\/wp\/v2\/product_cat?post=31446"},{"taxonomy":"product_tag","embeddable":true,"href":"https:\/\/koussikou.ch\/de\/wp-json\/wp\/v2\/product_tag?post=31446"}],"curies":[{"name":"wp","href":"https:\/\/api.w.org\/{rel}","templated":true}]}}