{"id":31502,"date":"2024-06-17T00:11:08","date_gmt":"2024-06-16T22:11:08","guid":{"rendered":"https:\/\/koussikou.ch\/?post_type=product&#038;p=31502"},"modified":"2024-06-23T18:39:49","modified_gmt":"2024-06-23T16:39:49","slug":"hallo-haustiere-nickerchen","status":"publish","type":"product","link":"https:\/\/koussikou.ch\/de\/produkt\/hallo-haustiere-nickerchen\/","title":{"rendered":"Hello Pets \u2013 Nap"},"content":{"rendered":"<p><strong>Ein rundes Bett f\u00fcr einen Hund oder eine Katze<\/strong> aus grauem Filz mit einem weichen, mit Silikongranulat gef\u00fcllten Kissen.<\/p>\n<p>Ordentlich verarbeitet und perfekt gestaltet.<\/p>\n<p>Dieses <strong><span style=\"color: #83b735;\">Nap<\/span><\/strong> Das Bett ist aus grauem Filz gefertigt. In der Mitte ist ein weiches Kissen mit Silikongranulat gef\u00fcllt.<\/p>\n<p>Die Form des Bettes garantiert ihm ein Gef\u00fchl der Sicherheit und des Komforts, eine tierische Oase der Ruhe, von der aus es das Geschehen drau\u00dfen beobachten kann.<\/p>\n<p>Die Kissenh\u00fclle kann abgenommen und bei 30\u00b0C gewaschen werden.<\/p>\n<p><strong>Handgemachtes Produkt - <\/strong><em>Designer: Marta Wycech\u00a0<\/em><\/p>","protected":false},"excerpt":{"rendered":"<p>Verw\u00f6hnen Sie Ihr Haustier mit Hello Pets - Nap, einem pl\u00fcschigen und strapazierf\u00e4higen Bett, das f\u00fcr ultimativen Komfort und Stil entwickelt wurde. Perfekt f\u00fcr Katzen, Hunde und Kleintiere.<\/p>","protected":false},"featured_media":31512,"template":"","meta":[],"product_brand":[],"product_cat":[42,95,130],"product_tag":[],"class_list":{"0":"post-31502","1":"product","2":"type-product","3":"status-publish","4":"has-post-thumbnail","6":"product_cat-all","7":"product_cat-dogs","8":"product_cat-sleep-relax-dogs","10":"first","11":"instock","12":"shipping-taxable","13":"purchasable","14":"product-type-simple"},"_links":{"self":[{"href":"https:\/\/koussikou.ch\/de\/wp-json\/wp\/v2\/product\/31502","targetHints":{"allow":["GET"]}}],"collection":[{"href":"https:\/\/koussikou.ch\/de\/wp-json\/wp\/v2\/product"}],"about":[{"href":"https:\/\/koussikou.ch\/de\/wp-json\/wp\/v2\/types\/product"}],"version-history":[{"count":0,"href":"https:\/\/koussikou.ch\/de\/wp-json\/wp\/v2\/product\/31502\/revisions"}],"wp:featuredmedia":[{"embeddable":true,"href":"https:\/\/koussikou.ch\/de\/wp-json\/wp\/v2\/media\/31512"}],"wp:attachment":[{"href":"https:\/\/koussikou.ch\/de\/wp-json\/wp\/v2\/media?parent=31502"}],"wp:term":[{"taxonomy":"product_brand","embeddable":true,"href":"https:\/\/koussikou.ch\/de\/wp-json\/wp\/v2\/product_brand?post=31502"},{"taxonomy":"product_cat","embeddable":true,"href":"https:\/\/koussikou.ch\/de\/wp-json\/wp\/v2\/product_cat?post=31502"},{"taxonomy":"product_tag","embeddable":true,"href":"https:\/\/koussikou.ch\/de\/wp-json\/wp\/v2\/product_tag?post=31502"}],"curies":[{"name":"wp","href":"https:\/\/api.w.org\/{rel}","templated":true}]}}