{"id":31619,"date":"2024-06-20T18:11:32","date_gmt":"2024-06-20T16:11:32","guid":{"rendered":"https:\/\/koussikou.ch\/?post_type=product&#038;p=31619"},"modified":"2024-06-23T19:00:46","modified_gmt":"2024-06-23T17:00:46","slug":"solid-double-stand","status":"publish","type":"product","link":"https:\/\/koussikou.ch\/de\/produkt\/solid-double-stand\/","title":{"rendered":"CatPlayFurniture - Solider Doppelst\u00e4nder"},"content":{"rendered":"<p>Der Solid Double Stand von CatPlayFurniture ist eine hochwertige Futterstation f\u00fcr Katzen. Dieser St\u00e4nder bietet eine robuste und stilvolle L\u00f6sung f\u00fcr die Mahlzeiten Ihres Haustieres. Er bietet Stabilit\u00e4t und Benutzerfreundlichkeit und sorgt daf\u00fcr, dass der Futterplatz Ihrer Katze sauber und organisiert bleibt.<\/p>\n<p>Seine solide Konstruktion und sein elegantes Design machen ihn zu einer perfekten Erg\u00e4nzung f\u00fcr jedes Zuhause.<\/p>\n<p><strong>Zwei Schalen sind enthalten<\/strong>.<\/p>","protected":false},"excerpt":{"rendered":"<p>Der Solid Double Stand von CatPlayFurniture ist eine hochwertige Futterstation f\u00fcr Katzen.<\/p>","protected":false},"featured_media":31627,"template":"","meta":[],"product_brand":[],"product_cat":[42,104,133],"product_tag":[],"class_list":{"0":"post-31619","1":"product","2":"type-product","3":"status-publish","4":"has-post-thumbnail","6":"product_cat-all","7":"product_cat-cats","8":"product_cat-eat-cats","10":"first","11":"instock","12":"shipping-taxable","13":"purchasable","14":"product-type-variable"},"_links":{"self":[{"href":"https:\/\/koussikou.ch\/de\/wp-json\/wp\/v2\/product\/31619","targetHints":{"allow":["GET"]}}],"collection":[{"href":"https:\/\/koussikou.ch\/de\/wp-json\/wp\/v2\/product"}],"about":[{"href":"https:\/\/koussikou.ch\/de\/wp-json\/wp\/v2\/types\/product"}],"version-history":[{"count":0,"href":"https:\/\/koussikou.ch\/de\/wp-json\/wp\/v2\/product\/31619\/revisions"}],"wp:featuredmedia":[{"embeddable":true,"href":"https:\/\/koussikou.ch\/de\/wp-json\/wp\/v2\/media\/31627"}],"wp:attachment":[{"href":"https:\/\/koussikou.ch\/de\/wp-json\/wp\/v2\/media?parent=31619"}],"wp:term":[{"taxonomy":"product_brand","embeddable":true,"href":"https:\/\/koussikou.ch\/de\/wp-json\/wp\/v2\/product_brand?post=31619"},{"taxonomy":"product_cat","embeddable":true,"href":"https:\/\/koussikou.ch\/de\/wp-json\/wp\/v2\/product_cat?post=31619"},{"taxonomy":"product_tag","embeddable":true,"href":"https:\/\/koussikou.ch\/de\/wp-json\/wp\/v2\/product_tag?post=31619"}],"curies":[{"name":"wp","href":"https:\/\/api.w.org\/{rel}","templated":true}]}}