{"id":31981,"date":"2024-06-29T21:37:25","date_gmt":"2024-06-29T19:37:25","guid":{"rendered":"https:\/\/koussikou.ch\/?post_type=product&#038;p=31981"},"modified":"2025-09-02T14:55:02","modified_gmt":"2025-09-02T12:55:02","slug":"curli-vest-harness-cord","status":"publish","type":"product","link":"https:\/\/koussikou.ch\/de\/produkt\/curli-vest-harness-cord\/","title":{"rendered":"Curli - Vest Geschirr Cord"},"content":{"rendered":"<div data-elementor-type=\"wp-post\" data-elementor-id=\"31981\" class=\"elementor elementor-31981\">\n\t\t\t\t<div class=\"wd-negative-gap elementor-element elementor-element-23622f64 e-flex e-con-boxed e-con e-parent\" data-id=\"23622f64\" data-element_type=\"container\" data-e-type=\"container\">\n\t\t\t\t\t<div class=\"e-con-inner\">\n\t\t\t\t<div class=\"elementor-element elementor-element-483572a9 color-scheme-inherit text-left elementor-widget elementor-widget-text-editor\" data-id=\"483572a9\" data-element_type=\"widget\" data-e-type=\"widget\" data-widget_type=\"text-editor.default\">\n\t\t\t\t<div class=\"elementor-widget-container\">\n\t\t\t\t\t\t\t\t\t<p>Der <span style=\"color: #83b735;\"><strong>Curli Cord<\/strong><\/span> wurde entwickelt, um Hunden bei Spazierg\u00e4ngen oder anderen Aktivit\u00e4ten Komfort und Sicherheit zu bieten. Das Design der Weste verteilt den Druck gleichm\u00e4\u00dfig auf den Brustkorb und kann so die Belastung des Halses im Vergleich zu reinen Halsb\u00e4ndern verringern.<\/p><p>\u2714 Leichtes, widerstandsf\u00e4higes Cord-Obermateria<br \/>\u2714 Gepolstert mit luftdurchl\u00e4ssigem Air-Mesh <strong>breathable air mesh<\/strong><br \/>\u2714 F\u00fcr maximalen Tragekomfort und einen extra stylischen Auftritt<br \/>\u2714 Komfortables, stressfreies Anleinen<br \/>\u2714 Hochfestes <strong>\u2714 Ultraleichtgewicht<\/strong><\/p><blockquote><h5>3-D COMFORT FIT<\/h5><\/blockquote><p>\u2714 Perfektionierte Zugverteilung dank in den N\u00e4hten des Geschirrs eingearbeiteter B\u00e4nder und h\u00f6her liegender Zugaufnahme<br \/>\u2714 Zick-Zack-N\u00e4hte f\u00fcr flexible Zugverteilung<br \/>\u2714 Gr\u00f6ssenverstellbar mit Klettverschluss zum Anpassen an die K\u00f6rperform<\/p><blockquote><h5>SAFETY<\/h5><\/blockquote><p>\u2714 <strong>Reflektierende Elemente<\/strong> am Hals; zus\u00e4tzliche Sicherheit in der Dunkelheit<br \/>\u2714 DogFinder ID als Hilfe Ihren Hund wiederzufinden, falls er verloren gehen sollte<\/p>\t\t\t\t\t\t\t\t<\/div>\n\t\t\t\t<\/div>\n\t\t\t\t\t<\/div>\n\t\t\t\t<\/div>\n\t\t<div class=\"wd-negative-gap elementor-element elementor-element-38a134d e-flex e-con-boxed e-con e-parent\" data-id=\"38a134d\" data-element_type=\"container\" data-e-type=\"container\">\n\t\t\t\t\t<div class=\"e-con-inner\">\n\t\t\t\t<div class=\"elementor-element elementor-element-e799f18 elementor-widget elementor-widget-spacer\" data-id=\"e799f18\" data-element_type=\"widget\" data-e-type=\"widget\" data-widget_type=\"spacer.default\">\n\t\t\t\t<div class=\"elementor-widget-container\">\n\t\t\t\t\t\t\t<div class=\"elementor-spacer\">\n\t\t\t<div class=\"elementor-spacer-inner\"><\/div>\n\t\t<\/div>\n\t\t\t\t\t\t<\/div>\n\t\t\t\t<\/div>\n\t\t\t\t<div class=\"elementor-element elementor-element-3cd6b35 elementor-widget elementor-widget-wd_infobox\" data-id=\"3cd6b35\" data-element_type=\"widget\" data-e-type=\"widget\" data-widget_type=\"wd_infobox.default\">\n\t\t\t\t<div class=\"elementor-widget-container\">\n\t\t\t\t\t\t\t<div class=\"info-box-wrapper\">\n\t\t\t<div class=\"wd-info-box text-center box-icon-align-top box-style-base color-scheme-\">\n\t\t\t\t\t\t\t\t\t<div class=\"box-icon-wrapper  box-with-icon box-icon-simple\">\n\t\t\t\t\t\t<div class=\"info-box-icon\">\n\t\t\t\t\t\t\t\t\t\t\t\t\t\t\t<img loading=\"lazy\" decoding=\"async\" width=\"150\" height=\"150\" src=\"https:\/\/koussikou.ch\/wp-content\/uploads\/2024\/06\/curli-Dog-Harness-dogfinder-tag-personal-serialnumber-150x150.webp\" class=\"attachment-thumbnail size-thumbnail\" alt=\"\" \/>\t\t\t\t\t\t\t\t\t\t\t\t\t<\/div>\n\t\t\t\t\t<\/div>\n\t\t\t\t\n\t\t\t\t<div class=\"info-box-content\">\n\t\t\t\t\t\t\t\t\t\t\t\n\t\t\t\t\t\t<div class=\"info-box-subtitle subtitle-color-default subtitle-style-default wd-fontsize-xs\"\n\t\t\t\t\t\t\t  data-elementor-setting-key=\"subtitle\">\n\t\t\t\t\t\t\tDie Dogfinder-ID ist in jedem curli Harness integriert.\t\t\t\t\t\t<\/div>\n\t\t\t\t\t\n\t\t\t\t\t\t\t\t\t\t\t<h4\t\t\t\t\t\tclass=\"info-box-title title box-title-style-default wd-fontsize-m\" data-elementor-setting-key=\"title\">\n\t\t\t\t\t\t\t\tDogfinder ID\t\t\t\t\t\t<\/h4>\n\t\t\t\t\t\n\t\t\t\t\t<div class=\"info-box-inner reset-last-child\"data-elementor-setting-key=\"content\"><p style=\"text-align: center;\">Die Dogfinder-ID ist in jedem curli Harness integriert.\nSie hilft, einen entlaufenen Hund schneller wiederzufinden.\nDer curli-Dogfinder bietet Hundehaltern die M\u00f6glichkeit,\neinen Hund in einer zentralen Datenbank zu erfassen, so\ndass entlaufene Hunde leicht identifiziert werden k\u00f6nnen.<\/p>\n<\/div>\n\n\t\t\t\t\t\t\t\t\t<\/div>\n\n\t\t\t\t\t\t\t<\/div>\n\t\t<\/div>\n\t\t\t\t\t\t<\/div>\n\t\t\t\t<\/div>\n\t\t\t\t\t<\/div>\n\t\t\t\t<\/div>\n\t\t\t\t<\/div>","protected":false},"excerpt":{"rendered":"<p>Das Curli Vest Harness Cord ist ein bequemes, sicheres Hundegeschirr mit einzigartigem Kordeldesign. Perfekt f\u00fcr t\u00e4gliche Spazierg\u00e4nge und Aktivit\u00e4ten.<\/p>","protected":false},"featured_media":31983,"template":"","meta":[],"product_brand":[],"product_cat":[42,95,131],"product_tag":[],"class_list":{"0":"post-31981","1":"product","2":"type-product","3":"status-publish","4":"has-post-thumbnail","6":"product_cat-all","7":"product_cat-dogs","8":"product_cat-travel-walk-dogs","10":"first","11":"instock","12":"sale","13":"shipping-taxable","14":"purchasable","15":"product-type-variable"},"_links":{"self":[{"href":"https:\/\/koussikou.ch\/de\/wp-json\/wp\/v2\/product\/31981","targetHints":{"allow":["GET"]}}],"collection":[{"href":"https:\/\/koussikou.ch\/de\/wp-json\/wp\/v2\/product"}],"about":[{"href":"https:\/\/koussikou.ch\/de\/wp-json\/wp\/v2\/types\/product"}],"version-history":[{"count":2,"href":"https:\/\/koussikou.ch\/de\/wp-json\/wp\/v2\/product\/31981\/revisions"}],"predecessor-version":[{"id":32533,"href":"https:\/\/koussikou.ch\/de\/wp-json\/wp\/v2\/product\/31981\/revisions\/32533"}],"wp:featuredmedia":[{"embeddable":true,"href":"https:\/\/koussikou.ch\/de\/wp-json\/wp\/v2\/media\/31983"}],"wp:attachment":[{"href":"https:\/\/koussikou.ch\/de\/wp-json\/wp\/v2\/media?parent=31981"}],"wp:term":[{"taxonomy":"product_brand","embeddable":true,"href":"https:\/\/koussikou.ch\/de\/wp-json\/wp\/v2\/product_brand?post=31981"},{"taxonomy":"product_cat","embeddable":true,"href":"https:\/\/koussikou.ch\/de\/wp-json\/wp\/v2\/product_cat?post=31981"},{"taxonomy":"product_tag","embeddable":true,"href":"https:\/\/koussikou.ch\/de\/wp-json\/wp\/v2\/product_tag?post=31981"}],"curies":[{"name":"wp","href":"https:\/\/api.w.org\/{rel}","templated":true}]}}