{"id":32030,"date":"2024-07-07T13:19:40","date_gmt":"2024-07-07T11:19:40","guid":{"rendered":"https:\/\/koussikou.ch\/?post_type=product&#038;p=32030"},"modified":"2025-04-08T18:50:14","modified_gmt":"2025-04-08T16:50:14","slug":"curli-vest-harness-merino","status":"publish","type":"product","link":"https:\/\/koussikou.ch\/de\/produkt\/curli-vest-harness-merino\/","title":{"rendered":"Curli &#8211; Vest Harness Merino"},"content":{"rendered":"<div data-elementor-type=\"wp-post\" data-elementor-id=\"32030\" class=\"elementor elementor-32030\">\n\t\t\t\t<div class=\"wd-negative-gap elementor-element elementor-element-49414ba e-flex e-con-boxed e-con e-parent\" data-id=\"49414ba\" data-element_type=\"container\" data-e-type=\"container\">\n\t\t\t\t\t<div class=\"e-con-inner\">\n\t\t\t\t<div class=\"elementor-element elementor-element-2802a2f1 color-scheme-inherit text-left elementor-widget elementor-widget-text-editor\" data-id=\"2802a2f1\" data-element_type=\"widget\" data-e-type=\"widget\" data-widget_type=\"text-editor.default\">\n\t\t\t\t<div class=\"elementor-widget-container\">\n\t\t\t\t\t\t\t\t\t<p>Erleben Sie das Nonplusultra an Komfort und Nachhaltigkeit mit dem <strong><span style=\"color: #83c735;\">Merino Curli Vest Harness<\/span><\/strong>. Dieses innovative Hundegeschirr kombiniert die nat\u00fcrlichen Vorteile von <strong>geruchsneutrale Merinowolle<\/strong> mit perfektionierter Spannungsverteilung f\u00fcr einen sicheren und bequemen Sitz. Das Vest Harness Merino wurde f\u00fcr verantwortungsbewusste Tierhalter entwickelt und verf\u00fcgt \u00fcber gekreuzte Nylongurte, die nahtlos in das Geschirr integriert sind und Ihrem pelzigen Freund optimalen Halt und Bewegungsfreiheit bieten.<\/p><p>\u2714 <strong>Nat\u00fcrliches Merinowollfutter<\/strong> gepolstert mit leichtem, atmungsaktiven Air-Mesh Aussenmateria<br \/>\u2714 Entwickelt keine Ger\u00fcche und isoliert gleichermassen gut bei K\u00e4lte und Hitze<br \/>\u2714 Komfortables, stressfreies Anleinen<br \/>\u2714 Hochfestes <strong>\u2714 Ultraleichtgewicht<\/strong><\/p><blockquote><h5><strong>3-D COMFORT FIT<\/strong><\/h5><\/blockquote><p>\u2714 Perfektionierte Zugverteilung dank in den N\u00e4hten des Geschirrs eingearbeiteter B\u00e4nder und h\u00f6her liegender Zugaufnahme<br \/>\u2714 Zick-Zack-N\u00e4hte f\u00fcr flexible Zugverteilung<br \/>\u2714 Gr\u00f6ssenverstellbar mit Klettverschluss zum Anpassen an die K\u00f6rperform<br \/>\u2714 Unterf\u00fctterte Schnalle und somit keine Druckstellen<\/p><blockquote><h5>SAFETY<\/h5><\/blockquote><p>\u2714 <strong>Reflektierende Elemente<\/strong> am Hals; zus\u00e4tzliche Sicherheit in der Dunkelheit<br \/>\u2714 DogFinder ID, damit Sie Ihren Hund wiederfinden, falls er verloren geht<\/p>\t\t\t\t\t\t\t\t<\/div>\n\t\t\t\t<\/div>\n\t\t\t\t\t<\/div>\n\t\t\t\t<\/div>\n\t\t<div class=\"wd-negative-gap elementor-element elementor-element-58ec469 e-flex e-con-boxed e-con e-parent\" data-id=\"58ec469\" data-element_type=\"container\" data-e-type=\"container\">\n\t\t\t\t\t<div class=\"e-con-inner\">\n\t\t\t\t<div class=\"elementor-element elementor-element-eb26d21 elementor-widget elementor-widget-spacer\" data-id=\"eb26d21\" data-element_type=\"widget\" data-e-type=\"widget\" data-widget_type=\"spacer.default\">\n\t\t\t\t<div class=\"elementor-widget-container\">\n\t\t\t\t\t\t\t<div class=\"elementor-spacer\">\n\t\t\t<div class=\"elementor-spacer-inner\"><\/div>\n\t\t<\/div>\n\t\t\t\t\t\t<\/div>\n\t\t\t\t<\/div>\n\t\t\t\t<div class=\"elementor-element elementor-element-82a9ea7 elementor-widget elementor-widget-wd_infobox\" data-id=\"82a9ea7\" data-element_type=\"widget\" data-e-type=\"widget\" data-widget_type=\"wd_infobox.default\">\n\t\t\t\t<div class=\"elementor-widget-container\">\n\t\t\t\t\t\t\t<div class=\"info-box-wrapper\">\n\t\t\t<div class=\"wd-info-box text-center box-icon-align-top box-style-base color-scheme-\">\n\t\t\t\t\t\t\t\t\t<div class=\"box-icon-wrapper  box-with-icon box-icon-simple\">\n\t\t\t\t\t\t<div class=\"info-box-icon\">\n\t\t\t\t\t\t\t\t\t\t\t\t\t\t\t<img loading=\"lazy\" decoding=\"async\" width=\"150\" height=\"150\" src=\"https:\/\/koussikou.ch\/wp-content\/uploads\/2024\/06\/curli-Dog-Harness-dogfinder-tag-personal-serialnumber-150x150.webp\" class=\"attachment-thumbnail size-thumbnail\" alt=\"\" \/>\t\t\t\t\t\t\t\t\t\t\t\t\t<\/div>\n\t\t\t\t\t<\/div>\n\t\t\t\t\n\t\t\t\t<div class=\"info-box-content\">\n\t\t\t\t\t\t\t\t\t\t\t\n\t\t\t\t\t\t<div class=\"info-box-subtitle subtitle-color-default subtitle-style-default wd-fontsize-xs\"\n\t\t\t\t\t\t\t  data-elementor-setting-key=\"subtitle\">\n\t\t\t\t\t\t\tDie Dogfinder-ID ist in jedem curli Harness integriert.\t\t\t\t\t\t<\/div>\n\t\t\t\t\t\n\t\t\t\t\t\t\t\t\t\t\t<h4\t\t\t\t\t\tclass=\"info-box-title title box-title-style-default wd-fontsize-m\" data-elementor-setting-key=\"title\">\n\t\t\t\t\t\t\t\tDogfinder ID\t\t\t\t\t\t<\/h4>\n\t\t\t\t\t\n\t\t\t\t\t<div class=\"info-box-inner reset-last-child\"data-elementor-setting-key=\"content\"><p style=\"text-align: center;\">Die Dogfinder-ID ist in jedem curli Harness integriert.\nSie hilft, einen entlaufenen Hund schneller wiederzufinden.\nDer curli-Dogfinder bietet Hundehaltern die M\u00f6glichkeit,\neinen Hund in einer zentralen Datenbank zu erfassen, so\ndass entlaufene Hunde leicht identifiziert werden k\u00f6nnen.<\/p>\n<\/div>\n\n\t\t\t\t\t\t\t\t\t<\/div>\n\n\t\t\t\t\t\t\t<\/div>\n\t\t<\/div>\n\t\t\t\t\t\t<\/div>\n\t\t\t\t<\/div>\n\t\t\t\t\t<\/div>\n\t\t\t\t<\/div>\n\t\t\t\t<\/div>","protected":false},"excerpt":{"rendered":"<p>Entdecken Sie das Curli Vest Harness Merino Odor Resistant: das ultimative Hundegeschirr f\u00fcr alle Jahreszeiten. Es ist aus hochwertiger Merinowolle gefertigt und bietet eine nat\u00fcrliche Temperaturregulierung an kalten und warmen Tagen.<\/p>","protected":false},"featured_media":32041,"template":"","meta":[],"product_brand":[],"product_cat":[42,95,131],"product_tag":[],"class_list":{"0":"post-32030","1":"product","2":"type-product","3":"status-publish","4":"has-post-thumbnail","6":"product_cat-all","7":"product_cat-dogs","8":"product_cat-travel-walk-dogs","10":"first","11":"instock","12":"sale","13":"shipping-taxable","14":"purchasable","15":"product-type-variable"},"_links":{"self":[{"href":"https:\/\/koussikou.ch\/de\/wp-json\/wp\/v2\/product\/32030","targetHints":{"allow":["GET"]}}],"collection":[{"href":"https:\/\/koussikou.ch\/de\/wp-json\/wp\/v2\/product"}],"about":[{"href":"https:\/\/koussikou.ch\/de\/wp-json\/wp\/v2\/types\/product"}],"version-history":[{"count":2,"href":"https:\/\/koussikou.ch\/de\/wp-json\/wp\/v2\/product\/32030\/revisions"}],"predecessor-version":[{"id":32505,"href":"https:\/\/koussikou.ch\/de\/wp-json\/wp\/v2\/product\/32030\/revisions\/32505"}],"wp:featuredmedia":[{"embeddable":true,"href":"https:\/\/koussikou.ch\/de\/wp-json\/wp\/v2\/media\/32041"}],"wp:attachment":[{"href":"https:\/\/koussikou.ch\/de\/wp-json\/wp\/v2\/media?parent=32030"}],"wp:term":[{"taxonomy":"product_brand","embeddable":true,"href":"https:\/\/koussikou.ch\/de\/wp-json\/wp\/v2\/product_brand?post=32030"},{"taxonomy":"product_cat","embeddable":true,"href":"https:\/\/koussikou.ch\/de\/wp-json\/wp\/v2\/product_cat?post=32030"},{"taxonomy":"product_tag","embeddable":true,"href":"https:\/\/koussikou.ch\/de\/wp-json\/wp\/v2\/product_tag?post=32030"}],"curies":[{"name":"wp","href":"https:\/\/api.w.org\/{rel}","templated":true}]}}