{"id":32241,"date":"2024-07-27T21:57:25","date_gmt":"2024-07-27T19:57:25","guid":{"rendered":"https:\/\/koussikou.ch\/?post_type=product&#038;p=32241"},"modified":"2024-07-28T12:48:38","modified_gmt":"2024-07-28T10:48:38","slug":"bowl-bone-republic-chill-mat","status":"publish","type":"product","link":"https:\/\/koussikou.ch\/de\/produkt\/bowl-bone-republic-chill-mat\/","title":{"rendered":"Bowl &#038; Bone Republic &#8211; Chill Mat"},"content":{"rendered":"<div data-elementor-type=\"wp-post\" data-elementor-id=\"32241\" class=\"elementor elementor-32241\">\n\t\t\t\t<div class=\"wd-negative-gap elementor-element elementor-element-99edbc9 e-flex e-con-boxed e-con e-parent\" data-id=\"99edbc9\" data-element_type=\"container\" data-e-type=\"container\">\n\t\t\t\t\t<div class=\"e-con-inner\">\n\t\t\t\t<div class=\"elementor-element elementor-element-27491523 color-scheme-inherit text-left elementor-widget elementor-widget-text-editor\" data-id=\"27491523\" data-element_type=\"widget\" data-e-type=\"widget\" data-widget_type=\"text-editor.default\">\n\t\t\t\t<div class=\"elementor-widget-container\">\n\t\t\t\t\t\t\t\t\t<p>Der <strong><span style=\"color: #83b735;\">CHILL<\/span><\/strong> mat ist die perfekte Mischung aus Komfort und Stil f\u00fcr Ihren pelzigen Begleiter. Entworfen mit einer weichen, pl\u00fcschigen Oberfl\u00e4che, bietet diese Matte Ihrem Hund einen gem\u00fctlichen R\u00fcckzugsort zum Entspannen und Auftanken. Die schicke Farbe passt zu jeder Einrichtung, w\u00e4hrend das strapazierf\u00e4hige und leicht zu reinigende Gewebe eine lange Nutzungsdauer garantiert.<\/p><p>Ob zum Schlafen oder Faulenzen, diese Matte bietet Ihrem Hund einen sicheren und einladenden Ort, an dem er sich wohlf\u00fchlt.<\/p><p>Die Chill Dog Mat ist die beste Wahl f\u00fcr <strong>die jungen Welpen,<\/strong> die ihre Komfortzone suchen, und auch f\u00fcr <strong>ausgewachsene Hunde, <\/strong>die aufgrund von Altersproblemen wie Gelenkschmerzen besondere Pflege ben\u00f6tigen.<strong> \ud83d\udc36\ud83d\udca4<\/strong><\/p><blockquote><h5>FEATURES<\/h5><\/blockquote><p>\u2714 aus besonders hochwertigen, hundefreundlichen Materialien gefertigt<br \/>\u2714 kompakte Gr\u00f6\u00dfe, handlich, leicht zu transportieren<br \/>\u2714 abnehmbare H\u00fclle mit Rei\u00dfverschluss<br \/>\u2714 M\u00f6glichkeit, den Teppichbezug mit der Hand oder in einer Waschmaschine zu waschen<\/p><p>G\u00f6nnen Sie Ihrem Haustier den Komfort, den es verdient, mit der Hundematte CHILL!<\/p>\t\t\t\t\t\t\t\t<\/div>\n\t\t\t\t<\/div>\n\t\t\t\t\t<\/div>\n\t\t\t\t<\/div>\n\t\t<div class=\"elementor-element elementor-element-a9fd9ca e-grid e-con-boxed e-con e-parent\" data-id=\"a9fd9ca\" data-element_type=\"container\" data-e-type=\"container\">\n\t\t\t\t\t<div class=\"e-con-inner\">\n\t\t\t\t<div class=\"elementor-element elementor-element-8d3e644 elementor-widget elementor-widget-wd_text_block\" data-id=\"8d3e644\" data-element_type=\"widget\" data-e-type=\"widget\" data-widget_type=\"wd_text_block.default\">\n\t\t\t\t<div class=\"elementor-widget-container\">\n\t\t\t\t\t\t\t<div class=\"wd-text-block reset-last-child text-left\">\n\t\t\t\n\t\t\t<blockquote><p style=\"text-align: center;\"><span style=\"color: #83b735;\"><strong>M<\/strong><\/span>\u00a0Gr\u00f6\u00dfe<br \/>80cm x 60cm x 5cm<\/p><\/blockquote>\n\t\t\t\t\t<\/div>\n\t\t\t\t\t\t<\/div>\n\t\t\t\t<\/div>\n\t\t\t\t<div class=\"elementor-element elementor-element-42c9f30 elementor-widget elementor-widget-wd_text_block\" data-id=\"42c9f30\" data-element_type=\"widget\" data-e-type=\"widget\" data-widget_type=\"wd_text_block.default\">\n\t\t\t\t<div class=\"elementor-widget-container\">\n\t\t\t\t\t\t\t<div class=\"wd-text-block reset-last-child text-left\">\n\t\t\t\n\t\t\t<blockquote><p style=\"text-align: center;\"><span style=\"color: #83b735;\"><strong>L<\/strong><\/span>\u00a0Gr\u00f6\u00dfe<br \/>100cm x 70cm x 5cm<\/p><\/blockquote>\n\t\t\t\t\t<\/div>\n\t\t\t\t\t\t<\/div>\n\t\t\t\t<\/div>\n\t\t\t\t\t<\/div>\n\t\t\t\t<\/div>\n\t\t\t\t<\/div>","protected":false},"excerpt":{"rendered":"<p>Ver\u00e4ndern Sie den Entspannungsort Ihres Hundes mit der CHILL Hundematte von Bowl &amp; Bone Republic! Diese kuschelige Schaumstoffmatte garantiert Ihrem pelzigen Freund einen erholsamen Schlaf und ein Gef\u00fchl der Geborgenheit und ist somit ein unverzichtbarer Teil seines Lebens zu Hause<\/p>","protected":false},"featured_media":32254,"template":"","meta":[],"product_brand":[],"product_cat":[42,95,130],"product_tag":[],"class_list":{"0":"post-32241","1":"product","2":"type-product","3":"status-publish","4":"has-post-thumbnail","6":"product_cat-all","7":"product_cat-dogs","8":"product_cat-sleep-relax-dogs","10":"first","11":"instock","12":"shipping-taxable","13":"purchasable","14":"product-type-variable"},"_links":{"self":[{"href":"https:\/\/koussikou.ch\/de\/wp-json\/wp\/v2\/product\/32241","targetHints":{"allow":["GET"]}}],"collection":[{"href":"https:\/\/koussikou.ch\/de\/wp-json\/wp\/v2\/product"}],"about":[{"href":"https:\/\/koussikou.ch\/de\/wp-json\/wp\/v2\/types\/product"}],"version-history":[{"count":10,"href":"https:\/\/koussikou.ch\/de\/wp-json\/wp\/v2\/product\/32241\/revisions"}],"predecessor-version":[{"id":32284,"href":"https:\/\/koussikou.ch\/de\/wp-json\/wp\/v2\/product\/32241\/revisions\/32284"}],"wp:featuredmedia":[{"embeddable":true,"href":"https:\/\/koussikou.ch\/de\/wp-json\/wp\/v2\/media\/32254"}],"wp:attachment":[{"href":"https:\/\/koussikou.ch\/de\/wp-json\/wp\/v2\/media?parent=32241"}],"wp:term":[{"taxonomy":"product_brand","embeddable":true,"href":"https:\/\/koussikou.ch\/de\/wp-json\/wp\/v2\/product_brand?post=32241"},{"taxonomy":"product_cat","embeddable":true,"href":"https:\/\/koussikou.ch\/de\/wp-json\/wp\/v2\/product_cat?post=32241"},{"taxonomy":"product_tag","embeddable":true,"href":"https:\/\/koussikou.ch\/de\/wp-json\/wp\/v2\/product_tag?post=32241"}],"curies":[{"name":"wp","href":"https:\/\/api.w.org\/{rel}","templated":true}]}}