{"id":32326,"date":"2024-08-08T13:35:22","date_gmt":"2024-08-08T11:35:22","guid":{"rendered":"https:\/\/koussikou.ch\/?post_type=product&#038;p=32326"},"modified":"2024-08-08T14:12:46","modified_gmt":"2024-08-08T12:12:46","slug":"freezack-dry-and-cool-towel","status":"publish","type":"product","link":"https:\/\/koussikou.ch\/de\/produkt\/freezack-dry-and-cool-towel\/","title":{"rendered":"Freezack \u2013 Dry and Cool Towel"},"content":{"rendered":"<p>Dieses <strong><span style=\"color: #83b735;\">Freezack Tuch dry &amp; cool<\/span><\/strong> ist extrem saugf\u00e4hig. Es eignet sich sehr gut, um Ihren Hund abzutrocknen und ist nach dem Auswringen sofort wieder aufnahmef\u00e4hig Vollgesogen mit Wasser dient es Ihrem Hund im Sommer auch als wunderbare Abk\u00fchlung.<\/p>\n<p>Sp\u00fclen Sie das Tuch vor dem ersten Gebrauch gr\u00fbndlich aus. Bewahren Sie es anschliessend im feuchten Zustand in der Dose auf.<\/p>\n<p>\ud83d\udca7 Nach dem Schimmen, Baden oder nach dem Spaziergang im Regen.<\/p>\n<p>\u2744\ufe0f Zum Abk\u00fchlen bei heissem Wetter<\/p>\n<p>&nbsp;<\/p>","protected":false},"excerpt":{"rendered":"<p>Das Freezack Dry and Cool Towel wurde entwickelt, um Ihren Hund schnell abzutrocknen. Dieses vielseitige Handtuch aus hochwertigem, saugf\u00e4higem Material ist perfekt f\u00fcr Outdoor-Abenteuer, Strandausfl\u00fcge oder einfach nur zum Faulenzen zu Hause. Bleiben Sie k\u00fchl und trocken mit Freezack!<\/p>","protected":false},"featured_media":32327,"template":"","meta":[],"product_brand":[],"product_cat":[42,95,131],"product_tag":[],"class_list":{"0":"post-32326","1":"product","2":"type-product","3":"status-publish","4":"has-post-thumbnail","6":"product_cat-all","7":"product_cat-dogs","8":"product_cat-travel-walk-dogs","10":"first","11":"instock","12":"shipping-taxable","13":"purchasable","14":"product-type-variable"},"_links":{"self":[{"href":"https:\/\/koussikou.ch\/de\/wp-json\/wp\/v2\/product\/32326","targetHints":{"allow":["GET"]}}],"collection":[{"href":"https:\/\/koussikou.ch\/de\/wp-json\/wp\/v2\/product"}],"about":[{"href":"https:\/\/koussikou.ch\/de\/wp-json\/wp\/v2\/types\/product"}],"version-history":[{"count":2,"href":"https:\/\/koussikou.ch\/de\/wp-json\/wp\/v2\/product\/32326\/revisions"}],"predecessor-version":[{"id":32334,"href":"https:\/\/koussikou.ch\/de\/wp-json\/wp\/v2\/product\/32326\/revisions\/32334"}],"wp:featuredmedia":[{"embeddable":true,"href":"https:\/\/koussikou.ch\/de\/wp-json\/wp\/v2\/media\/32327"}],"wp:attachment":[{"href":"https:\/\/koussikou.ch\/de\/wp-json\/wp\/v2\/media?parent=32326"}],"wp:term":[{"taxonomy":"product_brand","embeddable":true,"href":"https:\/\/koussikou.ch\/de\/wp-json\/wp\/v2\/product_brand?post=32326"},{"taxonomy":"product_cat","embeddable":true,"href":"https:\/\/koussikou.ch\/de\/wp-json\/wp\/v2\/product_cat?post=32326"},{"taxonomy":"product_tag","embeddable":true,"href":"https:\/\/koussikou.ch\/de\/wp-json\/wp\/v2\/product_tag?post=32326"}],"curies":[{"name":"wp","href":"https:\/\/api.w.org\/{rel}","templated":true}]}}