{"id":32335,"date":"2024-08-08T18:25:15","date_gmt":"2024-08-08T16:25:15","guid":{"rendered":"https:\/\/koussikou.ch\/?post_type=product&#038;p=32335"},"modified":"2024-08-16T13:31:34","modified_gmt":"2024-08-16T11:31:34","slug":"kong-puppy","status":"publish","type":"product","link":"https:\/\/koussikou.ch\/de\/produkt\/kong-puppy\/","title":{"rendered":"Kong &#8211; Puppy"},"content":{"rendered":"<p>Der <strong><span style=\"color: #83b735;\">Puppy Kong<\/span><\/strong> ist ein personalisiertes Hundespielzeug <strong>f\u00fcr die Milchz\u00e4hne eines heranwachsenden Welpen<\/strong>. Die einzigartige Formel aus Naturkautschuk ist die sanfteste. Sie ist auf die Bed\u00fcrfnisse der 28-Baby-Z\u00e4hne eines Welpen abgestimmt und hilft dabei, ein angemessenes Kauverhalten zu erlernen. Gleichzeitig bietet sie eine Bereicherung und befriedigt die instinktiven Bed\u00fcrfnisse eines j\u00fcngeren Welpen, w\u00e4hrend die unregelm\u00e4\u00dfige Sprungkraft sie ideal f\u00fcr Welpen macht, die einfach nur spielen wollen.<\/p>\n<p>Der mit Snacks gef\u00fcllte Puppy Kong besch\u00e4ftigt die Welpen und erm\u00f6glicht es den Tiereltern gleichzeitig, auf die besonderen Bed\u00fcrfnisse der Welpen einzugehen. M\u00f6chten Sie das Lernen mit dem K\u00e4fig erleichtern oder die Spielzeit verl\u00e4ngern? Vergessen Sie nicht, ihn z. B. mit Welpenfutter zu f\u00fcllen.<\/p>\n<p>\u2714 Lehrt das richtige Kauverhalten und bietet eine geistige Bereicherung<br \/>\n\u2714 Unberechenbare Sprungkraft f\u00fcr Apportierspiele<br \/>\n\u2714 Empfohlen von Tier\u00e4rzten und Trainern weltweit<br \/>\n\u2714 Ideal zum F\u00fcllen mit Leckereien oder Snacks<br \/>\n\u2714 Die weiche KONG-Gummiformel f\u00fcr Welpen ist speziell auf die Z\u00e4hne und das Zahnfleisch von Welpen abgestimmt<br \/>\n\u2714 Nat\u00fcrlicher Kautschuk<\/p>\n<p>Halten Sie Ihren Welpen bei Laune und besch\u00e4ftigen Sie ihn mit Kong - hier trifft Spielzeit auf Welpenpflege!<\/p>\n<blockquote>\n<h5>Size Guide:<\/h5>\n<\/blockquote>\n<p>\ud83d\udc3e XS : Extra Small geeignet f\u00fcr bis zu 2kg<\/p>\n<p>\ud83d\udc36 S : Klein geeignet f\u00fcr bis zu 9kg<\/p>\n<p>\ud83d\udc15 M : Medium geeignet f\u00fcr 7 bis 16kg<\/p>","protected":false},"excerpt":{"rendered":"<p>Das Kong Puppy Spielzeug wurde f\u00fcr heranwachsende Welpen entwickelt und besteht aus weichem, strapazierf\u00e4higem Gummi, das wundes Zahnfleisch beruhigt und gesunde Kaugewohnheiten f\u00f6rdert. Dieses Spielzeug ist ideal f\u00fcr die mentale Stimulation, das Training in der Kiste und den Abbau von Trennungsangst und kann f\u00fcr zus\u00e4tzlichen Spa\u00df mit Leckereien gef\u00fcllt werden.<\/p>","protected":false},"featured_media":32351,"template":"","meta":[],"product_brand":[],"product_cat":[95,53],"product_tag":[],"class_list":{"0":"post-32335","1":"product","2":"type-product","3":"status-publish","4":"has-post-thumbnail","6":"product_cat-dogs","7":"product_cat-toys-dogs","9":"first","10":"instock","11":"shipping-taxable","12":"purchasable","13":"product-type-variable"},"_links":{"self":[{"href":"https:\/\/koussikou.ch\/de\/wp-json\/wp\/v2\/product\/32335","targetHints":{"allow":["GET"]}}],"collection":[{"href":"https:\/\/koussikou.ch\/de\/wp-json\/wp\/v2\/product"}],"about":[{"href":"https:\/\/koussikou.ch\/de\/wp-json\/wp\/v2\/types\/product"}],"version-history":[{"count":9,"href":"https:\/\/koussikou.ch\/de\/wp-json\/wp\/v2\/product\/32335\/revisions"}],"predecessor-version":[{"id":32471,"href":"https:\/\/koussikou.ch\/de\/wp-json\/wp\/v2\/product\/32335\/revisions\/32471"}],"wp:featuredmedia":[{"embeddable":true,"href":"https:\/\/koussikou.ch\/de\/wp-json\/wp\/v2\/media\/32351"}],"wp:attachment":[{"href":"https:\/\/koussikou.ch\/de\/wp-json\/wp\/v2\/media?parent=32335"}],"wp:term":[{"taxonomy":"product_brand","embeddable":true,"href":"https:\/\/koussikou.ch\/de\/wp-json\/wp\/v2\/product_brand?post=32335"},{"taxonomy":"product_cat","embeddable":true,"href":"https:\/\/koussikou.ch\/de\/wp-json\/wp\/v2\/product_cat?post=32335"},{"taxonomy":"product_tag","embeddable":true,"href":"https:\/\/koussikou.ch\/de\/wp-json\/wp\/v2\/product_tag?post=32335"}],"curies":[{"name":"wp","href":"https:\/\/api.w.org\/{rel}","templated":true}]}}