{"id":32562,"date":"2024-08-14T20:57:41","date_gmt":"2024-08-14T18:57:41","guid":{"rendered":"https:\/\/koussikou.ch\/?post_type=product&#038;p=32562"},"modified":"2025-07-15T12:41:24","modified_gmt":"2025-07-15T10:41:24","slug":"kong-h2o-dog-water-bottle","status":"publish","type":"product","link":"https:\/\/koussikou.ch\/de\/produkt\/kong-h2o-dog-water-bottle\/","title":{"rendered":"Kong &#8211; H2O Dog Water Bottle"},"content":{"rendered":"<p>Hydratisieren Sie Ihren Hund unterwegs mit <strong><span style=\"color: #83b735;\">Kong H2O Dog Water Bottle<\/span><\/strong>! Crafted from durable, food-grade stainless steel, this stylish and functional bottle is designed for adventurous pet owners who love to explore the great outdoors with their canine companions.<\/p>\n<blockquote>\n<h5>Wesentliche Merkmale<\/h5>\n<\/blockquote>\n<p>Gro\u00dfz\u00fcgiges Fassungsverm\u00f6gen: Mit einem Fassungsverm\u00f6gen von 740 ml bietet diese Flasche ausreichend Wasser f\u00fcr Ihren Hund bei langen Spazierg\u00e4ngen, Wanderungen oder Ausfl\u00fcgen in den Park.<\/p>\n<blockquote>\n<h5><strong>Innovatives Design<\/strong><\/h5>\n<\/blockquote>\n<p>Die Kong H2O Bottle verf\u00fcgt \u00fcber eine integrierte Reiseschale, die es Ihnen erm\u00f6glicht, Ihrem Haustier ganz einfach Wasser zu geben, ohne dass Sie zus\u00e4tzliches Zubeh\u00f6r ben\u00f6tigen. Schrauben Sie einfach den Deckel ab und lassen Sie Ihren Welpen bequem trinken!<\/p>\n<blockquote>\n<h5><strong>Langlebig und sicher<\/strong><\/h5>\n<\/blockquote>\n<p>Diese Flasche aus hochwertigem, lebensmittelechtem Edelstahl ist so konzipiert, dass sie den Strapazen von Outdoor-Abenteuern standh\u00e4lt und gleichzeitig die Sicherheit Ihres Haustiers gew\u00e4hrleistet. Sie ist au\u00dferdem BPA- und phthalatfrei und damit eine gesunde Wahl f\u00fcr Ihren pelzigen Freund.<\/p>\n<blockquote>\n<h5><strong>Leicht zu transportieren<\/strong><\/h5>\n<\/blockquote>\n<p>Dank seines geringen Gewichts und seiner praktischen Gr\u00f6\u00dfe l\u00e4sst er sich leicht im Rucksack verstauen oder an der Leine befestigen, so dass Sie auch unterwegs immer mit Fl\u00fcssigkeit versorgt sind.<br \/>\nStilvoll und funktionell: Die Kong H2O Hundetr\u00e4nkeflasche ist in leuchtenden Farben erh\u00e4ltlich und verbindet Stil mit Funktionalit\u00e4t, was sie zu einem unverzichtbaren Accessoire f\u00fcr jeden Tierhalter macht.<\/p>\n<blockquote>\n<h5><strong>Warum Kong H2O w\u00e4hlen?<\/strong><\/h5>\n<\/blockquote>\n<p>Die H2O Dog Water Bottle ist eine zuverl\u00e4ssige L\u00f6sung, um Ihren Hund bei all Ihren gemeinsamen Abenteuern mit Fl\u00fcssigkeit zu versorgen.<\/p>\n<p>Egal, ob Sie wandern, campen oder einfach nur einen Tag im Park genie\u00dfen, die Kong H2O Hundewasserflasche sorgt daf\u00fcr, dass Ihr geliebter Vierbeiner erfrischt und gl\u00fccklich bleibt.<\/p>","protected":false},"excerpt":{"rendered":"<p>Mit der Kong H2O Hundewasserflasche hat Ihr Hund auch unterwegs immer genug zu trinken! Diese strapazierf\u00e4hige Edelstahlflasche verf\u00fcgt \u00fcber eine integrierte Reiseschale und fasst 740 ml Wasser, was sie perfekt f\u00fcr Wanderungen, Spazierg\u00e4nge und Outdoor-Abenteuer macht. Sie ist BPA-frei und stilvoll - die ultimative Trinkl\u00f6sung f\u00fcr aktive Haustiere!<\/p>","protected":false},"featured_media":32565,"template":"","meta":[],"product_brand":[],"product_cat":[42,95,131],"product_tag":[],"class_list":{"0":"post-32562","1":"product","2":"type-product","3":"status-publish","4":"has-post-thumbnail","6":"product_cat-all","7":"product_cat-dogs","8":"product_cat-travel-walk-dogs","10":"first","11":"instock","12":"shipping-taxable","13":"purchasable","14":"product-type-variable"},"_links":{"self":[{"href":"https:\/\/koussikou.ch\/de\/wp-json\/wp\/v2\/product\/32562","targetHints":{"allow":["GET"]}}],"collection":[{"href":"https:\/\/koussikou.ch\/de\/wp-json\/wp\/v2\/product"}],"about":[{"href":"https:\/\/koussikou.ch\/de\/wp-json\/wp\/v2\/types\/product"}],"version-history":[{"count":7,"href":"https:\/\/koussikou.ch\/de\/wp-json\/wp\/v2\/product\/32562\/revisions"}],"predecessor-version":[{"id":32587,"href":"https:\/\/koussikou.ch\/de\/wp-json\/wp\/v2\/product\/32562\/revisions\/32587"}],"wp:featuredmedia":[{"embeddable":true,"href":"https:\/\/koussikou.ch\/de\/wp-json\/wp\/v2\/media\/32565"}],"wp:attachment":[{"href":"https:\/\/koussikou.ch\/de\/wp-json\/wp\/v2\/media?parent=32562"}],"wp:term":[{"taxonomy":"product_brand","embeddable":true,"href":"https:\/\/koussikou.ch\/de\/wp-json\/wp\/v2\/product_brand?post=32562"},{"taxonomy":"product_cat","embeddable":true,"href":"https:\/\/koussikou.ch\/de\/wp-json\/wp\/v2\/product_cat?post=32562"},{"taxonomy":"product_tag","embeddable":true,"href":"https:\/\/koussikou.ch\/de\/wp-json\/wp\/v2\/product_tag?post=32562"}],"curies":[{"name":"wp","href":"https:\/\/api.w.org\/{rel}","templated":true}]}}