{"id":32693,"date":"2025-04-07T15:16:42","date_gmt":"2025-04-07T13:16:42","guid":{"rendered":"https:\/\/koussikou.ch\/?post_type=product&#038;p=32693"},"modified":"2025-04-08T13:55:31","modified_gmt":"2025-04-08T11:55:31","slug":"all-for-paws-cool-dog-mat","status":"publish","type":"product","link":"https:\/\/koussikou.ch\/de\/produkt\/all-for-paws-cool-dog-mat\/","title":{"rendered":"All for Paws &#8211; Cool Dog Mat"},"content":{"rendered":"<p>Der <strong><span style=\"color: #83b735;\">Always Cool Dog Mat<\/span><\/strong> bietet Ihrem Hund einen Platz zum Ausruhen und Erfrischen an hei\u00dfen Sommertagen \u2600\ufe0f. Die Always Cool Dog Mat wird bis zu 3-4 Stunden kontinuierlicher Nutzung k\u00fchler (\u2744\ufe0f 10 bis 15\u00b0) als die Umgebung sein. Um sie wieder zu k\u00fchlen, lassen Sie die Matte einfach f\u00fcr eine kurze Zeit unbenutzt, und das Gel wird sich automatisch wieder abk\u00fchlen.<\/p>\n<blockquote>\n<h5><span style=\"color: #83b735;\">Eigenschaften<\/span><\/h5>\n<\/blockquote>\n<p>\u2714 K\u00fchl und bequem<\/p>\n<p>\u2714 Reguliert die K\u00f6rpertemperatur Ihres Hundes und reduziert somit das Risiko einer \u00dcberhitzung<\/p>\n<p>\u2714 Kompatibel mit Kisten und Zwingern<\/p>\n<p>\u2714 Einfach zu falten<\/p>\n<p>\u2714 Tragbar beim Reisen<\/p>\n<p>\u2714 Einfach zu benutzen und einfach abzuwischen<\/p>\n<p>\u2714 Im Winter lagern, um die Lebensdauer des Produkts zu verl\u00e4ngern<\/p>\n<p>\u2714 M &#8211; 50 x 40 cm<\/p>\n<p>Nicht in direkter Sonne, Hitze oder hei\u00dfer Luft lassen, da dies die Leistung der K\u00fchlmatte f\u00fcr Hunde beeintr\u00e4chtigen wird.<\/p>","protected":false},"excerpt":{"rendered":"<p>Entspannen Sie sich! und halten Sie Ihren Hund k\u00fchl! mit der Always Cool Dog Mat, gef\u00fcllt mit k\u00fchlendem Gel \ud83d\udca7<\/p>","protected":false},"featured_media":32696,"template":"","meta":[],"product_brand":[],"product_cat":[42,95,130,131],"product_tag":[],"class_list":{"0":"post-32693","1":"product","2":"type-product","3":"status-publish","4":"has-post-thumbnail","6":"product_cat-all","7":"product_cat-dogs","8":"product_cat-sleep-relax-dogs","9":"product_cat-travel-walk-dogs","11":"first","12":"instock","13":"shipping-taxable","14":"purchasable","15":"product-type-simple"},"_links":{"self":[{"href":"https:\/\/koussikou.ch\/de\/wp-json\/wp\/v2\/product\/32693","targetHints":{"allow":["GET"]}}],"collection":[{"href":"https:\/\/koussikou.ch\/de\/wp-json\/wp\/v2\/product"}],"about":[{"href":"https:\/\/koussikou.ch\/de\/wp-json\/wp\/v2\/types\/product"}],"version-history":[{"count":8,"href":"https:\/\/koussikou.ch\/de\/wp-json\/wp\/v2\/product\/32693\/revisions"}],"predecessor-version":[{"id":32707,"href":"https:\/\/koussikou.ch\/de\/wp-json\/wp\/v2\/product\/32693\/revisions\/32707"}],"wp:featuredmedia":[{"embeddable":true,"href":"https:\/\/koussikou.ch\/de\/wp-json\/wp\/v2\/media\/32696"}],"wp:attachment":[{"href":"https:\/\/koussikou.ch\/de\/wp-json\/wp\/v2\/media?parent=32693"}],"wp:term":[{"taxonomy":"product_brand","embeddable":true,"href":"https:\/\/koussikou.ch\/de\/wp-json\/wp\/v2\/product_brand?post=32693"},{"taxonomy":"product_cat","embeddable":true,"href":"https:\/\/koussikou.ch\/de\/wp-json\/wp\/v2\/product_cat?post=32693"},{"taxonomy":"product_tag","embeddable":true,"href":"https:\/\/koussikou.ch\/de\/wp-json\/wp\/v2\/product_tag?post=32693"}],"curies":[{"name":"wp","href":"https:\/\/api.w.org\/{rel}","templated":true}]}}