{"id":32769,"date":"2025-04-12T20:15:49","date_gmt":"2025-04-12T18:15:49","guid":{"rendered":"https:\/\/koussikou.ch\/?post_type=product&#038;p=32769"},"modified":"2025-04-12T20:20:47","modified_gmt":"2025-04-12T18:20:47","slug":"32769","status":"publish","type":"product","link":"https:\/\/koussikou.ch\/de\/produkt\/32769\/","title":{"rendered":"KONG &#8211; Pull-A-Partz Purrito"},"content":{"rendered":"<p>Der <strong><span style=\"color: #83b735;\">KONG Pull-A-Partz Purrito<\/span><\/strong> ist ein unterhaltsames, interaktives \ud83d\udc31 Katzenspielzeug, das den nat\u00fcrlichen Jagdinstinkt Ihrer Katze befriedigt. Es ist ein zwei-in-eins Spielzeug: Ein Pl\u00fcschspielzeug, gef\u00fcllt mit Katzenminze, umh\u00fcllt von einer knisternden Burrito-H\u00fclle. Katzen k\u00f6nnen den Burrito auswickeln, mit dem Pl\u00fcschspielzeug spielen und darauf springen \u2013 stundenlanger Spa\u00df garantiert! Der lange Schwanz und die B\u00e4nder sorgen f\u00fcr zus\u00e4tzliche Spannung beim Fangen-und-Tragen-Spiel.<\/p>","protected":false},"excerpt":{"rendered":"<p>The KONG Pull-A-Partz Purrito is a crinkly, catnip-filled burrito toy that keeps cats engaged with interactive fun!<\/p>","protected":false},"featured_media":32773,"template":"","meta":[],"product_brand":[],"product_cat":[42,104,105],"product_tag":[],"class_list":{"0":"post-32769","1":"product","2":"type-product","3":"status-publish","4":"has-post-thumbnail","6":"product_cat-all","7":"product_cat-cats","8":"product_cat-toys-cats","10":"first","11":"instock","12":"shipping-taxable","13":"purchasable","14":"product-type-simple"},"_links":{"self":[{"href":"https:\/\/koussikou.ch\/de\/wp-json\/wp\/v2\/product\/32769","targetHints":{"allow":["GET"]}}],"collection":[{"href":"https:\/\/koussikou.ch\/de\/wp-json\/wp\/v2\/product"}],"about":[{"href":"https:\/\/koussikou.ch\/de\/wp-json\/wp\/v2\/types\/product"}],"version-history":[{"count":4,"href":"https:\/\/koussikou.ch\/de\/wp-json\/wp\/v2\/product\/32769\/revisions"}],"predecessor-version":[{"id":32778,"href":"https:\/\/koussikou.ch\/de\/wp-json\/wp\/v2\/product\/32769\/revisions\/32778"}],"wp:featuredmedia":[{"embeddable":true,"href":"https:\/\/koussikou.ch\/de\/wp-json\/wp\/v2\/media\/32773"}],"wp:attachment":[{"href":"https:\/\/koussikou.ch\/de\/wp-json\/wp\/v2\/media?parent=32769"}],"wp:term":[{"taxonomy":"product_brand","embeddable":true,"href":"https:\/\/koussikou.ch\/de\/wp-json\/wp\/v2\/product_brand?post=32769"},{"taxonomy":"product_cat","embeddable":true,"href":"https:\/\/koussikou.ch\/de\/wp-json\/wp\/v2\/product_cat?post=32769"},{"taxonomy":"product_tag","embeddable":true,"href":"https:\/\/koussikou.ch\/de\/wp-json\/wp\/v2\/product_tag?post=32769"}],"curies":[{"name":"wp","href":"https:\/\/api.w.org\/{rel}","templated":true}]}}