{"id":32789,"date":"2025-04-13T12:07:44","date_gmt":"2025-04-13T10:07:44","guid":{"rendered":"https:\/\/koussikou.ch\/?post_type=product&#038;p=32789"},"modified":"2025-04-13T12:55:52","modified_gmt":"2025-04-13T10:55:52","slug":"all-for-paws-treat-hider-raccoon","status":"publish","type":"product","link":"https:\/\/koussikou.ch\/de\/produkt\/all-for-paws-treat-hider-raccoon\/","title":{"rendered":"All For Paws &#8211; Treat \u200bHider Raccoon"},"content":{"rendered":"<p>Der <strong><span style=\"color: #83b735;\">All For Paws Treat Tree-Hider Raccoon <\/span><\/strong>ist ein interaktives \ud83d\udc36 Hundespielzeug, das Ihren Hund besch\u00e4ftigt und geistig stimuliert. Es verf\u00fcgt \u00fcber einen Gummispender f\u00fcr Leckerlis, der Hunde dazu animiert, f\u00fcr ihre Belohnung zu arbeiten, sowie ein Pl\u00fcschwaschb\u00e4r, das versteckt werden kann und ihre nat\u00fcrlichen Jagdinstinkte anspricht.<\/p>\n<p>F\u00fcr kleine bis mittelgro\u00dfe Hunde<\/p>","protected":false},"excerpt":{"rendered":"<p>Halten Sie Ihren Hund mit dem All For Paws Treat Hider Tree-Hider Raccoon bei Laune\u2014ein unterhaltsames Puzzle-Spielzeug, das Leckerli-Belohnungen mit interaktivem Spiel kombiniert!<\/p>","protected":false},"featured_media":32821,"template":"","meta":[],"product_brand":[],"product_cat":[42,95,53],"product_tag":[],"class_list":{"0":"post-32789","1":"product","2":"type-product","3":"status-publish","4":"has-post-thumbnail","6":"product_cat-all","7":"product_cat-dogs","8":"product_cat-toys-dogs","10":"first","11":"instock","12":"shipping-taxable","13":"purchasable","14":"product-type-simple"},"_links":{"self":[{"href":"https:\/\/koussikou.ch\/de\/wp-json\/wp\/v2\/product\/32789","targetHints":{"allow":["GET"]}}],"collection":[{"href":"https:\/\/koussikou.ch\/de\/wp-json\/wp\/v2\/product"}],"about":[{"href":"https:\/\/koussikou.ch\/de\/wp-json\/wp\/v2\/types\/product"}],"version-history":[{"count":1,"href":"https:\/\/koussikou.ch\/de\/wp-json\/wp\/v2\/product\/32789\/revisions"}],"predecessor-version":[{"id":32793,"href":"https:\/\/koussikou.ch\/de\/wp-json\/wp\/v2\/product\/32789\/revisions\/32793"}],"wp:featuredmedia":[{"embeddable":true,"href":"https:\/\/koussikou.ch\/de\/wp-json\/wp\/v2\/media\/32821"}],"wp:attachment":[{"href":"https:\/\/koussikou.ch\/de\/wp-json\/wp\/v2\/media?parent=32789"}],"wp:term":[{"taxonomy":"product_brand","embeddable":true,"href":"https:\/\/koussikou.ch\/de\/wp-json\/wp\/v2\/product_brand?post=32789"},{"taxonomy":"product_cat","embeddable":true,"href":"https:\/\/koussikou.ch\/de\/wp-json\/wp\/v2\/product_cat?post=32789"},{"taxonomy":"product_tag","embeddable":true,"href":"https:\/\/koussikou.ch\/de\/wp-json\/wp\/v2\/product_tag?post=32789"}],"curies":[{"name":"wp","href":"https:\/\/api.w.org\/{rel}","templated":true}]}}