{"id":32835,"date":"2025-04-23T11:03:48","date_gmt":"2025-04-23T09:03:48","guid":{"rendered":"https:\/\/koussikou.ch\/?post_type=product&#038;p=32835"},"modified":"2025-04-23T11:12:50","modified_gmt":"2025-04-23T09:12:50","slug":"freezack-rabbit-star-blanket","status":"publish","type":"product","link":"https:\/\/koussikou.ch\/de\/produkt\/freezack-rabbit-star-blanket\/","title":{"rendered":"Freezack &#8211; Rabbit Star Blanket"},"content":{"rendered":"<p>G\u00f6nnen Sie Ihrem vierbeinigen Freund die gem\u00fctliche Umarmung eines kuscheligen Hasen! Die <strong><span style=\"color: #83b735;\">Freezack Rabbit Star Hundedecke \ud83d\udc30<\/span><\/strong> bietet doppelte Freude und Komfort, hergestellt aus einem ultraweichen Material, das Haustiere lieben \ud83d\udc95. Perfekt f\u00fcr unterwegs \ud83d\ude97, sch\u00fctzt sie Autositze und Sofas vor Schmutz und Kratzern. Der niedliche Hase mit Klettverschluss h\u00e4lt die Decke w\u00e4hrend der Fahrt sicher an Ort und Stelle und wird sp\u00e4ter zu einem kuscheligen Spielgef\u00e4hrten. Au\u00dferdem ist sie maschinenwaschbar \ud83e\uddfc und daher besonders pflegeleicht!<\/p>","protected":false},"excerpt":{"rendered":"<p>Die Freezack Rabbit Star Hundedecke ist ultraweich, sch\u00fctzend und ideal f\u00fcr unterwegs. Der kuschelige Hase mit Klettverschluss \ud83d\udc30 sorgt f\u00fcr sicheren Halt und dient sp\u00e4ter als Pl\u00fcschtier.<\/p>","protected":false},"featured_media":32838,"template":"","meta":[],"product_brand":[],"product_cat":[42,95,130,131],"product_tag":[],"class_list":{"0":"post-32835","1":"product","2":"type-product","3":"status-publish","4":"has-post-thumbnail","6":"product_cat-all","7":"product_cat-dogs","8":"product_cat-sleep-relax-dogs","9":"product_cat-travel-walk-dogs","11":"first","12":"instock","13":"sale","14":"shipping-taxable","15":"purchasable","16":"product-type-simple"},"_links":{"self":[{"href":"https:\/\/koussikou.ch\/de\/wp-json\/wp\/v2\/product\/32835","targetHints":{"allow":["GET"]}}],"collection":[{"href":"https:\/\/koussikou.ch\/de\/wp-json\/wp\/v2\/product"}],"about":[{"href":"https:\/\/koussikou.ch\/de\/wp-json\/wp\/v2\/types\/product"}],"version-history":[{"count":3,"href":"https:\/\/koussikou.ch\/de\/wp-json\/wp\/v2\/product\/32835\/revisions"}],"predecessor-version":[{"id":32840,"href":"https:\/\/koussikou.ch\/de\/wp-json\/wp\/v2\/product\/32835\/revisions\/32840"}],"wp:featuredmedia":[{"embeddable":true,"href":"https:\/\/koussikou.ch\/de\/wp-json\/wp\/v2\/media\/32838"}],"wp:attachment":[{"href":"https:\/\/koussikou.ch\/de\/wp-json\/wp\/v2\/media?parent=32835"}],"wp:term":[{"taxonomy":"product_brand","embeddable":true,"href":"https:\/\/koussikou.ch\/de\/wp-json\/wp\/v2\/product_brand?post=32835"},{"taxonomy":"product_cat","embeddable":true,"href":"https:\/\/koussikou.ch\/de\/wp-json\/wp\/v2\/product_cat?post=32835"},{"taxonomy":"product_tag","embeddable":true,"href":"https:\/\/koussikou.ch\/de\/wp-json\/wp\/v2\/product_tag?post=32835"}],"curies":[{"name":"wp","href":"https:\/\/api.w.org\/{rel}","templated":true}]}}