{"id":32852,"date":"2025-04-26T15:43:40","date_gmt":"2025-04-26T13:43:40","guid":{"rendered":"https:\/\/koussikou.ch\/?post_type=product&#038;p=32852"},"modified":"2025-04-26T15:52:16","modified_gmt":"2025-04-26T13:52:16","slug":"freezack-star-bed","status":"publish","type":"product","link":"https:\/\/koussikou.ch\/de\/produkt\/freezack-star-bed\/","title":{"rendered":"Freezack &#8211; Star Bed"},"content":{"rendered":"<p>Bieten Sie Ihrem felligen Freund einen gem\u00fctlichen und stilvollen Platz zum Ausruhen! <span style=\"color: #83b735;\"><strong>Das Freezack Star Hundebett<\/strong><\/span> Hergestellt aus weichem und bequemem Material, sorgt es f\u00fcr ein perfektes Schlaferlebnis f\u00fcr Ihr Haustier. Sein elegantes Design erg\u00e4nzt jede Wohnkultur \ud83c\udfe1 und macht es zu einer gro\u00dfartigen Erg\u00e4nzung f\u00fcr Ihren Raum. Au\u00dferdem ist es leicht zu reinigen und bei 30\u00b0C maschinenwaschbar \ud83e\uddfc.<\/p>","protected":false},"excerpt":{"rendered":"<p>Gem\u00fctliches &amp; Stilvolles Rundes Hundebett \u2b50\ud83d\udc36 Weich, elegant und leicht zu reinigen! \ud83e\uddfc Das Freezack Star Hundebett bietet ultimativen Komfort !<\/p>","protected":false},"featured_media":32855,"template":"","meta":[],"product_brand":[],"product_cat":[42,95,130],"product_tag":[],"class_list":{"0":"post-32852","1":"product","2":"type-product","3":"status-publish","4":"has-post-thumbnail","6":"product_cat-all","7":"product_cat-dogs","8":"product_cat-sleep-relax-dogs","10":"first","11":"instock","12":"sale","13":"shipping-taxable","14":"purchasable","15":"product-type-simple"},"_links":{"self":[{"href":"https:\/\/koussikou.ch\/de\/wp-json\/wp\/v2\/product\/32852","targetHints":{"allow":["GET"]}}],"collection":[{"href":"https:\/\/koussikou.ch\/de\/wp-json\/wp\/v2\/product"}],"about":[{"href":"https:\/\/koussikou.ch\/de\/wp-json\/wp\/v2\/types\/product"}],"version-history":[{"count":2,"href":"https:\/\/koussikou.ch\/de\/wp-json\/wp\/v2\/product\/32852\/revisions"}],"predecessor-version":[{"id":32857,"href":"https:\/\/koussikou.ch\/de\/wp-json\/wp\/v2\/product\/32852\/revisions\/32857"}],"wp:featuredmedia":[{"embeddable":true,"href":"https:\/\/koussikou.ch\/de\/wp-json\/wp\/v2\/media\/32855"}],"wp:attachment":[{"href":"https:\/\/koussikou.ch\/de\/wp-json\/wp\/v2\/media?parent=32852"}],"wp:term":[{"taxonomy":"product_brand","embeddable":true,"href":"https:\/\/koussikou.ch\/de\/wp-json\/wp\/v2\/product_brand?post=32852"},{"taxonomy":"product_cat","embeddable":true,"href":"https:\/\/koussikou.ch\/de\/wp-json\/wp\/v2\/product_cat?post=32852"},{"taxonomy":"product_tag","embeddable":true,"href":"https:\/\/koussikou.ch\/de\/wp-json\/wp\/v2\/product_tag?post=32852"}],"curies":[{"name":"wp","href":"https:\/\/api.w.org\/{rel}","templated":true}]}}