{"id":32893,"date":"2025-04-27T11:14:22","date_gmt":"2025-04-27T09:14:22","guid":{"rendered":"https:\/\/koussikou.ch\/?post_type=product&#038;p=32893"},"modified":"2025-05-11T11:55:36","modified_gmt":"2025-05-11T09:55:36","slug":"hoopo-globes-playballs-3x","status":"publish","type":"product","link":"https:\/\/koussikou.ch\/de\/produkt\/hoopo-globes-playballs-3x\/","title":{"rendered":"Hoopo &#8211; Globes Playballs 3x"},"content":{"rendered":"<p><strong><span style=\"color: #83b735;\">Das Hoopo Globes Set<\/span><\/strong> mit drei Spielb\u00e4llen wurde speziell entwickelt, um die nat\u00fcrlichen Instinkte von Katzen zu stimulieren und ihnen stundenlangen Spielspa\u00df zu bieten. Jeder Ball in diesem Set ist sorgf\u00e4ltig aus strapazierf\u00e4higem und robustem Sisalseil gefertigt, wodurch sie selbst intensiven Spielsitzungen standhalten. Das nat\u00fcrliche Material bietet die perfekte Textur, um die Krallen Ihrer Katze gesund und scharf zu halten.<\/p>\n<p>Dank der XL-Gr\u00f6\u00dfe k\u00f6nnen sich Katzen wie echte J\u00e4ger f\u00fchlen und die B\u00e4lle sowohl zum Spielen als auch zum Treten verwenden. Mit einem Gewicht von nur 70 Gramm pro Ball k\u00f6nnen selbst kleinere Katzen die Spielb\u00e4lle problemlos handhaben.<\/p>\n<p>Spielen und Treten vermittelt Ihrer Katze ein Gef\u00fchl von Komfort, Zufriedenheit und Entspannung \u2013 das ultimative Geschenk f\u00fcr Ihren pelzigen Freund.<\/p>\n<blockquote><p><strong><span style=\"color: #83b735;\">Wichtigste Vorteile<\/span><\/strong><\/p><\/blockquote>\n<p>\u2714 Hergestellt aus hochwertigem Sisalseil.<br \/>\n\u2714 Speziell entwickelt, um nat\u00fcrliche Instinkte zu f\u00f6rdern.<br \/>\n\u2714 Kreatives Design, passend f\u00fcr jedes Interieur.<br \/>\n\u2714 XL-Gr\u00f6\u00dfe, aber dennoch leicht.<br \/>\n\u2714 Bietet das Gef\u00fchl eines Saugkissens und eines Spielballs.<br \/>\n\u2714 Pro Set 3x unwiderstehliche Spielzeuge f\u00fcr Ihre Katze.<\/p>\n<blockquote><p><strong><span style=\"color: #83b735;\">Geeignet f\u00fcr meine Katze? \ud83d\udc08\u200d\u2b1b<\/span><\/strong><\/p><\/blockquote>\n<p>Die Globes sind f\u00fcr alle Katzen geeignet und f\u00f6rdern ihre nat\u00fcrlichen Instinkte wie Klopfen und Kneten. Dies kann helfen, Stress, Angst und Langeweile zu reduzieren.<\/p>","protected":false},"excerpt":{"rendered":"<p>Hoopo \u2013 Globes Playballs \u2013 der ultimative Spa\u00df f\u00fcr verspielte Katzen! Leicht, langlebig und f\u00fcr endloses Jagen und Schlagen entworfen. Halten Sie Ihre Katze unterhalten!<\/p>","protected":false},"featured_media":32904,"template":"","meta":[],"product_brand":[],"product_cat":[42,104,105],"product_tag":[],"class_list":{"0":"post-32893","1":"product","2":"type-product","3":"status-publish","4":"has-post-thumbnail","6":"product_cat-all","7":"product_cat-cats","8":"product_cat-toys-cats","10":"first","11":"instock","12":"shipping-taxable","13":"purchasable","14":"product-type-simple"},"_links":{"self":[{"href":"https:\/\/koussikou.ch\/de\/wp-json\/wp\/v2\/product\/32893","targetHints":{"allow":["GET"]}}],"collection":[{"href":"https:\/\/koussikou.ch\/de\/wp-json\/wp\/v2\/product"}],"about":[{"href":"https:\/\/koussikou.ch\/de\/wp-json\/wp\/v2\/types\/product"}],"version-history":[{"count":6,"href":"https:\/\/koussikou.ch\/de\/wp-json\/wp\/v2\/product\/32893\/revisions"}],"predecessor-version":[{"id":32905,"href":"https:\/\/koussikou.ch\/de\/wp-json\/wp\/v2\/product\/32893\/revisions\/32905"}],"wp:featuredmedia":[{"embeddable":true,"href":"https:\/\/koussikou.ch\/de\/wp-json\/wp\/v2\/media\/32904"}],"wp:attachment":[{"href":"https:\/\/koussikou.ch\/de\/wp-json\/wp\/v2\/media?parent=32893"}],"wp:term":[{"taxonomy":"product_brand","embeddable":true,"href":"https:\/\/koussikou.ch\/de\/wp-json\/wp\/v2\/product_brand?post=32893"},{"taxonomy":"product_cat","embeddable":true,"href":"https:\/\/koussikou.ch\/de\/wp-json\/wp\/v2\/product_cat?post=32893"},{"taxonomy":"product_tag","embeddable":true,"href":"https:\/\/koussikou.ch\/de\/wp-json\/wp\/v2\/product_tag?post=32893"}],"curies":[{"name":"wp","href":"https:\/\/api.w.org\/{rel}","templated":true}]}}