{"id":32919,"date":"2025-04-27T15:37:29","date_gmt":"2025-04-27T13:37:29","guid":{"rendered":"https:\/\/koussikou.ch\/?post_type=product&#038;p=32919"},"modified":"2025-05-02T12:59:21","modified_gmt":"2025-05-02T10:59:21","slug":"hoopo-flip-cat-bed","status":"publish","type":"product","link":"https:\/\/koussikou.ch\/de\/produkt\/hoopo-flip-cat-bed\/","title":{"rendered":"Hoopo &#8211; Flip Cat Bed"},"content":{"rendered":"<p>Dieses ultraweiche Katzenbett vereint h\u00f6chste Handwerkskunst mit den besten Materialien. Schaffen Sie \u00fcberall im Haus einen gem\u00fctlichen Schlafplatz mit <strong><span style=\"color: #83b735;\">dem Flip-Katzenbett<\/span><\/strong>, das Sie auf einem Stuhl oder auf dem Sofa platzieren k\u00f6nnen. Der Flip hat eine k\u00fchle und eine warme Seite und ist in vier Farben erh\u00e4ltlich. Falls die Decke schmutzig wird, kann sie einfach in der Waschmaschine gewaschen werden.<\/p>\n<blockquote><p><strong><span style=\"color: #83b735;\">Wichtige Vorteile<\/span><\/strong><\/p><\/blockquote>\n<p>\u2714 Ultraweiches und bequemes Katzenbett.<br \/>\n\u2714 Maschinenwaschbar bei 30\u00baC.<br \/>\n\u2714 Erh\u00e4ltlich in vier Farben.<br \/>\n\u2714 The Flip has a cool side and an ultra soft warm side.<br \/>\n\u2714 Eine sch\u00f6ne Erg\u00e4nzung f\u00fcr Ihr Zuhause.<\/p>\n<blockquote><p><strong><span style=\"color: #83b735;\">Geeignet f\u00fcr meine Katze? \ud83d\udc08\u200d\u2b1b<\/span><\/strong><\/p><\/blockquote>\n<p>Der Flip ist f\u00fcr alle Katzen geeignet und bietet eine k\u00fchle Seite f\u00fcr hei\u00dfe Sommer sowie eine wunderbar weiche warme Seite f\u00fcr den Winter.<\/p>","protected":false},"excerpt":{"rendered":"<p>Gem\u00fctlich, stilvoll und vielseitig\u2014Flip ist das ultimative Katzenbett! Ultrabequemer Komfort, eine warme und eine k\u00fchle Seite. Perfekt f\u00fcr St\u00fchle, Sofas und \u00fcberall dort, wo Ihre Katze gerne schl\u00e4ft! Erh\u00e4ltlich in vier schicken Farben.<\/p>","protected":false},"featured_media":32923,"template":"","meta":[],"product_brand":[],"product_cat":[42,104,129],"product_tag":[],"class_list":{"0":"post-32919","1":"product","2":"type-product","3":"status-publish","4":"has-post-thumbnail","6":"product_cat-all","7":"product_cat-cats","8":"product_cat-sleep-relax-cats","10":"first","11":"instock","12":"shipping-taxable","13":"purchasable","14":"product-type-variable"},"_links":{"self":[{"href":"https:\/\/koussikou.ch\/de\/wp-json\/wp\/v2\/product\/32919","targetHints":{"allow":["GET"]}}],"collection":[{"href":"https:\/\/koussikou.ch\/de\/wp-json\/wp\/v2\/product"}],"about":[{"href":"https:\/\/koussikou.ch\/de\/wp-json\/wp\/v2\/types\/product"}],"version-history":[{"count":4,"href":"https:\/\/koussikou.ch\/de\/wp-json\/wp\/v2\/product\/32919\/revisions"}],"predecessor-version":[{"id":32945,"href":"https:\/\/koussikou.ch\/de\/wp-json\/wp\/v2\/product\/32919\/revisions\/32945"}],"wp:featuredmedia":[{"embeddable":true,"href":"https:\/\/koussikou.ch\/de\/wp-json\/wp\/v2\/media\/32923"}],"wp:attachment":[{"href":"https:\/\/koussikou.ch\/de\/wp-json\/wp\/v2\/media?parent=32919"}],"wp:term":[{"taxonomy":"product_brand","embeddable":true,"href":"https:\/\/koussikou.ch\/de\/wp-json\/wp\/v2\/product_brand?post=32919"},{"taxonomy":"product_cat","embeddable":true,"href":"https:\/\/koussikou.ch\/de\/wp-json\/wp\/v2\/product_cat?post=32919"},{"taxonomy":"product_tag","embeddable":true,"href":"https:\/\/koussikou.ch\/de\/wp-json\/wp\/v2\/product_tag?post=32919"}],"curies":[{"name":"wp","href":"https:\/\/api.w.org\/{rel}","templated":true}]}}