{"id":32950,"date":"2025-04-27T16:00:51","date_gmt":"2025-04-27T14:00:51","guid":{"rendered":"https:\/\/koussikou.ch\/?post_type=product&#038;p=32950"},"modified":"2025-05-11T11:44:16","modified_gmt":"2025-05-11T09:44:16","slug":"hoopo-mini-donuts-cat-toy-3x","status":"publish","type":"product","link":"https:\/\/koussikou.ch\/de\/produkt\/hoopo-mini-donuts-cat-toy-3x\/","title":{"rendered":"Hoopo &#8211; Mini Donuts Cat toy 3x"},"content":{"rendered":"<p><strong><span style=\"color: #83b735;\">Die Mini Donuts<\/span><\/strong> kommen im 3er-Set und erzeugen ein knisterndes Ger\u00e4usch, wenn man sie bei\u00dft oder zusammendr\u00fcckt \u2013 das perfekte Jagdspiel f\u00fcr Ihre Katze. Werfen Sie die Mini Donuts vor sich hin oder platzieren Sie sie auf dem Lieblingsspielplatz Ihrer Katze. Die Mini Donuts sind f\u00fcr langanhaltenden Spielspa\u00df konzipiert.<\/p>\n<blockquote><p><span style=\"color: #83b735;\"><strong>Wichtigste Vorteile<\/strong><\/span><\/p><\/blockquote>\n<p>\u2714 Pro Set 3x unwiderstehliche Spielzeuge f\u00fcr Ihre Katze.<br \/>\n\u2714 Die Farben sind gemischt \u2013 es bleibt eine \u00dcberraschung, welches Set Sie erhalten.<br \/>\n\u2714 Perfekte Beute f\u00fcr Ihre Katze dank ihres geringen Gewichts und des knisternden Ger\u00e4uschs beim Zusammendr\u00fccken oder Kauen.<br \/>\n\u2714 Die Mini Donuts sind langlebig und garantieren langen Spielspa\u00df.<\/p>\n<blockquote><p><span style=\"color: #83b735;\"><strong>Geeignet f\u00fcr meine Katze?<\/strong><\/span><\/p><\/blockquote>\n<p>Das Mini Donuts Katzenspielzeug ist f\u00fcr alle Katzen geeignet und dank der h\u00fcbschen Verpackung auch eine tolle Geschenkidee.<\/p>","protected":false},"excerpt":{"rendered":"<p>Unwiderstehlicher, knisternder Spa\u00df f\u00fcr jede verspielte Katze! Die Mini Donuts kommen im Dreier-Set. Langanhaltender Spielspa\u00df garantiert!<\/p>","protected":false},"featured_media":32960,"template":"","meta":[],"product_brand":[],"product_cat":[42,104,32,105],"product_tag":[],"class_list":{"0":"post-32950","1":"product","2":"type-product","3":"status-publish","4":"has-post-thumbnail","6":"product_cat-all","7":"product_cat-cats","8":"product_cat-furniture","9":"product_cat-toys-cats","11":"first","12":"instock","13":"shipping-taxable","14":"purchasable","15":"product-type-simple"},"_links":{"self":[{"href":"https:\/\/koussikou.ch\/de\/wp-json\/wp\/v2\/product\/32950","targetHints":{"allow":["GET"]}}],"collection":[{"href":"https:\/\/koussikou.ch\/de\/wp-json\/wp\/v2\/product"}],"about":[{"href":"https:\/\/koussikou.ch\/de\/wp-json\/wp\/v2\/types\/product"}],"version-history":[{"count":2,"href":"https:\/\/koussikou.ch\/de\/wp-json\/wp\/v2\/product\/32950\/revisions"}],"predecessor-version":[{"id":32964,"href":"https:\/\/koussikou.ch\/de\/wp-json\/wp\/v2\/product\/32950\/revisions\/32964"}],"wp:featuredmedia":[{"embeddable":true,"href":"https:\/\/koussikou.ch\/de\/wp-json\/wp\/v2\/media\/32960"}],"wp:attachment":[{"href":"https:\/\/koussikou.ch\/de\/wp-json\/wp\/v2\/media?parent=32950"}],"wp:term":[{"taxonomy":"product_brand","embeddable":true,"href":"https:\/\/koussikou.ch\/de\/wp-json\/wp\/v2\/product_brand?post=32950"},{"taxonomy":"product_cat","embeddable":true,"href":"https:\/\/koussikou.ch\/de\/wp-json\/wp\/v2\/product_cat?post=32950"},{"taxonomy":"product_tag","embeddable":true,"href":"https:\/\/koussikou.ch\/de\/wp-json\/wp\/v2\/product_tag?post=32950"}],"curies":[{"name":"wp","href":"https:\/\/api.w.org\/{rel}","templated":true}]}}