{"id":32968,"date":"2025-04-28T11:08:17","date_gmt":"2025-04-28T09:08:17","guid":{"rendered":"https:\/\/koussikou.ch\/?post_type=product&#038;p=32968"},"modified":"2025-05-02T13:00:00","modified_gmt":"2025-05-02T11:00:00","slug":"hoopo-base-placemat","status":"publish","type":"product","link":"https:\/\/koussikou.ch\/de\/produkt\/hoopo-base-placemat\/","title":{"rendered":"Hoopo &#8211; Base Placemat"},"content":{"rendered":"<p><span style=\"color: #83b735;\"><strong>Die Base-Tischunterlage<\/strong><\/span> besteht aus 100 % Silikon, ist BPA-frei und somit sicher f\u00fcr Ihre Katze. Dank dieses Materials ist die Tischunterlage vollst\u00e4ndig rutschfest, sodass der Futter- oder Trinknapf an Ort und Stelle bleibt und sich beim Fressen nicht verschiebt. Das langlebige Design ist nicht nur eine sch\u00f6ne Erg\u00e4nzung f\u00fcr jede Einrichtung, sondern auch einfach aufrollbar und mitnehmbar. Der erh\u00f6hte Rand sorgt daf\u00fcr, dass Wasser oder andere Fl\u00fcssigkeiten nicht von der Tischunterlage laufen. Dank der verschiedenen Farben k\u00f6nnen Sie sie kreativ kombinieren und aufeinander abstimmen. Die Base-Tischunterlage ist leicht mit einem feuchten Tuch zu reinigen und kann auch einfach in die Sp\u00fclmaschine gegeben werden.<\/p>\n<blockquote><p><strong><span style=\"color: #83b735;\">Wichtigste Vorteile<\/span><\/strong><\/p><\/blockquote>\n<p>\u2714 Futter- und Wassern\u00e4pfe bleiben fest an ihrem Platz und verrutschen nicht, w\u00e4hrend Ihre Katze frisst oder trinkt.<br \/>\n\u2714 Perfekt in Kombination mit der Hoopo Tower, Ring oder Plate.<br \/>\n\u2714 Erh\u00e4ltlich in den Farben Rosa \/ Wei\u00df \/ Grau.<br \/>\n\u2714 Der erh\u00f6hte Rand verhindert, dass Wasser von der Unterlage l\u00e4uft.<br \/>\n\u2714 Einfach aufrollbar und tragbar \u2013 ideal f\u00fcr Reisen.<br \/>\n\u2714 Eine stilvolle Erg\u00e4nzung f\u00fcr jede Einrichtung.<br \/>\n\u2714 Sp\u00fclmaschinenfest.<\/p>","protected":false},"excerpt":{"rendered":"<p>Rutschfeste Silikon-Tischunterlage f\u00fcr Katzen: stilvoll, auslaufsicher und reisetauglich. Leicht zu reinigen und perfekt f\u00fcr die Stabilit\u00e4t von Futter- und Wassern\u00e4pfen!<\/p>","protected":false},"featured_media":32992,"template":"","meta":[],"product_brand":[],"product_cat":[42,104,133],"product_tag":[],"class_list":{"0":"post-32968","1":"product","2":"type-product","3":"status-publish","4":"has-post-thumbnail","6":"product_cat-all","7":"product_cat-cats","8":"product_cat-eat-cats","10":"first","11":"instock","12":"shipping-taxable","13":"purchasable","14":"product-type-variable"},"_links":{"self":[{"href":"https:\/\/koussikou.ch\/de\/wp-json\/wp\/v2\/product\/32968","targetHints":{"allow":["GET"]}}],"collection":[{"href":"https:\/\/koussikou.ch\/de\/wp-json\/wp\/v2\/product"}],"about":[{"href":"https:\/\/koussikou.ch\/de\/wp-json\/wp\/v2\/types\/product"}],"version-history":[{"count":2,"href":"https:\/\/koussikou.ch\/de\/wp-json\/wp\/v2\/product\/32968\/revisions"}],"predecessor-version":[{"id":33001,"href":"https:\/\/koussikou.ch\/de\/wp-json\/wp\/v2\/product\/32968\/revisions\/33001"}],"wp:featuredmedia":[{"embeddable":true,"href":"https:\/\/koussikou.ch\/de\/wp-json\/wp\/v2\/media\/32992"}],"wp:attachment":[{"href":"https:\/\/koussikou.ch\/de\/wp-json\/wp\/v2\/media?parent=32968"}],"wp:term":[{"taxonomy":"product_brand","embeddable":true,"href":"https:\/\/koussikou.ch\/de\/wp-json\/wp\/v2\/product_brand?post=32968"},{"taxonomy":"product_cat","embeddable":true,"href":"https:\/\/koussikou.ch\/de\/wp-json\/wp\/v2\/product_cat?post=32968"},{"taxonomy":"product_tag","embeddable":true,"href":"https:\/\/koussikou.ch\/de\/wp-json\/wp\/v2\/product_tag?post=32968"}],"curies":[{"name":"wp","href":"https:\/\/api.w.org\/{rel}","templated":true}]}}