{"id":33045,"date":"2025-07-23T11:38:48","date_gmt":"2025-07-23T09:38:48","guid":{"rendered":"https:\/\/koussikou.ch\/?post_type=product&#038;p=33045"},"modified":"2025-07-23T12:03:11","modified_gmt":"2025-07-23T10:03:11","slug":"all-for-paws-little-buddy-puppyfier","status":"publish","type":"product","link":"https:\/\/koussikou.ch\/de\/produkt\/all-for-paws-little-buddy-puppyfier\/","title":{"rendered":"All for Paws &#8211; Little Buddy\u200b-\u200bPuppyfier"},"content":{"rendered":"<blockquote><p><strong><span style=\"color: #73b735;\">Schnuller f\u00fcr Welpen<\/span><\/strong><\/p><\/blockquote>\n<p>Beruhigen Sie Ihren zahnenden Welpen mit dem Little Buddy Puppyfier! Mit weichen Noppen und Rillen gestaltet, massiert er das schmerzende Zahnfleisch und lindert Beschwerden. Der integrierte Quietscher sorgt f\u00fcr Spielspa\u00df und regt sicheres Kauen an \u2013 ideal, um M\u00f6bel und Schuhe zu schonen<\/p>\n<blockquote><p><strong><span style=\"color: #73b735;\">Wesentliche Merkmale<\/span><\/strong><\/p><\/blockquote>\n<p>Sanft zu den Z\u00e4hnen dank strukturierter Oberfl\u00e4che<\/p>\n<p>Integrierter Quietscher f\u00fcr zus\u00e4tzlichen Spielspa\u00df<\/p>\n<p>Hilft, das Kaubed\u00fcrfnis umzulenken<\/p>\n<p>Gr\u00f6\u00dfe L \u2013 ideal f\u00fcr gr\u00f6\u00dfere Welpen<\/p>","protected":false},"excerpt":{"rendered":"<p>All For Paws, Bei\u00dfspielzeug f\u00fcr Welpen mit strukturierter Oberfl\u00e4che und Quietscher. Beruhigt das Zahnfleisch und f\u00f6rdert sicheres Kauen<\/p>","protected":false},"featured_media":33047,"template":"","meta":[],"product_brand":[],"product_cat":[42,138,95,53],"product_tag":[],"class_list":{"0":"post-33045","1":"product","2":"type-product","3":"status-publish","4":"has-post-thumbnail","6":"product_cat-all","7":"product_cat-care-dogs","8":"product_cat-dogs","9":"product_cat-toys-dogs","11":"first","12":"instock","13":"shipping-taxable","14":"purchasable","15":"product-type-simple"},"_links":{"self":[{"href":"https:\/\/koussikou.ch\/de\/wp-json\/wp\/v2\/product\/33045","targetHints":{"allow":["GET"]}}],"collection":[{"href":"https:\/\/koussikou.ch\/de\/wp-json\/wp\/v2\/product"}],"about":[{"href":"https:\/\/koussikou.ch\/de\/wp-json\/wp\/v2\/types\/product"}],"version-history":[{"count":3,"href":"https:\/\/koussikou.ch\/de\/wp-json\/wp\/v2\/product\/33045\/revisions"}],"predecessor-version":[{"id":33053,"href":"https:\/\/koussikou.ch\/de\/wp-json\/wp\/v2\/product\/33045\/revisions\/33053"}],"wp:featuredmedia":[{"embeddable":true,"href":"https:\/\/koussikou.ch\/de\/wp-json\/wp\/v2\/media\/33047"}],"wp:attachment":[{"href":"https:\/\/koussikou.ch\/de\/wp-json\/wp\/v2\/media?parent=33045"}],"wp:term":[{"taxonomy":"product_brand","embeddable":true,"href":"https:\/\/koussikou.ch\/de\/wp-json\/wp\/v2\/product_brand?post=33045"},{"taxonomy":"product_cat","embeddable":true,"href":"https:\/\/koussikou.ch\/de\/wp-json\/wp\/v2\/product_cat?post=33045"},{"taxonomy":"product_tag","embeddable":true,"href":"https:\/\/koussikou.ch\/de\/wp-json\/wp\/v2\/product_tag?post=33045"}],"curies":[{"name":"wp","href":"https:\/\/api.w.org\/{rel}","templated":true}]}}