{"id":13,"date":"2024-05-25T10:42:53","date_gmt":"2024-05-25T10:42:53","guid":{"rendered":"https:\/\/koussikou.ch\/?page_id=13"},"modified":"2024-06-14T18:29:36","modified_gmt":"2024-06-14T16:29:36","slug":"remboursements","status":"publish","type":"page","link":"https:\/\/koussikou.ch\/fr\/remboursements\/","title":{"rendered":"Politique de remboursement et de retour"},"content":{"rendered":"<div data-elementor-type=\"wp-page\" data-elementor-id=\"13\" class=\"elementor elementor-13\">\n\t\t\t\t<div class=\"wd-negative-gap elementor-element elementor-element-1515f78a e-flex e-con-boxed e-con e-parent\" data-id=\"1515f78a\" data-element_type=\"container\" data-e-type=\"container\">\n\t\t\t\t\t<div class=\"e-con-inner\">\n\t\t\t\t<div class=\"elementor-element elementor-element-50500cf9 color-scheme-inherit text-left elementor-widget elementor-widget-text-editor\" data-id=\"50500cf9\" data-element_type=\"widget\" data-e-type=\"widget\" data-widget_type=\"text-editor.default\">\n\t\t\t\t<div class=\"elementor-widget-container\">\n\t\t\t\t\t\t\t\t\t\n<h1 class=\"wp-block-heading\" style=\"text-align: center;\">Vue d'ensemble<\/h1>\n\n<blockquote>\n<h3>Envois et retours<\/h3>\n<\/blockquote>\n<p>Pour les produits en stock, les colis sont g\u00e9n\u00e9ralement exp\u00e9di\u00e9s dans les 2 jours suivant la r\u00e9ception du paiement et sont envoy\u00e9s par PostPac (La Poste Suisse) avec suivi et remise sans signature (du lundi au vendredi).<\/p>\n<p>Les frais d'exp\u00e9dition comprennent les frais de manutention et d'emballage ainsi que les frais postaux.<\/p>\n<p>Toutes les commandes \u00e0 partir de CHF 100.- sont livr\u00e9es gratuitement. Si le montant de la commande ne d\u00e9passe pas CHF 100.-, nous vous facturons CHF 10.50 pour les frais de transport.<\/p>\n<blockquote>\n<h2>Politique de retour<\/h2>\n<\/blockquote>\n<h3>P\u00e9riode de retour<\/h3>\n<p>Le client peut retourner \u00e0 ses frais et \u00e0 ses risques tous les produits livr\u00e9s par le magasin Koussikou.ch dans un d\u00e9lai de trois jours ouvrables \u00e0 compter de la r\u00e9ception de la marchandise, sans indication de motifs, pour autant que la marchandise soit compl\u00e8te et dans un \u00e9tat non utilis\u00e9, non endommag\u00e9e et dans l'emballage d'origine.<\/p>\n<p>Les d\u00e9lais de retour s'appliquent \u00e0 partir de la date d'exp\u00e9dition ou d'enl\u00e8vement. La date du cachet de la poste ou du retour personnel fait foi.<\/p>\n<h3>Pas de droit au retour<\/h3>\n<p>Dans les cas suivants, nous ne pouvons malheureusement pas proposer de r\u00e9cup\u00e9ration :<\/p>\n<ul>\n<li>\u00a0les articles endommag\u00e9s ;<\/li>\n<li>\u00a0le produit ne peut \u00eatre retourn\u00e9 dans son emballage d'origine ;<\/li>\n<\/ul>\n<h3>Remboursement<\/h3>\n<p>Dans la mesure o\u00f9 le produit peut \u00eatre retourn\u00e9, les r\u00e8gles de remboursement suivantes s'appliquent.<\/p>\n<h3>Remboursement int\u00e9gral du prix d'achat :<\/h3>\n<ul>\n<li>l'article est encore dans son emballage d'origine, qui n'a pas \u00e9t\u00e9 ouvert et qui n'est pas endommag\u00e9,<\/li>\n<\/ul>\n<p>D\u00e9duction en fonction de l'\u00e9tat de la marchandise (minimum 10%, d\u00e9duction minimale : CHF 10) :<\/p>\n<ul>\n<li>\u00a0l'article a \u00e9t\u00e9 ouvert\/utilis\u00e9 (exceptions : voir 2.).<\/li>\n<\/ul>\n<p>\u00c9valuation individuelle :<\/p>\n<ul>\n<li>\u00a0l'emballage de l'article est endommag\u00e9.<\/li>\n<\/ul>\n\n<ul class=\"wp-block-list\">\n<li>Tout article retourn\u00e9 plus de 3 jours ouvrables apr\u00e8s la livraison.<\/li>\n<\/ul>\n\n<p>Si votre demande est accept\u00e9e, votre remboursement sera trait\u00e9 et un cr\u00e9dit sera automatiquement appliqu\u00e9 \u00e0 votre carte de cr\u00e9dit ou \u00e0 votre mode de paiement initial, dans un d\u00e9lai de quelques jours.<\/p>\n\n<h3 class=\"wp-block-heading\">Articles en vente<\/h3>\n\n<p>Seuls les articles \u00e0 prix normal peuvent \u00eatre rembours\u00e9s. Les articles sold\u00e9s ne peuvent pas \u00eatre rembours\u00e9s.<\/p>\n\n<h2>Retours d'exp\u00e9dition<\/h2>\n\n<p>Pour retourner votre produit, vous devez l'envoyer par la poste \u00e0 l'adresse suivante 13 Route de la Combetta, 1782 Belfaux, Suisse.<\/p>\n\n<p>Il vous incombe de payer vos propres frais d'exp\u00e9dition pour le retour de votre article. Les frais d'exp\u00e9dition ne sont pas remboursables. Si vous recevez un remboursement, les frais de retour seront d\u00e9duits de votre remboursement.<\/p>\n\n<h2>Besoin d'aide ?<\/h2>\n\n<p>Contact us at <span \n                data-original-string='aZlz6gnsUOguITq3tcwTIQ==4175VAqKeU4LV3tBBPuBUvYSirT3ML1qLBXfLDbv3xn\/rY='\n                class='apbct-email-encoder'\n                title='This contact has been encoded by Anti-Spam by CleanTalk. Click to decode. To finish the decoding make sure that JavaScript is enabled in your browser.'>co<span class=\"apbct-blur\">*****<\/span>@<span class=\"apbct-blur\">*******<\/span>ou.ch<\/span> for questions related to refunds and returns.<\/p>\n\t\t\t\t\t\t\t\t<\/div>\n\t\t\t\t<\/div>\n\t\t\t\t\t<\/div>\n\t\t\t\t<\/div>\n\t\t\t\t<\/div>","protected":false},"excerpt":{"rendered":"<p>Discover our comprehensive shipping and returns policy at Koussikou, where we ensure quick dispatch and seamless returns for your convenience.<\/p>","protected":false},"author":8,"featured_media":0,"parent":0,"menu_order":0,"comment_status":"closed","ping_status":"closed","template":"elementor_header_footer","meta":{"footnotes":""},"class_list":["post-13","page","type-page","status-publish","hentry"],"_links":{"self":[{"href":"https:\/\/koussikou.ch\/fr\/wp-json\/wp\/v2\/pages\/13","targetHints":{"allow":["GET"]}}],"collection":[{"href":"https:\/\/koussikou.ch\/fr\/wp-json\/wp\/v2\/pages"}],"about":[{"href":"https:\/\/koussikou.ch\/fr\/wp-json\/wp\/v2\/types\/page"}],"author":[{"embeddable":true,"href":"https:\/\/koussikou.ch\/fr\/wp-json\/wp\/v2\/users\/8"}],"replies":[{"embeddable":true,"href":"https:\/\/koussikou.ch\/fr\/wp-json\/wp\/v2\/comments?post=13"}],"version-history":[{"count":0,"href":"https:\/\/koussikou.ch\/fr\/wp-json\/wp\/v2\/pages\/13\/revisions"}],"wp:attachment":[{"href":"https:\/\/koussikou.ch\/fr\/wp-json\/wp\/v2\/media?parent=13"}],"curies":[{"name":"wp","href":"https:\/\/api.w.org\/{rel}","templated":true}]}}