{"id":2,"date":"2024-05-25T10:40:13","date_gmt":"2024-05-25T10:40:13","guid":{"rendered":"https:\/\/koussikou.ch\/?page_id=2"},"modified":"2024-06-14T18:30:09","modified_gmt":"2024-06-14T16:30:09","slug":"conditions-dutilisation","status":"publish","type":"page","link":"https:\/\/koussikou.ch\/fr\/conditions-dutilisation\/","title":{"rendered":"Conditions g\u00e9n\u00e9rales d'utilisation"},"content":{"rendered":"<div data-elementor-type=\"wp-page\" data-elementor-id=\"2\" class=\"elementor elementor-2\">\n\t\t\t\t<div class=\"wd-negative-gap elementor-element elementor-element-4fcbd734 e-flex e-con-boxed e-con e-parent\" data-id=\"4fcbd734\" data-element_type=\"container\" data-e-type=\"container\">\n\t\t\t\t\t<div class=\"e-con-inner\">\n\t\t\t\t<div class=\"elementor-element elementor-element-115f5a18 color-scheme-inherit text-left elementor-widget elementor-widget-text-editor\" data-id=\"115f5a18\" data-element_type=\"widget\" data-e-type=\"widget\" data-widget_type=\"text-editor.default\">\n\t\t\t\t<div class=\"elementor-widget-container\">\n\t\t\t\t\t\t\t\t\t\n<h2 style=\"text-align: center;\"><span style=\"color: #83b735;\">Conditions g\u00e9n\u00e9rales d'utilisation<\/span><\/h2>\n<blockquote>\n<h4><span style=\"color: #83b735;\">G\u00e9n\u00e9ral<\/span><\/h4>\n<\/blockquote>\n<p>Bienvenue sur Koussikou.ch, votre destination de choix pour des produits de qualit\u00e9 et un service exceptionnel. Ces Conditions G\u00e9n\u00e9rales (d\u00e9sign\u00e9es ci-apr\u00e8s comme les \"Conditions\") constituent un accord l\u00e9galement contraignant entre Koussikou.ch (d\u00e9sign\u00e9 sous le nom de \"<a href=\"https:\/\/koussikou.ch\/fr\/\" target=\"_new\" rel=\"noreferrer\">https:\/\/www.Koussikou.ch\/<\/a>\", \"nous,\" ou \"notre\") et vous, notre client estim\u00e9.<\/p>\n<p>En acc\u00e9dant ou en utilisant notre site web, vous confirmez votre engagement \u00e0 respecter et \u00e0 \u00eatre li\u00e9 par ces Conditions. Nous vous encourageons \u00e0 les examiner attentivement avant de proc\u00e9der \u00e0 tout achat. Si vous \u00eates en d\u00e9saccord avec un aspect quelconque de ces Conditions, nous vous demandons gentiment de vous abstenir d'acc\u00e9der au site web ou d'utiliser l'un de nos services.<\/p>\n<blockquote>\n<h4><span style=\"color: #83b735;\">Conclusion du contrat<\/span><\/h4>\n<\/blockquote>\n<p>En passant une commande sur la plateforme www.Koussikou.ch, le client soumet une offre de conclusion d'un contrat de vente avec Koussikou.ch. La commande est donc ferme. Le client re\u00e7oit une confirmation de r\u00e9ception de cette commande (confirmation de commande). Cette confirmation ne constitue pas une acceptation de l'offre du client, mais vise seulement \u00e0 informer le client que sa commande a \u00e9t\u00e9 re\u00e7ue.<\/p>\n<p>Le contrat d'achat n'est conclu que lorsque Koussikou.ch confirme l'envoi \u00e0 l'adresse indiqu\u00e9e par le client par un deuxi\u00e8me e-mail (confirmation d'envoi).<\/p>\n<p>Koussikou.ch ex\u00e9cute le contrat d'achat en livrant le produit command\u00e9 \u00e0 la Poste Suisse.<\/p>\n<blockquote>\n<h4><span style=\"color: #83b735;\">Sous r\u00e9serve de disponibilit\u00e9<\/span><\/h4>\n<\/blockquote>\n<p>Nous nous effor\u00e7ons de maintenir \u00e0 jour nos listings de produits, mais la disponibilit\u00e9 peut varier. Si un produit que vous avez command\u00e9 n'est pas disponible, nous vous informerons rapidement par e-mail et discuterons des alternatives possibles ou des options de remboursement.<\/p>\n<blockquote>\n<h4><span style=\"color: #83b735;\">Politique de retour volontaire<\/span><\/h4>\n<\/blockquote>\n<p>Votre satisfaction est notre priorit\u00e9. Si, pour une raison quelconque, vous n'\u00eates pas satisfait de votre achat, vous pouvez retourner le produit dans les trois jours ouvrables suivant la r\u00e9ception. Le produit retourn\u00e9 doit \u00eatre complet, inutilis\u00e9, non endommag\u00e9 et dans son emballage d'origine. <br \/><br \/>Nous rembourserons le prix d'achat d\u00e8s r\u00e9ception du produit retourn\u00e9 et des d\u00e9tails bancaires ou postaux n\u00e9cessaires.<\/p>\n<blockquote>\n<h4><span style=\"color: #83b735;\">Conditions de paiement<\/span><\/h4>\n<\/blockquote>\n<p>Les prix sont en francs suisses et incluent les frais de livraison. Tous les prix incluent 0 % de TVA. Nous nous r\u00e9servons le droit de modifier les prix. Les prix en vigueur consultables en ligne au moment de la commande s'appliquent. Les erreurs typographiques et erreurs de prix sont r\u00e9serv\u00e9es.<\/p>\n<p>Les clients peuvent effectuer des paiements par les m\u00e9thodes suivantes :<\/p>\n<ul>\n<li style=\"list-style-type: none;\">\n<ul>\n<li><strong>Carte Mastercard<\/strong><\/li>\n<li><strong>Visa<\/strong><\/li>\n<li><strong>PayPal<\/strong><\/li>\n<li><strong>Klarna<\/strong><\/li>\n<li><strong>Twint<\/strong><\/li>\n<li><strong>PostFinance<\/strong><\/li>\n<\/ul>\n<\/li>\n<\/ul>\n<p>Koussikou.ch se r\u00e9serve le droit de v\u00e9rifier les donn\u00e9es des clients aupr\u00e8s de soci\u00e9t\u00e9s tierces.<\/p>\n<blockquote>\n<h4><span style=\"color: #83b735;\">Frais de livraison<\/span><\/h4>\n<\/blockquote>\n<p>Toutes les commandes \u00e0 partir de CHF 100.- sont livr\u00e9es gratuitement. Si le montant de la commande ne d\u00e9passe pas CHF 100, nous vous facturerons CHF 10,50.- pour les frais de port.<\/p>\n<blockquote>\n<h4><span style=\"color: #83b735;\">Livraison<\/span><\/h4>\n<\/blockquote>\n<p>Les marchandises sont livr\u00e9es par la Poste Suisse \u00e0 l'adresse de livraison indiqu\u00e9e par le client. La zone de livraison est limit\u00e9e au territoire de la Conf\u00e9d\u00e9ration suisse (y compris le Liechtenstein).<\/p>\n<p>Koussikou.ch rappelle que toutes les informations sur les d\u00e9lais de livraison d'un produit ne sont que des informations pr\u00e9vues et des valeurs indicatives approximatives. Elles ne constituent pas des d\u00e9lais de livraison contraignants ou garantis. Si les d\u00e9lais de livraison devaient changer en raison de la disponibilit\u00e9, le client en sera inform\u00e9 par Koussikou.ch.<\/p>\n<p>Koussikou.ch est en droit d'effectuer des livraisons partielles \u00e0 tout moment, \u00e0 condition qu'elles soient raisonnables pour le client.<\/p>\n<p>Les dommages de transport (visibles et cach\u00e9s) et les livraisons incorrectes doivent \u00eatre signal\u00e9s dans les cinq jours suivant la r\u00e9ception de l'envoi. Dans ce cas, le produit ne doit pas \u00eatre utilis\u00e9.<\/p>\n<blockquote>\n<h4><span style=\"color: #83b735;\">R\u00e9serve de propri\u00e9t\u00e9<\/span><\/h4>\n<\/blockquote>\n<p>Les marchandises restent la propri\u00e9t\u00e9 de Koussikou.ch jusqu'au paiement int\u00e9gral du prix d'achat. Le client accorde \u00e0 Koussikou.ch le droit d'enregistrer une r\u00e9serve de propri\u00e9t\u00e9 dans le registre des r\u00e9serves de propri\u00e9t\u00e9.<\/p>\n<blockquote>\n<h4><span style=\"color: #83b735;\">Garantie<\/span><\/h4>\n<\/blockquote>\n<p>Koussikou.ch vend exclusivement des produits originaux et neufs de fabricants r\u00e9put\u00e9s pour leur qualit\u00e9. \u00c9tant donn\u00e9 que Koussikou.ch ne fabrique pas ces produits lui-m\u00eame, elle n'influence pas leur fonctionnalit\u00e9. Par cons\u00e9quent, Koussikou.ch exclut toute garantie pour ces produits, sauf si explicitement pr\u00e9vu par le fabricant.<\/p>\n<p>Cependant, Koussikou.ch autorise ses clients \u00e0 exercer directement les droits de garantie aupr\u00e8s du fabricant, comme sp\u00e9cifi\u00e9 dans la politique de garantie du fabricant.<\/p>\n<blockquote>\n<h4><span style=\"color: #83b735;\">Clause de non-responsabilit\u00e9<\/span><\/h4>\n<\/blockquote>\n<p>Koussikou.ch s'engage \u00e0 prendre soin des clients.<\/p>\n<p>La fourniture de services conform\u00e9ment \u00e0 ces CG et autres dispositions contractuelles.<\/p>\n<p>Les demandes de dommages et int\u00e9r\u00eats pour impossibilit\u00e9 d'ex\u00e9cution, manquement au contrat, n\u00e9gligence et d\u00e9lit sont totalement exclues contre Koussikou.ch, \u00e0 condition qu'il n'y ait pas d'action intentionnelle ou de n\u00e9gligence grave, et contre les agents d'ex\u00e9cution de Koussikou.ch. La responsabilit\u00e9 pour les dommages indirects et les dommages cons\u00e9cutifs r\u00e9sultant de l'utilisation, de la mauvaise ex\u00e9cution ou de la perte de performance est exclue. La responsabilit\u00e9 de Koussikou.ch pour sa propre faute et celle de ses employ\u00e9s et repr\u00e9sentants l\u00e9gaux se limite \u00e0 l'intention.<\/p>\n<p>Koussikou.ch n'est pas responsable des dommages de transport. Ceux-ci doivent \u00eatre r\u00e9clam\u00e9s directement aupr\u00e8s du livreur de colis (Poste Suisse).<\/p>\n<blockquote>\n<h4><span style=\"color: #83b735;\">Adresse<\/span><\/h4>\n<\/blockquote>\n<p>SERRAS DESIGN'S<br \/>13, Route de la Combetta<br \/>1782 Belfaux<\/p>\n<blockquote>\n<h4><span style=\"color: #83b735;\">Dispositions finales<\/span><\/h4>\n<\/blockquote>\n<p>Le droit suisse s'applique.<\/p>\n<p>Si le client est un commer\u00e7ant, Dietikon est le forum exclusif pour toutes les r\u00e9clamations li\u00e9es \u00e0 la relation commerciale.<\/p>\n<p>Si le client est un consommateur, le lieu de juridiction est d\u00e9termin\u00e9 conform\u00e9ment \u00e0 l'article 22 de la loi sur le lieu de juridiction.<\/p>\n<p>Ces termes et conditions peuvent \u00eatre modifi\u00e9s \u00e0 tout moment. La version actuelle peut \u00eatre consult\u00e9e sur www.Koussikou.ch et est r\u00e9put\u00e9e accept\u00e9e par le client \u00e0 partir de la date de publication.<\/p>\n<p><span style=\"color: #83b735;\"><em><strong>Koussikou.ch, 2024<\/strong><\/em><\/span><\/p>\n\t\t\t\t\t\t\t\t<\/div>\n\t\t\t\t<\/div>\n\t\t\t\t\t<\/div>\n\t\t\t\t<\/div>\n\t\t\t\t<\/div>","protected":false},"excerpt":{"rendered":"<p>Welcome to Koussikou.ch, your premier destination for quality products and exceptional service.<\/p>","protected":false},"author":8,"featured_media":0,"parent":0,"menu_order":0,"comment_status":"closed","ping_status":"closed","template":"elementor_header_footer","meta":{"footnotes":""},"class_list":["post-2","page","type-page","status-publish","hentry"],"_links":{"self":[{"href":"https:\/\/koussikou.ch\/fr\/wp-json\/wp\/v2\/pages\/2","targetHints":{"allow":["GET"]}}],"collection":[{"href":"https:\/\/koussikou.ch\/fr\/wp-json\/wp\/v2\/pages"}],"about":[{"href":"https:\/\/koussikou.ch\/fr\/wp-json\/wp\/v2\/types\/page"}],"author":[{"embeddable":true,"href":"https:\/\/koussikou.ch\/fr\/wp-json\/wp\/v2\/users\/8"}],"replies":[{"embeddable":true,"href":"https:\/\/koussikou.ch\/fr\/wp-json\/wp\/v2\/comments?post=2"}],"version-history":[{"count":0,"href":"https:\/\/koussikou.ch\/fr\/wp-json\/wp\/v2\/pages\/2\/revisions"}],"wp:attachment":[{"href":"https:\/\/koussikou.ch\/fr\/wp-json\/wp\/v2\/media?parent=2"}],"curies":[{"name":"wp","href":"https:\/\/api.w.org\/{rel}","templated":true}]}}