{"id":3,"date":"2024-05-25T10:40:13","date_gmt":"2024-05-25T10:40:13","guid":{"rendered":"https:\/\/koussikou.ch\/?page_id=3"},"modified":"2024-06-14T18:28:52","modified_gmt":"2024-06-14T16:28:52","slug":"politique-de-confidentialite","status":"publish","type":"page","link":"https:\/\/koussikou.ch\/fr\/politique-de-confidentialite\/","title":{"rendered":"Politique de confidentialit\u00e9"},"content":{"rendered":"<div data-elementor-type=\"wp-page\" data-elementor-id=\"3\" class=\"elementor elementor-3\">\n\t\t\t\t<div class=\"wd-negative-gap elementor-element elementor-element-3d6c6136 e-flex e-con-boxed e-con e-parent\" data-id=\"3d6c6136\" data-element_type=\"container\" data-e-type=\"container\">\n\t\t\t\t\t<div class=\"e-con-inner\">\n\t\t\t\t<div class=\"elementor-element elementor-element-63cb82fd color-scheme-inherit text-left elementor-widget elementor-widget-text-editor\" data-id=\"63cb82fd\" data-element_type=\"widget\" data-e-type=\"widget\" data-widget_type=\"text-editor.default\">\n\t\t\t\t<div class=\"elementor-widget-container\">\n\t\t\t\t\t\t\t\t\t<header class=\"page-header\">\n<h1 class=\"wp-block-heading\" style=\"text-align: center;\"><span style=\"color: #83b735;\">Protection des donn\u00e9es<\/span><\/h1>\n<\/header>\n<section id=\"content\" class=\"page-content page-cms page-cms-2\">\n<blockquote>\n<h3>La vie priv\u00e9e en un coup d'\u0153il<\/h3>\n<\/blockquote>\n<h4>Informations g\u00e9n\u00e9rales<\/h4>\n<p>Les notes suivantes donnent un aper\u00e7u simple de ce qu'il advient de vos donn\u00e9es personnelles lorsque vous visitez notre site web. Les donn\u00e9es personnelles sont toutes les donn\u00e9es qui permettent de vous identifier personnellement. Vous trouverez des informations d\u00e9taill\u00e9es sur la protection des donn\u00e9es dans notre d\u00e9claration de protection des donn\u00e9es figurant sous ce texte.<\/p>\n<blockquote>\n<h4>Collecte de donn\u00e9es sur notre site web<\/h4>\n<\/blockquote>\n<h4>Qui est responsable de la collecte des donn\u00e9es sur ce site web ?<\/h4>\n<p>Le traitement des donn\u00e9es sur ce site web est effectu\u00e9 par l'op\u00e9rateur du site web. Vous trouverez ses coordonn\u00e9es dans les mentions l\u00e9gales de ce site.<\/p>\n<h4>Comment recueillons-nous vos donn\u00e9es ?<\/h4>\n<p>D'une part, vos donn\u00e9es sont collect\u00e9es lorsque vous nous les communiquez. Il peut s'agir, par exemple, de donn\u00e9es que vous introduisez dans un formulaire de contact.<\/p>\n<p>D'autres donn\u00e9es sont automatiquement enregistr\u00e9es par nos syst\u00e8mes informatiques lorsque vous visitez le site web. Il s'agit principalement de donn\u00e9es techniques (par exemple, le navigateur Internet, le syst\u00e8me d'exploitation ou l'heure de la consultation de la page). Ces donn\u00e9es sont collect\u00e9es automatiquement d\u00e8s que vous entrez sur notre site web.<\/p>\n<h4>\u00c0 quelles fins utilisons-nous vos donn\u00e9es ?<\/h4>\n<p>Une partie des donn\u00e9es est collect\u00e9e pour garantir que le site web est fourni sans erreur. D'autres donn\u00e9es peuvent \u00eatre utilis\u00e9es pour analyser votre comportement d'utilisateur.<\/p>\n<h4>Quels sont vos droits concernant vos donn\u00e9es ?<\/h4>\n<p>Vous avez le droit de recevoir gratuitement et \u00e0 tout moment des informations sur l'origine, le destinataire et la finalit\u00e9 de vos donn\u00e9es personnelles enregistr\u00e9es. Vous avez \u00e9galement le droit de demander la correction, le blocage ou la suppression de ces donn\u00e9es. Vous pouvez nous contacter \u00e0 tout moment \u00e0 l'adresse indiqu\u00e9e dans les mentions l\u00e9gales si vous avez d'autres questions sur la protection des donn\u00e9es. Vous avez \u00e9galement le droit de d\u00e9poser une plainte aupr\u00e8s de l'autorit\u00e9 de contr\u00f4le comp\u00e9tente.<\/p>\n<h4>Outils d'analyse et outils tiers<\/h4>\n<p>Lorsque vous visitez notre site web, votre comportement de navigation peut \u00eatre \u00e9valu\u00e9 statistiquement. Cela se fait principalement \u00e0 l'aide de cookies et de programmes d'analyse. L'analyse de votre comportement de navigation est g\u00e9n\u00e9ralement anonyme ; le comportement de navigation ne peut pas \u00eatre retrac\u00e9 jusqu'\u00e0 vous. Vous pouvez vous opposer \u00e0 cette analyse ou l'emp\u00eacher en n'utilisant pas certains outils. Vous trouverez des informations d\u00e9taill\u00e9es \u00e0 ce sujet dans la d\u00e9claration de protection des donn\u00e9es suivante.<\/p>\n<p>Vous pouvez vous opposer \u00e0 cette analyse. Nous vous informerons des possibilit\u00e9s d'opposition dans la pr\u00e9sente d\u00e9claration de protection des donn\u00e9es.<\/p>\n<blockquote>\n<h3>Informations g\u00e9n\u00e9rales et obligatoires<\/h3>\n<\/blockquote>\n<p>Les exploitants de ces pages prennent tr\u00e8s au s\u00e9rieux la protection de vos donn\u00e9es personnelles. Nous traitons vos donn\u00e9es personnelles de mani\u00e8re confidentielle et conform\u00e9ment aux dispositions l\u00e9gales en mati\u00e8re de protection des donn\u00e9es et \u00e0 la pr\u00e9sente d\u00e9claration de protection des donn\u00e9es.<\/p>\n<p>Si vous utilisez ce site web, diverses donn\u00e9es personnelles seront collect\u00e9es. Les donn\u00e9es personnelles sont des donn\u00e9es qui permettent de vous identifier personnellement. La pr\u00e9sente d\u00e9claration de protection des donn\u00e9es explique quelles donn\u00e9es nous collectons et \u00e0 quelles fins nous les utilisons. Elle explique \u00e9galement comment et dans quel but cela se produit.<\/p>\n<p>Nous attirons l'attention sur le fait que la transmission de donn\u00e9es sur l'internet (par exemple lors d'une communication par courrier \u00e9lectronique) peut pr\u00e9senter des lacunes en mati\u00e8re de s\u00e9curit\u00e9. Une protection compl\u00e8te des donn\u00e9es contre l'acc\u00e8s par des tiers n'est pas possible.<\/p>\n<p>Note sur l'organisme responsable<br \/>L'organisme responsable du traitement des donn\u00e9es sur ce site web est :<\/p>\n<blockquote>\n<p>SERRAS DESIGN'S<br \/>13, Route de la Combetta<br \/>1782 Belfaux<br \/><span \n                data-original-string='zIXBNB1FzOZGgFy4hcKcTA==417j3ILTH+6egZebAelHbwSiPhiR4e7ehmajZSRQzgl0H8='\n                class='apbct-email-encoder'\n                title='This contact has been encoded by Anti-Spam by CleanTalk. Click to decode. To finish the decoding make sure that JavaScript is enabled in your browser.'>co<span class=\"apbct-blur\">*****<\/span>@<span class=\"apbct-blur\">*******<\/span>ou.ch<\/span><\/p>\n<\/blockquote>\n<p>L'organisme responsable est la personne physique ou morale qui, seule ou avec d'autres, d\u00e9cide des finalit\u00e9s et des moyens du traitement des donn\u00e9es \u00e0 caract\u00e8re personnel (par exemple, noms, adresses \u00e9lectroniques, etc.).<\/p>\n<h4>R\u00e9vocation du consentement au traitement des donn\u00e9es<\/h4>\n<p>De nombreux traitements de donn\u00e9es ne sont possibles qu'avec votre consentement explicite. Vous pouvez r\u00e9voquer \u00e0 tout moment le consentement que vous avez d\u00e9j\u00e0 donn\u00e9. Il suffit de nous envoyer un message informel par courrier \u00e9lectronique. La l\u00e9galit\u00e9 du traitement des donn\u00e9es effectu\u00e9 jusqu'\u00e0 la r\u00e9vocation n'est pas affect\u00e9e par cette derni\u00e8re.<\/p>\n<h4>Droit de recours aupr\u00e8s de l'autorit\u00e9 de contr\u00f4le comp\u00e9tente<\/h4>\n<p>En cas de violation de la loi sur la protection des donn\u00e9es, la personne concern\u00e9e a le droit de d\u00e9poser une plainte aupr\u00e8s de l'autorit\u00e9 de contr\u00f4le comp\u00e9tente. L'autorit\u00e9 de contr\u00f4le comp\u00e9tente pour les questions de protection des donn\u00e9es est le d\u00e9l\u00e9gu\u00e9 \u00e0 la protection des donn\u00e9es de l'\u00c9tat f\u00e9d\u00e9ral dans lequel notre entreprise a son si\u00e8ge. Une liste des d\u00e9l\u00e9gu\u00e9s \u00e0 la protection des donn\u00e9es et de leurs coordonn\u00e9es est disponible sur le lien suivant :\u00a0<a href=\"https:\/\/www.bfdi.bund.de\/DE\/Infothek\/Anschriften_Links\/anschriften_links-node.html.\">https:\/\/www.bfdi.bund.de\/DE\/Infothek\/Anschriften_Links\/anschriften_links-node.html.<\/a><\/p>\n<h4>Droit \u00e0 la portabilit\u00e9 des donn\u00e9es<\/h4>\n<p>Vous avez le droit d'obtenir que les donn\u00e9es que nous traitons automatiquement sur la base de votre consentement ou en ex\u00e9cution d'un contrat vous soient communiqu\u00e9es ou soient communiqu\u00e9es \u00e0 un tiers dans un format commun et lisible par machine. Si vous souhaitez le transfert direct des donn\u00e9es<\/p>\n<\/section>\t\t\t\t\t\t\t\t<\/div>\n\t\t\t\t<\/div>\n\t\t\t\t\t<\/div>\n\t\t\t\t<\/div>\n\t\t\t\t<\/div>","protected":false},"excerpt":{"rendered":"<p>Discover how we protect your personal data and ensure your privacy when you visit our website.<\/p>","protected":false},"author":8,"featured_media":0,"parent":0,"menu_order":0,"comment_status":"closed","ping_status":"open","template":"","meta":{"footnotes":""},"class_list":["post-3","page","type-page","status-publish","hentry"],"_links":{"self":[{"href":"https:\/\/koussikou.ch\/fr\/wp-json\/wp\/v2\/pages\/3","targetHints":{"allow":["GET"]}}],"collection":[{"href":"https:\/\/koussikou.ch\/fr\/wp-json\/wp\/v2\/pages"}],"about":[{"href":"https:\/\/koussikou.ch\/fr\/wp-json\/wp\/v2\/types\/page"}],"author":[{"embeddable":true,"href":"https:\/\/koussikou.ch\/fr\/wp-json\/wp\/v2\/users\/8"}],"replies":[{"embeddable":true,"href":"https:\/\/koussikou.ch\/fr\/wp-json\/wp\/v2\/comments?post=3"}],"version-history":[{"count":0,"href":"https:\/\/koussikou.ch\/fr\/wp-json\/wp\/v2\/pages\/3\/revisions"}],"wp:attachment":[{"href":"https:\/\/koussikou.ch\/fr\/wp-json\/wp\/v2\/media?parent=3"}],"curies":[{"name":"wp","href":"https:\/\/api.w.org\/{rel}","templated":true}]}}