{"id":8806,"date":"2021-11-04T15:53:19","date_gmt":"2021-11-04T15:53:19","guid":{"rendered":"http:\/\/dummy.xtemos.com\/woodmart2\/elementor\/?page_id=8806"},"modified":"2024-06-14T22:47:11","modified_gmt":"2024-06-14T20:47:11","slug":"les-modes-de-paiement","status":"publish","type":"page","link":"https:\/\/koussikou.ch\/fr\/les-modes-de-paiement\/","title":{"rendered":"Modes de paiement"},"content":{"rendered":"<div data-elementor-type=\"wp-page\" data-elementor-id=\"8806\" class=\"elementor elementor-8806\">\n\t\t\t\t<div class=\"wd-negative-gap elementor-element elementor-element-d8a8174 wd-section-stretch e-flex e-con-boxed e-con e-parent\" data-id=\"d8a8174\" data-element_type=\"container\" data-e-type=\"container\" data-settings=\"{&quot;background_background&quot;:&quot;classic&quot;}\">\n\t\t\t\t\t<div class=\"e-con-inner\">\n\t\t\t\t<div class=\"elementor-element elementor-element-180c074 wd-width-100 elementor-widget elementor-widget-wd_title\" data-id=\"180c074\" data-element_type=\"widget\" data-e-type=\"widget\" data-widget_type=\"wd_title.default\">\n\t\t\t\t<div class=\"elementor-widget-container\">\n\t\t\t\t\t\t\t<div class=\"title-wrapper wd-set-mb reset-last-child wd-title-color-white wd-title-style-default wd-title-size-default text-center\">\n\n\t\t\t\n\t\t\t<div class=\"liner-continer\">\n\t\t\t\t<h4 class=\"woodmart-title-container title wd-fontsize-l\">Modes de paiement<\/h4> \n\t\t\t\t\t\t\t<\/div>\n\n\t\t\t\t\t<\/div>\n\t\t\t\t\t\t<\/div>\n\t\t\t\t<\/div>\n\t\t\t\t\t<\/div>\n\t\t\t\t<\/div>\n\t\t<div class=\"wd-negative-gap elementor-element elementor-element-8191dfb e-flex e-con-boxed e-con e-parent\" data-id=\"8191dfb\" data-element_type=\"container\" data-e-type=\"container\">\n\t\t\t\t\t<div class=\"e-con-inner\">\n\t\t<div class=\"elementor-element elementor-element-3f4671f e-con-full e-flex e-con e-child\" data-id=\"3f4671f\" data-element_type=\"container\" data-e-type=\"container\">\n\t\t\t\t<div class=\"elementor-element elementor-element-4338cff wd-width-100 elementor-widget elementor-widget-wd_title\" data-id=\"4338cff\" data-element_type=\"widget\" data-e-type=\"widget\" data-widget_type=\"wd_title.default\">\n\t\t\t\t<div class=\"elementor-widget-container\">\n\t\t\t\t\t\t\t<div class=\"title-wrapper wd-set-mb reset-last-child wd-title-color-default wd-title-style-bordered wd-title-size-default text-left\">\n\n\t\t\t\n\t\t\t<div class=\"liner-continer\">\n\t\t\t\t<h4 class=\"woodmart-title-container title wd-fontsize-l\">INFORMATIONS SUR LE PAIEMENT<\/h4> \n\t\t\t\t\t\t\t<\/div>\n\n\t\t\t\t\t\t\t<div class=\"title-after_title reset-last-child wd-fontsize-xs\">\n\t\t\t\t\t<h5>Chez <span style=\"color: #83b735\">Koussikou.ch<\/span>, nous nous effor\u00e7ons de rendre votre exp\u00e9rience d'achat aussi agr\u00e9able et pratique que possible.<\/h5><h5>Nous offrons une vari\u00e9t\u00e9 d'options de paiement s\u00e9curis\u00e9es pour r\u00e9pondre \u00e0 vos besoins.<\/h5><h5>Nous veillons \u00e0 ce que toutes les transactions soient trait\u00e9es de mani\u00e8re s\u00e9curis\u00e9e afin de prot\u00e9ger vos informations personnelles et financi\u00e8res.<\/h5>\t\t\t\t<\/div>\n\t\t\t\t\t<\/div>\n\t\t\t\t\t\t<\/div>\n\t\t\t\t<\/div>\n\t\t<div class=\"elementor-element elementor-element-ac344ba e-con-full e-flex e-con e-child\" data-id=\"ac344ba\" data-element_type=\"container\" data-e-type=\"container\">\n\t\t<div class=\"elementor-element elementor-element-c344325 e-con-full e-flex e-con e-child\" data-id=\"c344325\" data-element_type=\"container\" data-e-type=\"container\">\n\t\t\t\t<div class=\"elementor-element elementor-element-799cde2 elementor-widget elementor-widget-wd_text_block\" data-id=\"799cde2\" data-element_type=\"widget\" data-e-type=\"widget\" data-widget_type=\"wd_text_block.default\">\n\t\t\t\t<div class=\"elementor-widget-container\">\n\t\t\t\t\t\t\t<div class=\"wd-text-block reset-last-child text-left\">\n\t\t\t\n\t\t\t<h5>Quels sont les modes de paiement accept\u00e9s ?<\/h5><blockquote><h5>\u2714 <span style=\"color: #83b735;\">Carte Mastercard\u00a0<\/span><\/h5><\/blockquote><p>Les cartes de cr\u00e9dit et de d\u00e9bit Mastercard vous permettent d'effectuer des paiements rapides et s\u00e9curis\u00e9s, garantissant ainsi le bon d\u00e9roulement de vos transactions.<\/p><blockquote><h5><span style=\"color: #83b735;\"><span style=\"color: #000000;\">\u2714<\/span> Visa<\/span><\/h5><\/blockquote><p>Les cartes de cr\u00e9dit et de d\u00e9bit Visa offrent des options de paiement faciles et fiables, auxquelles des millions de clients font confiance dans le monde entier pour leurs transactions s\u00e9curis\u00e9es.<\/p><blockquote><h5><span style=\"color: #83b735;\"><span style=\"color: #000000;\">\u2714<\/span> PayPal<\/span><\/h5><\/blockquote><p>PayPal est un syst\u00e8me de paiement en ligne fiable qui vous permet d'effectuer des achats rapides et s\u00fbrs en utilisant votre compte PayPal ou des comptes et cartes bancaires li\u00e9s.<\/p><blockquote><h5>\u2714 <span style=\"color: #83b735;\">Klarna<\/span><\/h5><\/blockquote><p>Klarna propose des solutions de paiement flexibles, vous permettant d'acheter maintenant et de payer plus tard, ce qui vous donne plus de contr\u00f4le sur vos finances et votre exp\u00e9rience d'achat.<\/p><blockquote><h5>\u2714 <span style=\"color: #83b735;\"><strong>Twint<\/strong><\/span><\/h5><\/blockquote><p>Paiements mobiles rapides et faciles avec Twint.<\/p><blockquote><h5>\u2714 <span style=\"color: #83b735;\"><strong>PostFinance<\/strong><\/span><\/h5><\/blockquote><p>Des transactions s\u00fbres et fiables avec PostFinance Suisse.<\/p><blockquote><h5>\u2714 <span style=\"color: #83b735;\">Bitcoin<\/span><\/h5><\/blockquote><p>Bitcoin offre une option de paiement d\u00e9centralis\u00e9e en monnaie num\u00e9rique, garantissant des transactions s\u00e9curis\u00e9es et anonymes pour vos achats.<\/p>\n\t\t\t\t\t<\/div>\n\t\t\t\t\t\t<\/div>\n\t\t\t\t<\/div>\n\t\t\t\t<\/div>\n\t\t<div class=\"elementor-element elementor-element-acb343e e-con-full e-flex e-con e-child\" data-id=\"acb343e\" data-element_type=\"container\" data-e-type=\"container\">\n\t\t\t\t<div class=\"elementor-element elementor-element-306dd09 elementor-widget elementor-widget-wd_text_block\" data-id=\"306dd09\" data-element_type=\"widget\" data-e-type=\"widget\" data-widget_type=\"wd_text_block.default\">\n\t\t\t\t<div class=\"elementor-widget-container\">\n\t\t\t\t\t\t\t<div class=\"wd-text-block reset-last-child text-left\">\n\t\t\t\n\t\t\t<h5>Mes informations de paiement sont-elles s\u00e9curis\u00e9es ?<\/h5><p>Oui, nous accordons la priorit\u00e9 \u00e0 votre s\u00e9curit\u00e9. Notre site utilise un syst\u00e8me de cryptage conforme aux normes de l'industrie pour garantir la protection de vos informations de paiement.<\/p>\n\t\t\t\t\t<\/div>\n\t\t\t\t\t\t<\/div>\n\t\t\t\t<\/div>\n\t\t\t\t<div class=\"elementor-element elementor-element-7dd8508 elementor-widget elementor-widget-wd_text_block\" data-id=\"7dd8508\" data-element_type=\"widget\" data-e-type=\"widget\" data-widget_type=\"wd_text_block.default\">\n\t\t\t\t<div class=\"elementor-widget-container\">\n\t\t\t\t\t\t\t<div class=\"wd-text-block reset-last-child text-left\">\n\t\t\t\n\t\t\t<h5>Recevrai-je une confirmation de paiement ?<\/h5><p>Non, nous ne facturons pas de frais suppl\u00e9mentaires pour le traitement des paiements. Le montant total indiqu\u00e9 \u00e0 la caisse est le prix final que vous paierez.<\/p>\n\t\t\t\t\t<\/div>\n\t\t\t\t\t\t<\/div>\n\t\t\t\t<\/div>\n\t\t\t\t<div class=\"elementor-element elementor-element-6b476ca elementor-widget elementor-widget-wd_text_block\" data-id=\"6b476ca\" data-element_type=\"widget\" data-e-type=\"widget\" data-widget_type=\"wd_text_block.default\">\n\t\t\t\t<div class=\"elementor-widget-container\">\n\t\t\t\t\t\t\t<div class=\"wd-text-block reset-last-child text-left\">\n\t\t\t\n\t\t\t<h5>Puis-je modifier mon mode de paiement apr\u00e8s avoir pass\u00e9 une commande ?<\/h5><p>Une fois la commande pass\u00e9e, le mode de paiement ne peut \u00eatre modifi\u00e9.<\/p>\n\t\t\t\t\t<\/div>\n\t\t\t\t\t\t<\/div>\n\t\t\t\t<\/div>\n\t\t\t\t<div class=\"elementor-element elementor-element-f88a527 elementor-widget elementor-widget-wd_text_block\" data-id=\"f88a527\" data-element_type=\"widget\" data-e-type=\"widget\" data-widget_type=\"wd_text_block.default\">\n\t\t\t\t<div class=\"elementor-widget-container\">\n\t\t\t\t\t\t\t<div class=\"wd-text-block reset-last-child text-left\">\n\t\t\t\n\t\t\t<h5>Recevrai-je une facture pour mon achat ?<\/h5><p>Oui, une facture vous sera envoy\u00e9e par courrier \u00e9lectronique une fois que votre paiement aura \u00e9t\u00e9 trait\u00e9 et que votre commande aura \u00e9t\u00e9 confirm\u00e9e.<\/p>\n\t\t\t\t\t<\/div>\n\t\t\t\t\t\t<\/div>\n\t\t\t\t<\/div>\n\t\t\t\t<div class=\"elementor-element elementor-element-e868b53 elementor-widget elementor-widget-wd_text_block\" data-id=\"e868b53\" data-element_type=\"widget\" data-e-type=\"widget\" data-widget_type=\"wd_text_block.default\">\n\t\t\t\t<div class=\"elementor-widget-container\">\n\t\t\t\t\t\t\t<div class=\"wd-text-block reset-last-child text-left\">\n\t\t\t\n\t\t\t<h5>Dois-je disposer d'un compte client pour consulter mes commandes et mes informations personnelles ?<\/h5><p>Oui, en cr\u00e9ant un compte client, vous pouvez facilement consulter vos commandes, g\u00e9rer vos adresses et mettre \u00e0 jour vos informations personnelles en un seul endroit.<\/p>\n\t\t\t\t\t<\/div>\n\t\t\t\t\t\t<\/div>\n\t\t\t\t<\/div>\n\t\t\t\t<\/div>\n\t\t\t\t<\/div>\n\t\t\t\t<\/div>\n\t\t\t\t\t<\/div>\n\t\t\t\t<\/div>\n\t\t\t\t<\/div>","protected":false},"excerpt":{"rendered":"<p>Discover the secure and versatile payment options available at Koussikou.ch, including Mastercard, Visa, PayPal, Klarna, Twint, PostFinance.<\/p>","protected":false},"author":8,"featured_media":0,"parent":0,"menu_order":0,"comment_status":"closed","ping_status":"closed","template":"","meta":{"footnotes":""},"class_list":["post-8806","page","type-page","status-publish","hentry"],"_links":{"self":[{"href":"https:\/\/koussikou.ch\/fr\/wp-json\/wp\/v2\/pages\/8806","targetHints":{"allow":["GET"]}}],"collection":[{"href":"https:\/\/koussikou.ch\/fr\/wp-json\/wp\/v2\/pages"}],"about":[{"href":"https:\/\/koussikou.ch\/fr\/wp-json\/wp\/v2\/types\/page"}],"author":[{"embeddable":true,"href":"https:\/\/koussikou.ch\/fr\/wp-json\/wp\/v2\/users\/8"}],"replies":[{"embeddable":true,"href":"https:\/\/koussikou.ch\/fr\/wp-json\/wp\/v2\/comments?post=8806"}],"version-history":[{"count":0,"href":"https:\/\/koussikou.ch\/fr\/wp-json\/wp\/v2\/pages\/8806\/revisions"}],"wp:attachment":[{"href":"https:\/\/koussikou.ch\/fr\/wp-json\/wp\/v2\/media?parent=8806"}],"curies":[{"name":"wp","href":"https:\/\/api.w.org\/{rel}","templated":true}]}}