{"id":27009,"date":"2023-03-20T05:37:15","date_gmt":"2023-03-20T03:37:15","guid":{"rendered":"https:\/\/koussikou.ch\/?post_type=product&#038;p=27009"},"modified":"2024-08-11T13:58:30","modified_gmt":"2024-08-11T11:58:30","slug":"oscar-the-fox","status":"publish","type":"product","link":"https:\/\/koussikou.ch\/fr\/produit\/oscar-the-fox\/","title":{"rendered":"Inooko &#8211; Oscar The Fox"},"content":{"rendered":"<div data-elementor-type=\"wp-post\" data-elementor-id=\"27009\" class=\"elementor elementor-27009\">\n\t\t\t\t<div class=\"elementor-element elementor-element-f10d255 e-con-full e-flex e-con e-parent\" data-id=\"f10d255\" data-element_type=\"container\" data-e-type=\"container\">\n\t\t\t\t<div class=\"elementor-element elementor-element-4ce765e elementor-widget elementor-widget-wd_text_block\" data-id=\"4ce765e\" data-element_type=\"widget\" data-e-type=\"widget\" data-widget_type=\"wd_text_block.default\">\n\t\t\t\t<div class=\"elementor-widget-container\">\n\t\t\t\t\t\t\t<div class=\"wd-text-block reset-last-child text-left\">\n\t\t\t\n\t\t\t<p><span style=\"color: #83b735;\"><strong>Oscar the Fox<\/strong><\/span> est un jouet en peluche \u00e9cologique pour chiens de la collection \"Mountain Folks\" d'Inooko. Cet adorable jouet a \u00e9t\u00e9 con\u00e7u dans un souci d'amusement et de durabilit\u00e9 :<\/p><ol><li>Mat\u00e9riaux \u00e9cologiques : Fabriqu\u00e9s \u00e0 partir de fibres de bouteilles en plastique recycl\u00e9es, ils contribuent \u00e0 la pr\u00e9servation de l'environnement.<\/li><li>Caract\u00e9ristiques interactives :<br \/>Emet un l\u00e9ger couinement pour inciter votre chien \u00e0 jouer.<br \/>Certaines parties produisent un l\u00e9ger bruit de froissement pour une stimulation accrue.<\/li><li>Fabrication durable :<br \/>Coutures renforc\u00e9es et pli\u00e9es pour une plus grande long\u00e9vit\u00e9<br \/>\u2714 <strong>Convient aux m\u00e2cheurs mod\u00e9r\u00e9s.<\/strong><\/li><li>Fait partie d'une collection : Oscar le renard fait partie de la famille des peluches super douces \"Mountain Folks\" d'Inooko.<\/li><\/ol><p>Ce jouet allie divertissement pour votre chien et fabrication respectueuse de l'environnement, ce qui en fait un excellent choix pour les propri\u00e9taires d'animaux qui privil\u00e9gient \u00e0 la fois le plaisir de leur chien et la responsabilit\u00e9 \u00e9cologique. Les textures et les sons vari\u00e9s sont con\u00e7us pour maintenir l'attention de votre chien et le stimuler pendant les s\u00e9ances de jeu.<\/p>\n\t\t\t\t\t<\/div>\n\t\t\t\t\t\t<\/div>\n\t\t\t\t<\/div>\n\t\t\t\t<\/div>\n\t\t\t\t<\/div>","protected":false},"excerpt":{"rendered":"<p>Oscar the Fox fait partie de la collection de peluches pour chiens. Respectueuse de l'environnement, cette peluche est fabriqu\u00e9e \u00e0 partir de fibres de bouteilles en plastique recycl\u00e9es. Elle couine doucement pour inciter votre chien \u00e0 jouer.<\/p>","protected":false},"featured_media":27017,"template":"","meta":[],"product_brand":[],"product_cat":[42,95,32,53],"product_tag":[],"class_list":{"0":"post-27009","1":"product","2":"type-product","3":"status-publish","4":"has-post-thumbnail","6":"product_cat-all","7":"product_cat-dogs","8":"product_cat-furniture","9":"product_cat-toys-dogs","11":"first","12":"instock","13":"shipping-taxable","14":"purchasable","15":"product-type-simple"},"_links":{"self":[{"href":"https:\/\/koussikou.ch\/fr\/wp-json\/wp\/v2\/product\/27009","targetHints":{"allow":["GET"]}}],"collection":[{"href":"https:\/\/koussikou.ch\/fr\/wp-json\/wp\/v2\/product"}],"about":[{"href":"https:\/\/koussikou.ch\/fr\/wp-json\/wp\/v2\/types\/product"}],"version-history":[{"count":1,"href":"https:\/\/koussikou.ch\/fr\/wp-json\/wp\/v2\/product\/27009\/revisions"}],"predecessor-version":[{"id":32434,"href":"https:\/\/koussikou.ch\/fr\/wp-json\/wp\/v2\/product\/27009\/revisions\/32434"}],"wp:featuredmedia":[{"embeddable":true,"href":"https:\/\/koussikou.ch\/fr\/wp-json\/wp\/v2\/media\/27017"}],"wp:attachment":[{"href":"https:\/\/koussikou.ch\/fr\/wp-json\/wp\/v2\/media?parent=27009"}],"wp:term":[{"taxonomy":"product_brand","embeddable":true,"href":"https:\/\/koussikou.ch\/fr\/wp-json\/wp\/v2\/product_brand?post=27009"},{"taxonomy":"product_cat","embeddable":true,"href":"https:\/\/koussikou.ch\/fr\/wp-json\/wp\/v2\/product_cat?post=27009"},{"taxonomy":"product_tag","embeddable":true,"href":"https:\/\/koussikou.ch\/fr\/wp-json\/wp\/v2\/product_tag?post=27009"}],"curies":[{"name":"wp","href":"https:\/\/api.w.org\/{rel}","templated":true}]}}