{"id":27147,"date":"2020-09-04T02:13:32","date_gmt":"2020-09-04T00:13:32","guid":{"rendered":"https:\/\/koussikou.ch\/?post_type=product&#038;p=27147"},"modified":"2025-02-25T19:23:26","modified_gmt":"2025-02-25T17:23:26","slug":"estrella-the-elephant","status":"publish","type":"product","link":"https:\/\/koussikou.ch\/fr\/produit\/estrella-the-elephant\/","title":{"rendered":"Beco Pets \u2013 Estrella the Elephant"},"content":{"rendered":"<div data-elementor-type=\"wp-post\" data-elementor-id=\"27147\" class=\"elementor elementor-27147\">\n\t\t\t\t<div class=\"wd-negative-gap elementor-element elementor-element-3483b8e e-flex e-con-boxed e-con e-parent\" data-id=\"3483b8e\" data-element_type=\"container\" data-e-type=\"container\">\n\t\t\t\t\t<div class=\"e-con-inner\">\n\t\t\t\t<div class=\"elementor-element elementor-element-3bc61cd elementor-widget elementor-widget-wd_text_block\" data-id=\"3bc61cd\" data-element_type=\"widget\" data-e-type=\"widget\" data-widget_type=\"wd_text_block.default\">\n\t\t\t\t<div class=\"elementor-widget-container\">\n\t\t\t\t\t\t\t<div class=\"wd-text-block reset-last-child text-left\">\n\t\t\t\n\t\t\t<p style=\"text-align: left;\"><strong><span style=\"color: #83b735;\">Estrella the Elephant<\/span><\/strong> est un jouet en peluche pour chien en forme d'\u00e9l\u00e9phant avec un rembourrage doux qui convient parfaitement aux chiens qui aiment faire des c\u00e2lins avec un jouet.<\/p><p style=\"text-align: left;\">\u2714 Le rembourrage extra doux est fabriqu\u00e9 \u00e0 partir de bouteilles recycl\u00e9es 100%.\u00a0<\/p><p style=\"text-align: left;\">\u2714 Ce jouet pour chien ne convient pas aux chiens qui aiment m\u00e2cher leurs jouets, mais seulement aux chiens qui aiment faire des c\u00e2lins avec un jouet.<\/p><p style=\"text-align: left;\">\u2714 Ce jouet pour chien comprend un couineur.<\/p><p style=\"text-align: left;\">\u2714 Les coutures sont doubl\u00e9es pour une plus grande durabilit\u00e9.<\/p><p>\u2714 Exempts de produits chimiques nocifs et de toxines<\/p>\n\t\t\t\t\t<\/div>\n\t\t\t\t\t\t<\/div>\n\t\t\t\t<\/div>\n\t\t\t\t<div class=\"elementor-element elementor-element-e6c1d85 elementor-icon-list--layout-traditional elementor-list-item-link-full_width elementor-widget elementor-widget-icon-list\" data-id=\"e6c1d85\" data-element_type=\"widget\" data-e-type=\"widget\" data-widget_type=\"icon-list.default\">\n\t\t\t\t<div class=\"elementor-widget-container\">\n\t\t\t\t\t\t\t<ul class=\"elementor-icon-list-items\">\n\t\t\t\t\t\t\t<li class=\"elementor-icon-list-item\">\n\t\t\t\t\t\t\t\t\t\t\t<span class=\"elementor-icon-list-icon\">\n\t\t\t\t\t\t\t<svg aria-hidden=\"true\" class=\"e-font-icon-svg e-fas-arrows-alt-v\" viewbox=\"0 0 256 512\" xmlns=\"http:\/\/www.w3.org\/2000\/svg\"><path d=\"M214.059 377.941H168V134.059h46.059c21.382 0 32.09-25.851 16.971-40.971L144.971 7.029c-9.373-9.373-24.568-9.373-33.941 0L24.971 93.088c-15.119 15.119-4.411 40.971 16.971 40.971H88v243.882H41.941c-21.382 0-32.09 25.851-16.971 40.971l86.059 86.059c9.373 9.373 24.568 9.373 33.941 0l86.059-86.059c15.12-15.119 4.412-40.971-16.97-40.971z\"><\/path><\/svg>\t\t\t\t\t\t<\/span>\n\t\t\t\t\t\t\t\t\t\t<span class=\"elementor-icon-list-text\">H: 17cm<\/span>\n\t\t\t\t\t\t\t\t\t<\/li>\n\t\t\t\t\t\t<\/ul>\n\t\t\t\t\t\t<\/div>\n\t\t\t\t<\/div>\n\t\t\t\t\t<\/div>\n\t\t\t\t<\/div>\n\t\t\t\t<\/div>","protected":false},"excerpt":{"rendered":"<p>Estrella the Elephant de Beco Pets est un jouet durable et \u00e9cologique fabriqu\u00e9 \u00e0 partir de mat\u00e9riaux recycl\u00e9s, parfait pour les chiens de toutes tailles.<\/p>","protected":false},"featured_media":27155,"template":"","meta":[],"product_brand":[],"product_cat":[42,95,53],"product_tag":[],"class_list":{"0":"post-27147","1":"product","2":"type-product","3":"status-publish","4":"has-post-thumbnail","6":"product_cat-all","7":"product_cat-dogs","8":"product_cat-toys-dogs","10":"first","11":"instock","12":"shipping-taxable","13":"purchasable","14":"product-type-variable"},"_links":{"self":[{"href":"https:\/\/koussikou.ch\/fr\/wp-json\/wp\/v2\/product\/27147","targetHints":{"allow":["GET"]}}],"collection":[{"href":"https:\/\/koussikou.ch\/fr\/wp-json\/wp\/v2\/product"}],"about":[{"href":"https:\/\/koussikou.ch\/fr\/wp-json\/wp\/v2\/types\/product"}],"version-history":[{"count":10,"href":"https:\/\/koussikou.ch\/fr\/wp-json\/wp\/v2\/product\/27147\/revisions"}],"predecessor-version":[{"id":32560,"href":"https:\/\/koussikou.ch\/fr\/wp-json\/wp\/v2\/product\/27147\/revisions\/32560"}],"wp:featuredmedia":[{"embeddable":true,"href":"https:\/\/koussikou.ch\/fr\/wp-json\/wp\/v2\/media\/27155"}],"wp:attachment":[{"href":"https:\/\/koussikou.ch\/fr\/wp-json\/wp\/v2\/media?parent=27147"}],"wp:term":[{"taxonomy":"product_brand","embeddable":true,"href":"https:\/\/koussikou.ch\/fr\/wp-json\/wp\/v2\/product_brand?post=27147"},{"taxonomy":"product_cat","embeddable":true,"href":"https:\/\/koussikou.ch\/fr\/wp-json\/wp\/v2\/product_cat?post=27147"},{"taxonomy":"product_tag","embeddable":true,"href":"https:\/\/koussikou.ch\/fr\/wp-json\/wp\/v2\/product_tag?post=27147"}],"curies":[{"name":"wp","href":"https:\/\/api.w.org\/{rel}","templated":true}]}}