{"id":27471,"date":"2022-12-05T13:03:27","date_gmt":"2022-12-05T11:03:27","guid":{"rendered":"https:\/\/koussikou.ch\/?post_type=product&#038;p=27471"},"modified":"2024-06-22T20:54:45","modified_gmt":"2024-06-22T18:54:45","slug":"boule-de-poussee","status":"publish","type":"product","link":"https:\/\/koussikou.ch\/fr\/produit\/boule-de-poussee\/","title":{"rendered":"CatPlayFurniture \u2013 Pushball"},"content":{"rendered":"<div data-elementor-type=\"wp-post\" data-elementor-id=\"27471\" class=\"elementor elementor-27471\">\n\t\t\t\t<div class=\"wd-negative-gap elementor-element elementor-element-5197d19 e-flex e-con-boxed e-con e-parent\" data-id=\"5197d19\" data-element_type=\"container\" data-e-type=\"container\">\n\t\t\t\t\t<div class=\"e-con-inner\">\n\t\t\t\t<div class=\"elementor-element elementor-element-6392134 elementor-widget elementor-widget-wd_text_block\" data-id=\"6392134\" data-element_type=\"widget\" data-e-type=\"widget\" data-widget_type=\"wd_text_block.default\">\n\t\t\t\t<div class=\"elementor-widget-container\">\n\t\t\t\t\t\t\t<div class=\"wd-text-block reset-last-child text-left\">\n\t\t\t\n\t\t\t<p style=\"text-align: left;\">Le <span style=\"color: #83b735;\"><strong>CatPlayFurniture Pushball<\/strong><\/span> est un jouet pour chat innovant qui offre un divertissement et un exercice sans fin \u00e0 votre ami f\u00e9lin. Cette balle interactive pr\u00e9sente des mouvements impr\u00e9visibles qui stimulent \u00e0 la fois l'activit\u00e9 physique et l'engagement mental, ce qui permet \u00e0 votre chat de rester actif et de se divertir pendant des heures.<\/p><p style=\"text-align: left;\">Le Pushball est con\u00e7u pour rouler et bouger de mani\u00e8re inattendue, ce qui encourage votre chat \u00e0 le poursuivre, \u00e0 lui donner des coups de patte et \u00e0 le frapper. Cette interaction dynamique permet de satisfaire les instincts naturels de chasse de votre chat tout en favorisant l'activit\u00e9 physique et en \u00e9vitant l'ennui.<\/p><p style=\"text-align: left;\">Fabriqu\u00e9 avec des mat\u00e9riaux de haute qualit\u00e9, le Pushball de CatPlayFurniture est con\u00e7u pour r\u00e9sister aux jeux des chats les plus \u00e9nergiques. Sa construction robuste garantit une longue dur\u00e9e de vie et le plaisir de votre animal.<\/p><p style=\"text-align: left;\">En incorporant le Pushball dans la routine de jeu de votre chat, vous pouvez l'aider \u00e0 rester en bonne forme physique, \u00e0 \u00eatre mentalement stimul\u00e9 et \u00e0 \u00eatre moins enclin \u00e0 adopter des comportements destructeurs dus \u00e0 l'ennui ou au manque d'exercice. C'est un excellent compl\u00e9ment \u00e0 la collection de jouets interactifs de tout propri\u00e9taire de chat.<\/p><p>Une excellente id\u00e9e de cadeau pour les propri\u00e9taires de chats.<\/p>\n\t\t\t\t\t<\/div>\n\t\t\t\t\t\t<\/div>\n\t\t\t\t<\/div>\n\t\t\t\t\t<\/div>\n\t\t\t\t<\/div>\n\t\t\t\t<\/div>","protected":false},"excerpt":{"rendered":"<p>Le jouet Pushball de CatPlayFurniture est un jouet dynamique con\u00e7u pour garder votre chat actif et diverti gr\u00e2ce \u00e0 des mouvements impr\u00e9visibles qui stimulent \u00e0 la fois l'exercice et l'engagement mental.<\/p>","protected":false},"featured_media":27482,"template":"","meta":[],"product_brand":[],"product_cat":[42,104,32,105],"product_tag":[329,335,327,333,331,330,328,332,326,334],"class_list":{"0":"post-27471","1":"product","2":"type-product","3":"status-publish","4":"has-post-thumbnail","6":"product_cat-all","7":"product_cat-cats","8":"product_cat-furniture","9":"product_cat-toys-cats","10":"product_tag-cat-exercise","11":"product_tag-cat-fitness","12":"product_tag-cat-toy","13":"product_tag-catplayfurniture","14":"product_tag-durable-cat-toy","15":"product_tag-feline-entertainment","16":"product_tag-interactive-cat-toy","17":"product_tag-mental-stimulation-for-cats","18":"product_tag-pet-accessories","19":"product_tag-pushball","21":"first","22":"instock","23":"shipping-taxable","24":"purchasable","25":"product-type-variable"},"_links":{"self":[{"href":"https:\/\/koussikou.ch\/fr\/wp-json\/wp\/v2\/product\/27471","targetHints":{"allow":["GET"]}}],"collection":[{"href":"https:\/\/koussikou.ch\/fr\/wp-json\/wp\/v2\/product"}],"about":[{"href":"https:\/\/koussikou.ch\/fr\/wp-json\/wp\/v2\/types\/product"}],"version-history":[{"count":0,"href":"https:\/\/koussikou.ch\/fr\/wp-json\/wp\/v2\/product\/27471\/revisions"}],"wp:featuredmedia":[{"embeddable":true,"href":"https:\/\/koussikou.ch\/fr\/wp-json\/wp\/v2\/media\/27482"}],"wp:attachment":[{"href":"https:\/\/koussikou.ch\/fr\/wp-json\/wp\/v2\/media?parent=27471"}],"wp:term":[{"taxonomy":"product_brand","embeddable":true,"href":"https:\/\/koussikou.ch\/fr\/wp-json\/wp\/v2\/product_brand?post=27471"},{"taxonomy":"product_cat","embeddable":true,"href":"https:\/\/koussikou.ch\/fr\/wp-json\/wp\/v2\/product_cat?post=27471"},{"taxonomy":"product_tag","embeddable":true,"href":"https:\/\/koussikou.ch\/fr\/wp-json\/wp\/v2\/product_tag?post=27471"}],"curies":[{"name":"wp","href":"https:\/\/api.w.org\/{rel}","templated":true}]}}