{"id":27489,"date":"2021-12-05T12:19:42","date_gmt":"2021-12-05T10:19:42","guid":{"rendered":"https:\/\/koussikou.ch\/?post_type=product&#038;p=27489"},"modified":"2024-06-29T10:29:45","modified_gmt":"2024-06-29T08:29:45","slug":"poussee-deau","status":"publish","type":"product","link":"https:\/\/koussikou.ch\/fr\/produit\/poussee-deau\/","title":{"rendered":"CatPlayFurniture - Push'n'ring"},"content":{"rendered":"<div data-elementor-type=\"wp-post\" data-elementor-id=\"27489\" class=\"elementor elementor-27489\">\n\t\t\t\t<div class=\"wd-negative-gap elementor-element elementor-element-066ad79 e-flex e-con-boxed e-con e-parent\" data-id=\"066ad79\" data-element_type=\"container\" data-e-type=\"container\">\n\t\t\t\t\t<div class=\"e-con-inner\">\n\t\t\t\t<div class=\"elementor-element elementor-element-2102fec elementor-widget elementor-widget-wd_text_block\" data-id=\"2102fec\" data-element_type=\"widget\" data-e-type=\"widget\" data-widget_type=\"wd_text_block.default\">\n\t\t\t\t<div class=\"elementor-widget-container\">\n\t\t\t\t\t\t\t<div class=\"wd-text-block reset-last-child text-left\">\n\t\t\t\n\t\t\t<p style=\"text-align: left;\">Voici la solution parfaite pour les chats joueurs et les propri\u00e9taires fatigu\u00e9s : un jouet \u00e0 balles stable et \u00e0 trous multiples con\u00e7u pour divertir votre ami f\u00e9lin sans avoir \u00e0 r\u00e9cup\u00e9rer les balles sous les meubles.<\/p><blockquote><h5 style=\"text-align: left;\">Ce jouet innovant pour chat pr\u00e9sente les caract\u00e9ristiques suivantes :<\/h5><\/blockquote><p style=\"text-align: left;\">\u2714 Une construction robuste qui reste en place pendant le jeu<\/p><p style=\"text-align: left;\">\u2714 Plusieurs trous de diam\u00e8tres diff\u00e9rents pour mettre votre chat au d\u00e9fi<\/p><p style=\"text-align: left;\">\u2714 Un excellent simulateur d'instincts et d'exercices f\u00e9lins<\/p><p style=\"text-align: left;\">\u2714 Un logo en cuir pour une touche de style<\/p><p style=\"text-align: left;\">\u2714 Les inserts antid\u00e9rapants maintiennent le jouet stable sur n'importe quelle surface<\/p><p style=\"text-align: left;\">Offrez \u00e0 votre chat des heures de jeu passionnant tout en vous \u00e9pargnant la corv\u00e9e de r\u00e9cup\u00e9ration de la balle. Ce jouet durable et bien con\u00e7u est parfait pour les chats actifs qui aiment poursuivre et frapper des objets roulants.<\/p>\n\t\t\t\t\t<\/div>\n\t\t\t\t\t\t<\/div>\n\t\t\t\t<\/div>\n\t\t\t\t\t<\/div>\n\t\t\t\t<\/div>\n\t\t\t\t<\/div>","protected":false},"excerpt":{"rendered":"<p>Fatigu\u00e9 de r\u00e9cup\u00e9rer des balles sous les meubles ? Ce jouet stable Push'n'ring de CatPlayFurniture, \u00e0 trous multiples, permet \u00e0 votre f\u00e9lin de s'amuser et \u00e0 votre maison d'\u00eatre bien rang\u00e9e. Sa conception durable et antid\u00e9rapante garantit un amusement sans fin et un nettoyage facile. Parfait pour les chats actifs !<\/p>","protected":false},"featured_media":27527,"template":"","meta":[],"product_brand":[],"product_cat":[42,104,32,105],"product_tag":[],"class_list":{"0":"post-27489","1":"product","2":"type-product","3":"status-publish","4":"has-post-thumbnail","6":"product_cat-all","7":"product_cat-cats","8":"product_cat-furniture","9":"product_cat-toys-cats","11":"first","12":"instock","13":"shipping-taxable","14":"purchasable","15":"product-type-variable"},"_links":{"self":[{"href":"https:\/\/koussikou.ch\/fr\/wp-json\/wp\/v2\/product\/27489","targetHints":{"allow":["GET"]}}],"collection":[{"href":"https:\/\/koussikou.ch\/fr\/wp-json\/wp\/v2\/product"}],"about":[{"href":"https:\/\/koussikou.ch\/fr\/wp-json\/wp\/v2\/types\/product"}],"version-history":[{"count":0,"href":"https:\/\/koussikou.ch\/fr\/wp-json\/wp\/v2\/product\/27489\/revisions"}],"wp:featuredmedia":[{"embeddable":true,"href":"https:\/\/koussikou.ch\/fr\/wp-json\/wp\/v2\/media\/27527"}],"wp:attachment":[{"href":"https:\/\/koussikou.ch\/fr\/wp-json\/wp\/v2\/media?parent=27489"}],"wp:term":[{"taxonomy":"product_brand","embeddable":true,"href":"https:\/\/koussikou.ch\/fr\/wp-json\/wp\/v2\/product_brand?post=27489"},{"taxonomy":"product_cat","embeddable":true,"href":"https:\/\/koussikou.ch\/fr\/wp-json\/wp\/v2\/product_cat?post=27489"},{"taxonomy":"product_tag","embeddable":true,"href":"https:\/\/koussikou.ch\/fr\/wp-json\/wp\/v2\/product_tag?post=27489"}],"curies":[{"name":"wp","href":"https:\/\/api.w.org\/{rel}","templated":true}]}}