{"id":27598,"date":"2021-04-20T12:50:27","date_gmt":"2021-04-20T10:50:27","guid":{"rendered":"https:\/\/koussikou.ch\/?post_type=product&#038;p=27598"},"modified":"2024-06-29T10:16:54","modified_gmt":"2024-06-29T08:16:54","slug":"arbre-a-griffes","status":"publish","type":"product","link":"https:\/\/koussikou.ch\/fr\/produit\/arbre-a-griffes\/","title":{"rendered":"Freezack - Arbre \u00e0 gratter"},"content":{"rendered":"<div data-elementor-type=\"wp-post\" data-elementor-id=\"27598\" class=\"elementor elementor-27598\">\n\t\t\t\t<div class=\"wd-negative-gap elementor-element elementor-element-4c42ad6 e-flex e-con-boxed e-con e-parent\" data-id=\"4c42ad6\" data-element_type=\"container\" data-e-type=\"container\">\n\t\t\t\t\t<div class=\"e-con-inner\">\n\t\t\t\t<div class=\"elementor-element elementor-element-cd0d2de elementor-widget elementor-widget-wd_text_block\" data-id=\"cd0d2de\" data-element_type=\"widget\" data-e-type=\"widget\" data-widget_type=\"wd_text_block.default\">\n\t\t\t\t<div class=\"elementor-widget-container\">\n\t\t\t\t\t\t\t<div class=\"wd-text-block reset-last-child text-left\">\n\t\t\t\n\t\t\t<p style=\"text-align: left;\">Cet arbre \u00e0 chat \u00e9l\u00e9gant et fonctionnel permet \u00e0 votre chat de s'amuser et de se d\u00e9tendre.<\/p><blockquote><h5 style=\"text-align: left;\">Caract\u00e9ristiques :<\/h5><\/blockquote><p style=\"text-align: left;\">\u2714 Base et abri : La base ronde robuste est recouverte d'un tissu doux et sombre pour plus de stabilit\u00e9 et de confort. L'abri conique est fabriqu\u00e9 en osier tress\u00e9, avec une entr\u00e9e circulaire qui offre une cachette douillette et s\u00e9curis\u00e9e \u00e0 votre chat pour se reposer ou faire la sieste.<\/p><p style=\"text-align: left;\">\u2714 Plate-forme sup\u00e9rieure : Le poteau vertical, envelopp\u00e9 d'un mat\u00e9riau durable et sombre, supporte une plateforme circulaire en osier au sommet. La plateforme comprend un int\u00e9rieur doux et coussin\u00e9, offrant un perchoir sur\u00e9lev\u00e9 pour que votre chat puisse se pr\u00e9lasser et observer son environnement.<\/p><blockquote><h5 style=\"text-align: left;\">Avantages :<\/h5><\/blockquote><p style=\"text-align: left;\">\u2714 Design \u00e9l\u00e9gant : L'\u00e9l\u00e9gant design en osier compl\u00e8te tout d\u00e9cor de maison.<\/p><p style=\"text-align: left;\">\u2714 Multifonctionnel : Fournit \u00e0 la fois une cachette et un perchoir sur\u00e9lev\u00e9, r\u00e9pondant aux instincts naturels de votre chat.<\/p><p style=\"text-align: left;\">\u2714 Construction durable : Fabriqu\u00e9 avec des mat\u00e9riaux de haute qualit\u00e9 pour assurer une utilisation durable.<\/p>\n\t\t\t\t\t<\/div>\n\t\t\t\t\t\t<\/div>\n\t\t\t\t<\/div>\n\t\t\t\t\t<\/div>\n\t\t\t\t<\/div>\n\t\t\t\t<\/div>","protected":false},"excerpt":{"rendered":"<p>Cet arbre \u00e0 chat en osier, \u00e9l\u00e9gant et fonctionnel, offre \u00e0 votre chat une cachette douillette et un perchoir sur\u00e9lev\u00e9 pour une d\u00e9tente optimale.<\/p>","protected":false},"featured_media":27602,"template":"","meta":[],"product_brand":[],"product_cat":[42,104,129],"product_tag":[],"class_list":{"0":"post-27598","1":"product","2":"type-product","3":"status-publish","4":"has-post-thumbnail","6":"product_cat-all","7":"product_cat-cats","8":"product_cat-sleep-relax-cats","10":"first","11":"instock","12":"shipping-taxable","13":"purchasable","14":"product-type-simple"},"_links":{"self":[{"href":"https:\/\/koussikou.ch\/fr\/wp-json\/wp\/v2\/product\/27598","targetHints":{"allow":["GET"]}}],"collection":[{"href":"https:\/\/koussikou.ch\/fr\/wp-json\/wp\/v2\/product"}],"about":[{"href":"https:\/\/koussikou.ch\/fr\/wp-json\/wp\/v2\/types\/product"}],"version-history":[{"count":0,"href":"https:\/\/koussikou.ch\/fr\/wp-json\/wp\/v2\/product\/27598\/revisions"}],"wp:featuredmedia":[{"embeddable":true,"href":"https:\/\/koussikou.ch\/fr\/wp-json\/wp\/v2\/media\/27602"}],"wp:attachment":[{"href":"https:\/\/koussikou.ch\/fr\/wp-json\/wp\/v2\/media?parent=27598"}],"wp:term":[{"taxonomy":"product_brand","embeddable":true,"href":"https:\/\/koussikou.ch\/fr\/wp-json\/wp\/v2\/product_brand?post=27598"},{"taxonomy":"product_cat","embeddable":true,"href":"https:\/\/koussikou.ch\/fr\/wp-json\/wp\/v2\/product_cat?post=27598"},{"taxonomy":"product_tag","embeddable":true,"href":"https:\/\/koussikou.ch\/fr\/wp-json\/wp\/v2\/product_tag?post=27598"}],"curies":[{"name":"wp","href":"https:\/\/api.w.org\/{rel}","templated":true}]}}