{"id":27608,"date":"2020-09-05T12:21:33","date_gmt":"2020-09-05T10:21:33","guid":{"rendered":"https:\/\/koussikou.ch\/?post_type=product&#038;p=27608"},"modified":"2025-04-04T09:59:55","modified_gmt":"2025-04-04T07:59:55","slug":"vigo","status":"publish","type":"product","link":"https:\/\/koussikou.ch\/fr\/produit\/vigo\/","title":{"rendered":"MyKotty - Gratte-papier Vigo"},"content":{"rendered":"<div data-elementor-type=\"wp-post\" data-elementor-id=\"27608\" class=\"elementor elementor-27608\">\n\t\t\t\t<div class=\"wd-negative-gap elementor-element elementor-element-9a815e6 e-flex e-con-boxed e-con e-parent\" data-id=\"9a815e6\" data-element_type=\"container\" data-e-type=\"container\">\n\t\t\t\t\t<div class=\"e-con-inner\">\n\t\t\t\t<div class=\"elementor-element elementor-element-209c49c elementor-widget elementor-widget-wd_text_block\" data-id=\"209c49c\" data-element_type=\"widget\" data-e-type=\"widget\" data-widget_type=\"wd_text_block.default\">\n\t\t\t\t<div class=\"elementor-widget-container\">\n\t\t\t\t\t\t\t<div class=\"wd-text-block reset-last-child text-left\">\n\t\t\t\n\t\t\t<h3 style=\"text-align: center;\">Voici VIGO, le summum de la s\u00e9curit\u00e9 et du confort en mati\u00e8re de griffoirs pour chats.<\/h3><p style=\"text-align: left;\">Con\u00e7ue avec une attention m\u00e9ticuleuse aux d\u00e9tails, <span style=\"color: #83b735;\"><strong>VIGO<\/strong><\/span> offre une exp\u00e9rience in\u00e9gal\u00e9e aux chats et \u00e0 leurs ma\u00eetres. Fabriqu\u00e9 \u00e0 partir de carton ondul\u00e9 de premi\u00e8re qualit\u00e9, VIGO est robuste et durable, tandis que son processus de finition unique cr\u00e9e une texture douce, semblable \u00e0 du daim, qui respecte les pattes d\u00e9licates de votre chat.<\/p><p style=\"text-align: left;\">Au c\u0153ur de VIGO se trouve un engagement en faveur de la s\u00e9curit\u00e9. Nous n'utilisons que de la colle alimentaire certifi\u00e9e lors de l'assemblage, ce qui permet aux propri\u00e9taires d'animaux de compagnie d'avoir l'esprit tranquille.<\/p><blockquote><p style=\"text-align: left;\">Que votre chat fasse ses griffes, joue ou se pr\u00e9lasse, VIGO offre un environnement s\u00fbr et agr\u00e9able.<\/p><\/blockquote><p style=\"text-align: left;\">Mais VIGO n'est pas seulement s\u00fbr, il est aussi \u00e9cologique. Fabriqu\u00e9 \u00e0 partir de mat\u00e9riaux naturels et durables et produit localement pour minimiser l'empreinte carbone, VIGO incarne notre engagement en faveur de la responsabilit\u00e9 environnementale. M\u00eame notre emballage est respectueux de l'environnement, utilisant des mat\u00e9riaux recyclables pour r\u00e9duire davantage les d\u00e9chets.<\/p><p style=\"text-align: left;\">Avec VIGO, vous n'achetez pas seulement un griffoir, vous investissez dans le bien-\u00eatre de votre chat et de la plan\u00e8te. Offrez \u00e0 votre ami \u00e0 fourrure une exp\u00e9rience de griffage ultime avec VIGO, et soyez tranquille en sachant que vous avez fait un choix s\u00fbr, \u00e9l\u00e9gant et durable.<\/p><blockquote><p>Une seconde vie - gr\u00e2ce aux panneaux avant renforc\u00e9s, vous avez la possibilit\u00e9 de le retourner.<\/p><\/blockquote>\n\t\t\t\t\t<\/div>\n\t\t\t\t\t\t<\/div>\n\t\t\t\t<\/div>\n\t\t\t\t\t<\/div>\n\t\t\t\t<\/div>\n\t\t\t\t<\/div>","protected":false},"excerpt":{"rendered":"<p>VIGO est un griffoir en carton ondul\u00e9 naturel, un mat\u00e9riau \u00e9cologique appr\u00e9ci\u00e9 par tous les chats.<\/p>","protected":false},"featured_media":27609,"template":"","meta":[],"product_brand":[],"product_cat":[42,104,129],"product_tag":[],"class_list":{"0":"post-27608","1":"product","2":"type-product","3":"status-publish","4":"has-post-thumbnail","6":"product_cat-all","7":"product_cat-cats","8":"product_cat-sleep-relax-cats","10":"first","11":"outofstock","12":"shipping-taxable","13":"purchasable","14":"product-type-variable"},"_links":{"self":[{"href":"https:\/\/koussikou.ch\/fr\/wp-json\/wp\/v2\/product\/27608","targetHints":{"allow":["GET"]}}],"collection":[{"href":"https:\/\/koussikou.ch\/fr\/wp-json\/wp\/v2\/product"}],"about":[{"href":"https:\/\/koussikou.ch\/fr\/wp-json\/wp\/v2\/types\/product"}],"version-history":[{"count":1,"href":"https:\/\/koussikou.ch\/fr\/wp-json\/wp\/v2\/product\/27608\/revisions"}],"predecessor-version":[{"id":32280,"href":"https:\/\/koussikou.ch\/fr\/wp-json\/wp\/v2\/product\/27608\/revisions\/32280"}],"wp:featuredmedia":[{"embeddable":true,"href":"https:\/\/koussikou.ch\/fr\/wp-json\/wp\/v2\/media\/27609"}],"wp:attachment":[{"href":"https:\/\/koussikou.ch\/fr\/wp-json\/wp\/v2\/media?parent=27608"}],"wp:term":[{"taxonomy":"product_brand","embeddable":true,"href":"https:\/\/koussikou.ch\/fr\/wp-json\/wp\/v2\/product_brand?post=27608"},{"taxonomy":"product_cat","embeddable":true,"href":"https:\/\/koussikou.ch\/fr\/wp-json\/wp\/v2\/product_cat?post=27608"},{"taxonomy":"product_tag","embeddable":true,"href":"https:\/\/koussikou.ch\/fr\/wp-json\/wp\/v2\/product_tag?post=27608"}],"curies":[{"name":"wp","href":"https:\/\/api.w.org\/{rel}","templated":true}]}}