{"id":27747,"date":"2022-07-02T07:42:29","date_gmt":"2022-07-02T05:42:29","guid":{"rendered":"https:\/\/koussikou.ch\/?post_type=product&#038;p=27747"},"modified":"2026-03-06T08:55:12","modified_gmt":"2026-03-06T06:55:12","slug":"dome-cat-litter-box","status":"publish","type":"product","link":"https:\/\/koussikou.ch\/fr\/produit\/dome-cat-litter-box\/","title":{"rendered":"Hoopo \u2013 Dome"},"content":{"rendered":"<div data-elementor-type=\"wp-post\" data-elementor-id=\"27747\" class=\"elementor elementor-27747\">\n\t\t\t\t<div class=\"wd-negative-gap elementor-element elementor-element-1fb664e e-flex e-con-boxed e-con e-parent\" data-id=\"1fb664e\" data-element_type=\"container\" data-e-type=\"container\">\n\t\t\t\t\t<div class=\"e-con-inner\">\n\t\t<div class=\"elementor-element elementor-element-2363280 e-con-full e-flex e-con e-child\" data-id=\"2363280\" data-element_type=\"container\" data-e-type=\"container\">\n\t\t\t\t<div class=\"elementor-element elementor-element-825ac1e elementor-widget elementor-widget-wd_text_block\" data-id=\"825ac1e\" data-element_type=\"widget\" data-e-type=\"widget\" data-widget_type=\"wd_text_block.default\">\n\t\t\t\t<div class=\"elementor-widget-container\">\n\t\t\t\t\t\t\t<div class=\"wd-text-block reset-last-child text-left\">\n\t\t\t\n\t\t\t<blockquote><h5>Am\u00e9liorez l'exp\u00e9rience de la liti\u00e8re de votre chat et rehaussez le style de votre maison !<\/h5><\/blockquote><p>Am\u00e9liorez l'exp\u00e9rience de la liti\u00e8re de votre chat avec le <strong><span style=\"color: #83b735;\">bac \u00e0 liti\u00e8re Dome<\/span><\/strong>. Le bac \u00e0 liti\u00e8re est disponible en blanc \u00e9pur\u00e9 et en gris \u00e9l\u00e9gant. Ce bac \u00e0 liti\u00e8re \u00e9l\u00e9gant allie une esth\u00e9tique moderne \u00e0 une fonctionnalit\u00e9 pratique, ce qui lui permet de se fondre parfaitement dans votre d\u00e9cor.<\/p><p>Design \u00e9l\u00e9gant : Le Dome pr\u00e9sente un design magnifiquement travaill\u00e9 qui s'adapte sans effort \u00e0 tous les styles d'int\u00e9rieur. Son look contemporain signifie qu'il n'a pas besoin d'\u00eatre cach\u00e9 - il peut \u00eatre fi\u00e8rement expos\u00e9 n'importe o\u00f9 dans votre maison.<\/p><p>Pratique et durable : Fabriqu\u00e9 en plastique ABS recycl\u00e9 100%, le Dome est respectueux de l'environnement et con\u00e7u pour durer. La structure facile \u00e0 nettoyer assure un entretien sans souci, tandis que le bac de r\u00e9cup\u00e9ration interne emp\u00eache efficacement les gravillons de se r\u00e9pandre, ce qui permet de garder vos sols propres.<\/p><blockquote><h5>Convient-il \u00e0 votre chat ?<\/h5><\/blockquote><p>Le Dome est parfait pour <strong><span style=\"color: #83b735;\">les chats de taille petite \u00e0 moyenne<\/span><\/strong>. Cependant, il ne convient pas aux chats qui ne peuvent pas uriner en position assise ou \u00e0 ceux qui s'aspergent.<\/p><blockquote><h5>Principaux avantages :<\/h5><\/blockquote><p>\u2714 Pratique et facile \u00e0 nettoyer : Con\u00e7u pour votre commodit\u00e9, le nettoyage est un jeu d'enfant.<\/p><p>\u2714 Plus de poussi\u00e8re sur le sol : Le bac de r\u00e9cup\u00e9ration interne permet de contenir la liti\u00e8re.<\/p><p>\u2714 Un ajout \u00e9l\u00e9gant \u00e0 votre maison : Le design \u00e9l\u00e9gant compl\u00e8te n'importe quel int\u00e9rieur.<\/p><p>\u2714 Acc\u00e8s facile pour votre chat : Con\u00e7u pour le confort de votre chat.<\/p><p>\u2714 Respectueux de l'environnement : Fabriqu\u00e9 en plastique ABS recycl\u00e9 100%, contribuant \u00e0 une plan\u00e8te plus verte.<\/p>\n\t\t\t\t\t<\/div>\n\t\t\t\t\t\t<\/div>\n\t\t\t\t<\/div>\n\t\t\t\t<\/div>\n\t\t<div class=\"elementor-element elementor-element-98c4ff4 e-con-full e-flex e-con e-child\" data-id=\"98c4ff4\" data-element_type=\"container\" data-e-type=\"container\">\n\t\t<div class=\"wd-negative-gap elementor-element elementor-element-cfb94ce e-flex e-con-boxed e-con e-child\" data-id=\"cfb94ce\" data-element_type=\"container\" data-e-type=\"container\">\n\t\t\t\t\t<div class=\"e-con-inner\">\n\t\t\t\t<div class=\"elementor-element elementor-element-98a14a3 elementor-widget elementor-widget-wd_text_block\" data-id=\"98a14a3\" data-element_type=\"widget\" data-e-type=\"widget\" data-widget_type=\"wd_text_block.default\">\n\t\t\t\t<div class=\"elementor-widget-container\">\n\t\t\t\t\t\t\t<div class=\"wd-text-block reset-last-child text-left\">\n\t\t\t\n\t\t\t<blockquote><h5>Composants :<\/h5><\/blockquote><p>\u2714 Pelle avec support<\/p><p>\u2714 Rideau (peut \u00eatre clips\u00e9 ou retir\u00e9)<\/p><p>\u2714 Fond avec coussinets<\/p><p>\u00a0<\/p>\n\t\t\t\t\t<\/div>\n\t\t\t\t\t\t<\/div>\n\t\t\t\t<\/div>\n\t\t\t\t<div class=\"elementor-element elementor-element-e9e0cca elementor-widget elementor-widget-wd_infobox\" data-id=\"e9e0cca\" data-element_type=\"widget\" data-e-type=\"widget\" data-widget_type=\"wd_infobox.default\">\n\t\t\t\t<div class=\"elementor-widget-container\">\n\t\t\t\t\t\t\t<div class=\"info-box-wrapper\">\n\t\t\t<div class=\"wd-info-box text-center box-icon-align-top box-style-base color-scheme-\">\n\t\t\t\t\t\t\t\t\t<div class=\"box-icon-wrapper  box-with-icon box-icon-simple\">\n\t\t\t\t\t\t<div class=\"info-box-icon\">\n\t\t\t\t\t\t\t\t\t\t\t\t\t\t\t<img loading=\"lazy\" decoding=\"async\" width=\"150\" height=\"150\" src=\"https:\/\/koussikou.ch\/wp-content\/uploads\/2024\/05\/image-40-150x150.webp\" class=\"attachment-thumbnail size-thumbnail\" alt=\"Salon moderne et confortable avec un d\u00e9cor \u00e9l\u00e9gant.\" srcset=\"https:\/\/koussikou.ch\/wp-content\/uploads\/2024\/05\/image-40-150x150.webp 150w, https:\/\/koussikou.ch\/wp-content\/uploads\/2024\/05\/image-40-300x300.webp 300w, https:\/\/koussikou.ch\/wp-content\/uploads\/2024\/05\/image-40-800x800.webp 800w, https:\/\/koussikou.ch\/wp-content\/uploads\/2024\/05\/image-40-768x768.webp 768w, https:\/\/koussikou.ch\/wp-content\/uploads\/2024\/05\/image-40-12x12.webp 12w, https:\/\/koussikou.ch\/wp-content\/uploads\/2024\/05\/image-40-430x430.webp 430w, https:\/\/koussikou.ch\/wp-content\/uploads\/2024\/05\/image-40-700x700.webp 700w, https:\/\/koussikou.ch\/wp-content\/uploads\/2024\/05\/image-40.webp 1000w\" sizes=\"auto, (max-width: 150px) 100vw, 150px\" \/>\t\t\t\t\t\t\t\t\t\t\t\t\t<\/div>\n\t\t\t\t\t<\/div>\n\t\t\t\t\n\t\t\t\t<div class=\"info-box-content\">\n\t\t\t\t\t\n\t\t\t\t\t\t\t\t\t\t\t<h4\t\t\t\t\t\tclass=\"info-box-title title box-title-style-default wd-fontsize-m\" data-elementor-setting-key=\"title\">\n\t\t\t\t\t\t\t\tDome - Manual\t\t\t\t\t\t<\/h4>\n\t\t\t\t\t\n\t\t\t\t\t<div class=\"info-box-inner reset-last-child\"data-elementor-setting-key=\"content\"><p><a href=\"https:\/\/koussikou.ch\/wp-content\/uploads\/2024\/05\/hoopo-dome-litter-box-manual-300x145mm-20210412-ou.pdf\" target=\"_blank\" rel=\"noopener\">Instructions<\/a><\/p>\n<\/div>\n\n\t\t\t\t\t\t\t\t\t<\/div>\n\n\t\t\t\t\t\t\t<\/div>\n\t\t<\/div>\n\t\t\t\t\t\t<\/div>\n\t\t\t\t<\/div>\n\t\t\t\t\t<\/div>\n\t\t\t\t<\/div>\n\t\t\t\t<\/div>\n\t\t\t\t\t<\/div>\n\t\t\t\t<\/div>\n\t\t\t\t<\/div>","protected":false},"excerpt":{"rendered":"<p>Am\u00e9liorez l'exp\u00e9rience de votre chat en mati\u00e8re de liti\u00e8re et rehaussez le style de votre maison avec le bac \u00e0 liti\u00e8re pour chat Dome, disponible en blanc \u00e9pur\u00e9 et en gris \u00e9l\u00e9gant.<\/p>","protected":false},"featured_media":27736,"template":"","meta":[],"product_brand":[],"product_cat":[42,104,121],"product_tag":[122,123],"class_list":{"0":"post-27747","1":"product","2":"type-product","3":"status-publish","4":"has-post-thumbnail","6":"product_cat-all","7":"product_cat-cats","8":"product_cat-toilet","9":"product_tag-cats","10":"product_tag-litters","12":"first","13":"outofstock","14":"featured","15":"shipping-taxable","16":"purchasable","17":"product-type-variable"},"_links":{"self":[{"href":"https:\/\/koussikou.ch\/fr\/wp-json\/wp\/v2\/product\/27747","targetHints":{"allow":["GET"]}}],"collection":[{"href":"https:\/\/koussikou.ch\/fr\/wp-json\/wp\/v2\/product"}],"about":[{"href":"https:\/\/koussikou.ch\/fr\/wp-json\/wp\/v2\/types\/product"}],"version-history":[{"count":0,"href":"https:\/\/koussikou.ch\/fr\/wp-json\/wp\/v2\/product\/27747\/revisions"}],"wp:featuredmedia":[{"embeddable":true,"href":"https:\/\/koussikou.ch\/fr\/wp-json\/wp\/v2\/media\/27736"}],"wp:attachment":[{"href":"https:\/\/koussikou.ch\/fr\/wp-json\/wp\/v2\/media?parent=27747"}],"wp:term":[{"taxonomy":"product_brand","embeddable":true,"href":"https:\/\/koussikou.ch\/fr\/wp-json\/wp\/v2\/product_brand?post=27747"},{"taxonomy":"product_cat","embeddable":true,"href":"https:\/\/koussikou.ch\/fr\/wp-json\/wp\/v2\/product_cat?post=27747"},{"taxonomy":"product_tag","embeddable":true,"href":"https:\/\/koussikou.ch\/fr\/wp-json\/wp\/v2\/product_tag?post=27747"}],"curies":[{"name":"wp","href":"https:\/\/api.w.org\/{rel}","templated":true}]}}