{"id":27797,"date":"2020-06-30T19:21:54","date_gmt":"2020-06-30T17:21:54","guid":{"rendered":"https:\/\/koussikou.ch\/?post_type=product&#038;p=27797"},"modified":"2026-04-08T20:40:07","modified_gmt":"2026-04-08T18:40:07","slug":"dome-plus-cat-litter-box","status":"publish","type":"product","link":"https:\/\/koussikou.ch\/fr\/produit\/dome-plus-cat-litter-box\/","title":{"rendered":"Hoopo - Dome Plus"},"content":{"rendered":"<div data-elementor-type=\"wp-post\" data-elementor-id=\"27797\" class=\"elementor elementor-27797\">\n\t\t\t\t<div class=\"wd-negative-gap elementor-element elementor-element-1367581 e-flex e-con-boxed e-con e-parent\" data-id=\"1367581\" data-element_type=\"container\" data-e-type=\"container\">\n\t\t\t\t\t<div class=\"e-con-inner\">\n\t\t<div class=\"elementor-element elementor-element-45a63ba e-con-full e-flex e-con e-child\" data-id=\"45a63ba\" data-element_type=\"container\" data-e-type=\"container\">\n\t\t\t\t<div class=\"elementor-element elementor-element-7e1d203 elementor-widget elementor-widget-wd_text_block\" data-id=\"7e1d203\" data-element_type=\"widget\" data-e-type=\"widget\" data-widget_type=\"wd_text_block.default\">\n\t\t\t\t<div class=\"elementor-widget-container\">\n\t\t\t\t\t\t\t<div class=\"wd-text-block reset-last-child text-left\">\n\t\t\t\n\t\t\t<blockquote><h5>Le bac \u00e0 liti\u00e8re Dome Plus est un m\u00e9lange parfait de style, de fonctionnalit\u00e9 et de commodit\u00e9.<\/h5><\/blockquote><p>Con\u00e7ue pour r\u00e9pondre aux besoins des chats et de leurs propri\u00e9taires, l'application <strong><span style=\"color: #83b735;\">Dome Plus<\/span><\/strong> offre une solution sophistiqu\u00e9e aux besoins en liti\u00e8re de votre animal de compagnie tout en am\u00e9liorant le d\u00e9cor de votre maison.<\/p><p>Design \u00e9l\u00e9gant et moderne : Le Dome Plus pr\u00e9sente un design \u00e9l\u00e9gant et contemporain qui s'adapte parfaitement \u00e0 tous les styles d'int\u00e9rieur. Disponible en blanc et en gris, ce bac \u00e0 liti\u00e8re n'a pas besoin d'\u00eatre cach\u00e9. Son apparence \u00e9l\u00e9gante en fait un ajout appr\u00e9ci\u00e9 dans n'importe quelle pi\u00e8ce.<\/p><p>Durable et \u00e9cologique : Fabriqu\u00e9 en plastique ABS recycl\u00e9 100%, le Dome Plus est con\u00e7u pour durer. Sa construction robuste garantit sa durabilit\u00e9, tandis que son mat\u00e9riau \u00e9cologique contribue \u00e0 rendre la plan\u00e8te plus verte.<\/p><p>Caract\u00e9ristiques pratiques : Le Dome Plus a \u00e9t\u00e9 con\u00e7u dans un souci de commodit\u00e9. Il comprend un bac de r\u00e9cup\u00e9ration externe qui emp\u00eache les gravillons de se r\u00e9pandre, ce qui permet de garder vos sols propres. Le bac \u00e0 liti\u00e8re est \u00e9galement facile \u00e0 nettoyer, pour un entretien sans souci.<\/p><blockquote><h5>Convient-il \u00e0 votre chat ?<\/h5><\/blockquote><p>Le bac \u00e0 liti\u00e8re Dome Plus convient pour <strong><span style=\"color: #83b735;\">chats de petite \u00e0 grande taille<\/span><\/strong>. Cependant, il ne convient pas aux chats qui ne peuvent pas uriner en position assise ou \u00e0 ceux qui s'aspergent.<\/p><blockquote><h5>Principaux avantages :<\/h5><\/blockquote><p>\u2714 Pratique et facile \u00e0 nettoyer : Le nettoyage est un jeu d'enfant gr\u00e2ce \u00e0 sa conception conviviale.<\/p><p>\u2714 Plus de poussi\u00e8re sur le sol : Le bac de r\u00e9cup\u00e9ration interne permet de contenir la liti\u00e8re.<\/p><p>\u2714 Un ajout \u00e9l\u00e9gant \u00e0 votre maison : Son design \u00e9l\u00e9gant compl\u00e8te n'importe quel int\u00e9rieur.<\/p><p>\u2714 Acc\u00e8s facile pour votre chat : Con\u00e7u pour le confort de votre chat.<\/p><p>\u2714 Respectueux de l'environnement : Fabriqu\u00e9 en plastique ABS recycl\u00e9 100%, contribuant \u00e0 une plan\u00e8te plus verte.<\/p>\n\t\t\t\t\t<\/div>\n\t\t\t\t\t\t<\/div>\n\t\t\t\t<\/div>\n\t\t\t\t<\/div>\n\t\t<div class=\"elementor-element elementor-element-f748b54 e-con-full e-flex e-con e-child\" data-id=\"f748b54\" data-element_type=\"container\" data-e-type=\"container\">\n\t\t<div class=\"wd-negative-gap elementor-element elementor-element-97f6c04 e-flex e-con-boxed e-con e-child\" data-id=\"97f6c04\" data-element_type=\"container\" data-e-type=\"container\">\n\t\t\t\t\t<div class=\"e-con-inner\">\n\t\t\t\t<div class=\"elementor-element elementor-element-1cd059c elementor-widget elementor-widget-wd_text_block\" data-id=\"1cd059c\" data-element_type=\"widget\" data-e-type=\"widget\" data-widget_type=\"wd_text_block.default\">\n\t\t\t\t<div class=\"elementor-widget-container\">\n\t\t\t\t\t\t\t<div class=\"wd-text-block reset-last-child text-left\">\n\t\t\t\n\t\t\t<blockquote><h5><span style=\"color: #83b735;\">Composants :\u00a0<\/span><\/h5><\/blockquote><p>\u2714 Bac d'\u00e9gouttage avec petit r\u00e9cipient<\/p><p>\u2714 Pelle avec support<\/p><p>\u2714 Rideau (peut \u00eatre clips\u00e9 ou retir\u00e9)<\/p><p>\u2714 Fond avec coussinets<\/p>\n\t\t\t\t\t<\/div>\n\t\t\t\t\t\t<\/div>\n\t\t\t\t<\/div>\n\t\t\t\t\t<\/div>\n\t\t\t\t<\/div>\n\t\t<div class=\"wd-negative-gap elementor-element elementor-element-97c72be e-flex e-con-boxed e-con e-child\" data-id=\"97c72be\" data-element_type=\"container\" data-e-type=\"container\">\n\t\t\t\t\t<div class=\"e-con-inner\">\n\t\t\t\t<div class=\"elementor-element elementor-element-365d597 elementor-widget elementor-widget-wd_text_block\" data-id=\"365d597\" data-element_type=\"widget\" data-e-type=\"widget\" data-widget_type=\"wd_text_block.default\">\n\t\t\t\t<div class=\"elementor-widget-container\">\n\t\t\t\t\t\t\t<div class=\"wd-text-block reset-last-child text-left\">\n\t\t\t\n\t\t\t\n\t\t\t\t\t<\/div>\n\t\t\t\t\t\t<\/div>\n\t\t\t\t<\/div>\n\t\t\t\t<div class=\"elementor-element elementor-element-9ee98eb elementor-widget elementor-widget-wd_infobox\" data-id=\"9ee98eb\" data-element_type=\"widget\" data-e-type=\"widget\" data-widget_type=\"wd_infobox.default\">\n\t\t\t\t<div class=\"elementor-widget-container\">\n\t\t\t\t\t\t\t<div class=\"info-box-wrapper\">\n\t\t\t<div class=\"wd-info-box text-center box-icon-align-top box-style-base color-scheme-\">\n\t\t\t\t\t\t\t\t\t<div class=\"box-icon-wrapper  box-with-icon box-icon-simple\">\n\t\t\t\t\t\t<div class=\"info-box-icon\">\n\t\t\t\t\t\t\t\t\t\t\t\t\t\t\t<img loading=\"lazy\" decoding=\"async\" width=\"150\" height=\"150\" src=\"https:\/\/koussikou.ch\/wp-content\/uploads\/2024\/05\/image-50-150x150.webp\" class=\"attachment-thumbnail size-thumbnail\" alt=\"Magnifique coucher de soleil sur un lac serein avec des montagnes.\" srcset=\"https:\/\/koussikou.ch\/wp-content\/uploads\/2024\/05\/image-50-150x150.webp 150w, https:\/\/koussikou.ch\/wp-content\/uploads\/2024\/05\/image-50-300x300.webp 300w, https:\/\/koussikou.ch\/wp-content\/uploads\/2024\/05\/image-50-800x800.webp 800w, https:\/\/koussikou.ch\/wp-content\/uploads\/2024\/05\/image-50-768x768.webp 768w, https:\/\/koussikou.ch\/wp-content\/uploads\/2024\/05\/image-50-12x12.webp 12w, https:\/\/koussikou.ch\/wp-content\/uploads\/2024\/05\/image-50-430x430.webp 430w, https:\/\/koussikou.ch\/wp-content\/uploads\/2024\/05\/image-50-700x700.webp 700w, https:\/\/koussikou.ch\/wp-content\/uploads\/2024\/05\/image-50.webp 1000w\" sizes=\"auto, (max-width: 150px) 100vw, 150px\" \/>\t\t\t\t\t\t\t\t\t\t\t\t\t<\/div>\n\t\t\t\t\t<\/div>\n\t\t\t\t\n\t\t\t\t<div class=\"info-box-content\">\n\t\t\t\t\t\n\t\t\t\t\t\t\t\t\t\t\t<h4\t\t\t\t\t\tclass=\"info-box-title title box-title-style-default wd-fontsize-m\" data-elementor-setting-key=\"title\">\n\t\t\t\t\t\t\t\tDome Plus - Manuel\t\t\t\t\t\t<\/h4>\n\t\t\t\t\t\n\t\t\t\t\t<div class=\"info-box-inner reset-last-child\"data-elementor-setting-key=\"content\"><p><a href=\"https:\/\/koussikou.ch\/wp-content\/uploads\/2024\/05\/hoopo-dome-plus-litter-box-manual-300x145mm-202104.pdf\" target=\"_blank\" rel=\"noopener\">Instructions<\/a><\/p>\n<\/div>\n\n\t\t\t\t\t\t\t\t\t<\/div>\n\n\t\t\t\t\t\t\t<\/div>\n\t\t<\/div>\n\t\t\t\t\t\t<\/div>\n\t\t\t\t<\/div>\n\t\t\t\t\t<\/div>\n\t\t\t\t<\/div>\n\t\t\t\t<\/div>\n\t\t\t\t\t<\/div>\n\t\t\t\t<\/div>\n\t\t\t\t<\/div>","protected":false},"excerpt":{"rendered":"<p>Voici le bac \u00e0 liti\u00e8re Dome Plus, qui allie un design \u00e9l\u00e9gant \u00e0 une praticit\u00e9 et une facilit\u00e9 d'utilisation exceptionnelles.<\/p>","protected":false},"featured_media":27818,"template":"","meta":[],"product_brand":[],"product_cat":[42,104,121],"product_tag":[122,123],"class_list":{"0":"post-27797","1":"product","2":"type-product","3":"status-publish","4":"has-post-thumbnail","6":"product_cat-all","7":"product_cat-cats","8":"product_cat-toilet","9":"product_tag-cats","10":"product_tag-litters","12":"first","13":"outofstock","14":"featured","15":"shipping-taxable","16":"purchasable","17":"product-type-variable"},"_links":{"self":[{"href":"https:\/\/koussikou.ch\/fr\/wp-json\/wp\/v2\/product\/27797","targetHints":{"allow":["GET"]}}],"collection":[{"href":"https:\/\/koussikou.ch\/fr\/wp-json\/wp\/v2\/product"}],"about":[{"href":"https:\/\/koussikou.ch\/fr\/wp-json\/wp\/v2\/types\/product"}],"version-history":[{"count":1,"href":"https:\/\/koussikou.ch\/fr\/wp-json\/wp\/v2\/product\/27797\/revisions"}],"predecessor-version":[{"id":33070,"href":"https:\/\/koussikou.ch\/fr\/wp-json\/wp\/v2\/product\/27797\/revisions\/33070"}],"wp:featuredmedia":[{"embeddable":true,"href":"https:\/\/koussikou.ch\/fr\/wp-json\/wp\/v2\/media\/27818"}],"wp:attachment":[{"href":"https:\/\/koussikou.ch\/fr\/wp-json\/wp\/v2\/media?parent=27797"}],"wp:term":[{"taxonomy":"product_brand","embeddable":true,"href":"https:\/\/koussikou.ch\/fr\/wp-json\/wp\/v2\/product_brand?post=27797"},{"taxonomy":"product_cat","embeddable":true,"href":"https:\/\/koussikou.ch\/fr\/wp-json\/wp\/v2\/product_cat?post=27797"},{"taxonomy":"product_tag","embeddable":true,"href":"https:\/\/koussikou.ch\/fr\/wp-json\/wp\/v2\/product_tag?post=27797"}],"curies":[{"name":"wp","href":"https:\/\/api.w.org\/{rel}","templated":true}]}}