{"id":27909,"date":"2024-05-11T16:32:55","date_gmt":"2024-05-11T14:32:55","guid":{"rendered":"https:\/\/koussikou.ch\/?post_type=product&#038;p=27909"},"modified":"2024-08-13T07:29:24","modified_gmt":"2024-08-13T05:29:24","slug":"donut-cat-bed","status":"publish","type":"product","link":"https:\/\/koussikou.ch\/fr\/produit\/donut-cat-bed\/","title":{"rendered":"Hoopo \u2013 Donut Bed"},"content":{"rendered":"<p>Le magnifique design du lit <span style=\"color: #83b735;\"><strong>Donut<\/strong><\/span> allie le plus grand savoir-faire aux mat\u00e9riaux les plus nobles. Ce lit doux pour chat est disponible plusieurs couleurs qui s'int\u00e8grent parfaitement \u00e0 tous les int\u00e9rieurs. Et lorsque le lit se salit, il peut \u00eatre facilement lav\u00e9 en machine.<\/p>\n<blockquote>\n<h5>Principaux avantages<\/h5>\n<\/blockquote>\n<p>\u2714 Coussin tout doux et confortable<\/p>\n<p>\u2714 Lavable en machine \u00e0 30\u00baC.<\/p>\n<p>\u2714 Emballage respectueux du CO2.<\/p>\n<p>\u2714 Un bel ajout \u00e0 votre d\u00e9coration int\u00e9rieure.<\/p>\n<p>\u2714 Les chats peuvent mettre leurs pattes dans le trou pour une position de couchage id\u00e9ale.<\/p>\n<blockquote>\n<h5>Convient-il \u00e0 mon chat ?<\/h5>\n<\/blockquote>\n<p>Le Donut convient \u00e0 tous les chats. Il peut \u00e9galement \u00eatre utilis\u00e9 comme lit portable, permettant \u00e0 votre chat de profiter de son confort o\u00f9 que vous alliez.<\/p>","protected":false},"excerpt":{"rendered":"<p>Profitez des plus beaux r\u00eaves de chat dans ce lit extr\u00eamement confortable tout au long de la journ\u00e9e.<\/p>","protected":false},"featured_media":27930,"template":"","meta":[],"product_brand":[],"product_cat":[42,104,32,129],"product_tag":[127,122,128],"class_list":{"0":"post-27909","1":"product","2":"type-product","3":"status-publish","4":"has-post-thumbnail","6":"product_cat-all","7":"product_cat-cats","8":"product_cat-furniture","9":"product_cat-sleep-relax-cats","10":"product_tag-beds","11":"product_tag-cats","12":"product_tag-cushions","14":"first","15":"instock","16":"shipping-taxable","17":"purchasable","18":"product-type-variable"},"_links":{"self":[{"href":"https:\/\/koussikou.ch\/fr\/wp-json\/wp\/v2\/product\/27909","targetHints":{"allow":["GET"]}}],"collection":[{"href":"https:\/\/koussikou.ch\/fr\/wp-json\/wp\/v2\/product"}],"about":[{"href":"https:\/\/koussikou.ch\/fr\/wp-json\/wp\/v2\/types\/product"}],"version-history":[{"count":2,"href":"https:\/\/koussikou.ch\/fr\/wp-json\/wp\/v2\/product\/27909\/revisions"}],"predecessor-version":[{"id":32492,"href":"https:\/\/koussikou.ch\/fr\/wp-json\/wp\/v2\/product\/27909\/revisions\/32492"}],"wp:featuredmedia":[{"embeddable":true,"href":"https:\/\/koussikou.ch\/fr\/wp-json\/wp\/v2\/media\/27930"}],"wp:attachment":[{"href":"https:\/\/koussikou.ch\/fr\/wp-json\/wp\/v2\/media?parent=27909"}],"wp:term":[{"taxonomy":"product_brand","embeddable":true,"href":"https:\/\/koussikou.ch\/fr\/wp-json\/wp\/v2\/product_brand?post=27909"},{"taxonomy":"product_cat","embeddable":true,"href":"https:\/\/koussikou.ch\/fr\/wp-json\/wp\/v2\/product_cat?post=27909"},{"taxonomy":"product_tag","embeddable":true,"href":"https:\/\/koussikou.ch\/fr\/wp-json\/wp\/v2\/product_tag?post=27909"}],"curies":[{"name":"wp","href":"https:\/\/api.w.org\/{rel}","templated":true}]}}