{"id":28023,"date":"2024-04-08T18:25:18","date_gmt":"2024-04-08T16:25:18","guid":{"rendered":"https:\/\/koussikou.ch\/?post_type=product&#038;p=28023"},"modified":"2025-04-28T11:16:22","modified_gmt":"2025-04-28T09:16:22","slug":"hoopo-tower-ergonomic-feeder","status":"publish","type":"product","link":"https:\/\/koussikou.ch\/fr\/produit\/hoopo-tower-ergonomic-feeder\/","title":{"rendered":"Hoopo - Tower"},"content":{"rendered":"<p>Le <span style=\"color: #83b735;\"><strong>bol Tower ergonomique<\/strong><\/span> est fabriqu\u00e9 en porcelaine durable de haute qualit\u00e9 et a une hauteur ergonomique parfaite. La gamelle pour chat se combine parfaitement avec le Slowfeeder The Ring et, gr\u00e2ce aux diff\u00e9rentes couleurs, vous pouvez les m\u00e9langer et les assortir de mani\u00e8re cr\u00e9ative.<\/p>\n<blockquote>\n<h5>Principaux avantages<\/h5>\n<\/blockquote>\n<p>\u2714 Utiliser pour la nourriture ou pour l'eau.<br \/>\n\u2714 Conception ergonomique pour une position saine pour manger ou boire, m\u00eame pour les chats souffrant d'arthrite.<br \/>\n\u2714 Parfait \u00e0 utiliser en combinaison avec le Slowfeeder The Ring.<br \/>\n\u2714 Il se tient fermement gr\u00e2ce \u00e0 sa conception stable et \u00e0 son poids.<br \/>\n\u2714 Il est \u00e9quip\u00e9 d'une poign\u00e9e permettant de le soulever facilement.<br \/>\n\u2714 Fabriqu\u00e9 en porcelaine durable et de haute qualit\u00e9.<br \/>\n\u2714 Lavable au lave-vaisselle.<\/p>\n<blockquote>\n<h5>Convient-il \u00e0 mon chat ?<\/h5>\n<\/blockquote>\n<p>Le bol Tower convient \u00e0 tous les chats et, gr\u00e2ce \u00e0 sa hauteur ergonomique, elle est \u00e9galement id\u00e9ale pour les chats souffrant d'arthrite.<\/p>","protected":false},"excerpt":{"rendered":"<p>Les gamelles sur\u00e9lev\u00e9es permettent \u00e0 votre chat de manger dans une position correcte, m\u00eame pour les chats souffrant d'arthrite.<\/p>","protected":false},"featured_media":28029,"template":"","meta":[],"product_brand":[],"product_cat":[42,104,133],"product_tag":[],"class_list":{"0":"post-28023","1":"product","2":"type-product","3":"status-publish","4":"has-post-thumbnail","6":"product_cat-all","7":"product_cat-cats","8":"product_cat-eat-cats","10":"first","11":"instock","12":"shipping-taxable","13":"purchasable","14":"product-type-variable"},"_links":{"self":[{"href":"https:\/\/koussikou.ch\/fr\/wp-json\/wp\/v2\/product\/28023","targetHints":{"allow":["GET"]}}],"collection":[{"href":"https:\/\/koussikou.ch\/fr\/wp-json\/wp\/v2\/product"}],"about":[{"href":"https:\/\/koussikou.ch\/fr\/wp-json\/wp\/v2\/types\/product"}],"version-history":[{"count":1,"href":"https:\/\/koussikou.ch\/fr\/wp-json\/wp\/v2\/product\/28023\/revisions"}],"predecessor-version":[{"id":33002,"href":"https:\/\/koussikou.ch\/fr\/wp-json\/wp\/v2\/product\/28023\/revisions\/33002"}],"wp:featuredmedia":[{"embeddable":true,"href":"https:\/\/koussikou.ch\/fr\/wp-json\/wp\/v2\/media\/28029"}],"wp:attachment":[{"href":"https:\/\/koussikou.ch\/fr\/wp-json\/wp\/v2\/media?parent=28023"}],"wp:term":[{"taxonomy":"product_brand","embeddable":true,"href":"https:\/\/koussikou.ch\/fr\/wp-json\/wp\/v2\/product_brand?post=28023"},{"taxonomy":"product_cat","embeddable":true,"href":"https:\/\/koussikou.ch\/fr\/wp-json\/wp\/v2\/product_cat?post=28023"},{"taxonomy":"product_tag","embeddable":true,"href":"https:\/\/koussikou.ch\/fr\/wp-json\/wp\/v2\/product_tag?post=28023"}],"curies":[{"name":"wp","href":"https:\/\/api.w.org\/{rel}","templated":true}]}}