{"id":28273,"date":"2024-02-12T00:08:56","date_gmt":"2024-02-11T22:08:56","guid":{"rendered":"https:\/\/koussikou.ch\/?post_type=product&#038;p=28273"},"modified":"2025-05-02T13:11:15","modified_gmt":"2025-05-02T11:11:15","slug":"hoopo-ring-slowfeeder","status":"publish","type":"product","link":"https:\/\/koussikou.ch\/fr\/produit\/hoopo-ring-slowfeeder\/","title":{"rendered":"Hoopo - Ring"},"content":{"rendered":"<div data-elementor-type=\"wp-post\" data-elementor-id=\"28273\" class=\"elementor elementor-28273\">\n\t\t\t\t<div class=\"wd-negative-gap elementor-element elementor-element-1034d52d e-flex e-con-boxed e-con e-parent\" data-id=\"1034d52d\" data-element_type=\"container\" data-e-type=\"container\">\n\t\t\t\t\t<div class=\"e-con-inner\">\n\t\t\t\t<div class=\"elementor-element elementor-element-61a01fad color-scheme-inherit text-left elementor-widget elementor-widget-text-editor\" data-id=\"61a01fad\" data-element_type=\"widget\" data-e-type=\"widget\" data-widget_type=\"text-editor.default\">\n\t\t\t\t<div class=\"elementor-widget-container\">\n\t\t\t\t\t\t\t\t\t<p>Les zones peu profondes et larges du <strong><span style=\"color: #83b735;\">Ring SlowFeeder<\/span><\/strong> emp\u00eache la fatigue des moustaches et convient \u00e9galement aux chats \u00e0 t\u00eate plate.<\/p><p>La nourriture pour chats peut \u00eatre \u00e9parpill\u00e9e dans l'anneau pour encourager les gens \u00e0 manger calmement.<\/p><p>Le slowfeeder a un design \u00e9l\u00e9gant et est fabriqu\u00e9 en porcelaine durable et de haute qualit\u00e9.<\/p><p>Disponible en 3 couleurs diff\u00e9rentes, m\u00e9langez-les de mani\u00e8re cr\u00e9ative.<\/p><blockquote><h5>Principaux avantages<\/h5><\/blockquote><p>\u2714 Emp\u00eache de manger trop vite et encourage le jeu.<\/p><p>\u2714 Le design plat et large \u00e9vite la fatigue des moustaches.<\/p><p>\u2714 Il se tient fermement gr\u00e2ce \u00e0 sa conception stable et \u00e0 son poids.<\/p><p>\u2714 Fabriqu\u00e9 en porcelaine durable et de haute qualit\u00e9.<\/p><p>\u2714 Parfait pour \u00eatre utilis\u00e9 en combinaison avec le Tower feeder de Hoopo.<\/p><p>\u2714 Lavable au lave-vaisselle.<\/p><blockquote><h5>Convient-il \u00e0 mon chat ?<\/h5><\/blockquote><p>Le Ring slowfeeder convient \u00e0 tous les chats et est \u00e9galement id\u00e9ale lorsque votre chat mange trop vite ou si ses moustaches sont surstimul\u00e9es.<\/p>\t\t\t\t\t\t\t\t<\/div>\n\t\t\t\t<\/div>\n\t\t\t\t\t<\/div>\n\t\t\t\t<\/div>\n\t\t\t\t<\/div>","protected":false},"excerpt":{"rendered":"<p>Le Ring slowfeeder \u00e0 anneau large et peu profond \u00e9vite la fatigue des moustaches.<\/p>","protected":false},"featured_media":28289,"template":"","meta":[],"product_brand":[],"product_cat":[42,104,133],"product_tag":[],"class_list":{"0":"post-28273","1":"product","2":"type-product","3":"status-publish","4":"has-post-thumbnail","6":"product_cat-all","7":"product_cat-cats","8":"product_cat-eat-cats","10":"first","11":"instock","12":"shipping-taxable","13":"purchasable","14":"product-type-variable"},"_links":{"self":[{"href":"https:\/\/koussikou.ch\/fr\/wp-json\/wp\/v2\/product\/28273","targetHints":{"allow":["GET"]}}],"collection":[{"href":"https:\/\/koussikou.ch\/fr\/wp-json\/wp\/v2\/product"}],"about":[{"href":"https:\/\/koussikou.ch\/fr\/wp-json\/wp\/v2\/types\/product"}],"version-history":[{"count":1,"href":"https:\/\/koussikou.ch\/fr\/wp-json\/wp\/v2\/product\/28273\/revisions"}],"predecessor-version":[{"id":33004,"href":"https:\/\/koussikou.ch\/fr\/wp-json\/wp\/v2\/product\/28273\/revisions\/33004"}],"wp:featuredmedia":[{"embeddable":true,"href":"https:\/\/koussikou.ch\/fr\/wp-json\/wp\/v2\/media\/28289"}],"wp:attachment":[{"href":"https:\/\/koussikou.ch\/fr\/wp-json\/wp\/v2\/media?parent=28273"}],"wp:term":[{"taxonomy":"product_brand","embeddable":true,"href":"https:\/\/koussikou.ch\/fr\/wp-json\/wp\/v2\/product_brand?post=28273"},{"taxonomy":"product_cat","embeddable":true,"href":"https:\/\/koussikou.ch\/fr\/wp-json\/wp\/v2\/product_cat?post=28273"},{"taxonomy":"product_tag","embeddable":true,"href":"https:\/\/koussikou.ch\/fr\/wp-json\/wp\/v2\/product_tag?post=28273"}],"curies":[{"name":"wp","href":"https:\/\/api.w.org\/{rel}","templated":true}]}}