{"id":28293,"date":"2021-12-09T21:05:20","date_gmt":"2021-12-09T19:05:20","guid":{"rendered":"https:\/\/koussikou.ch\/?post_type=product&#038;p=28293"},"modified":"2024-06-22T01:33:54","modified_gmt":"2024-06-21T23:33:54","slug":"groomy-brosse-de-soin","status":"publish","type":"product","link":"https:\/\/koussikou.ch\/fr\/produit\/groomy-brosse-de-soin\/","title":{"rendered":"Groomy - Brosse de soins"},"content":{"rendered":"<div data-elementor-type=\"wp-post\" data-elementor-id=\"28293\" class=\"elementor elementor-28293\">\n\t\t\t\t<div class=\"wd-negative-gap elementor-element elementor-element-9194d1e e-flex e-con-boxed e-con e-parent\" data-id=\"9194d1e\" data-element_type=\"container\" data-e-type=\"container\">\n\t\t\t\t\t<div class=\"e-con-inner\">\n\t\t\t\t<div class=\"elementor-element elementor-element-a3c67ae elementor-widget elementor-widget-wd_text_block\" data-id=\"a3c67ae\" data-element_type=\"widget\" data-e-type=\"widget\" data-widget_type=\"wd_text_block.default\">\n\t\t\t\t<div class=\"elementor-widget-container\">\n\t\t\t\t\t\t\t<div class=\"wd-text-block reset-last-child text-left\">\n\t\t\t\n\t\t\t<h4>La brosse Groomy Care pour chats \u00e0 poils courts<\/h4><h5>Qualit\u00e9 suisse<\/h5><p>L'outil de toilettage ultime pour toutes les races de chats, fabriqu\u00e9 en silicone 100% de haute qualit\u00e9. <span style=\"color: #83b735;\"><strong>La brosse Groomy Care<\/strong><\/span> non seulement renforce et entretient le pelage, mais nourrit \u00e9galement le tissu sous-cutan\u00e9 sous-jacent, favorisant ainsi la sant\u00e9 globale de la peau.<\/p><p>\u2714 Convient \u00e0 toutes les races de chats : Parfait pour les chats \u00e0 poils courts comme \u00e0 poils longs.<\/p><p>\u2714 100% Silicone de qualit\u00e9 sup\u00e9rieure : Doux, durable et doux pour la peau de votre animal de compagnie.<\/p><p>\u2714 Am\u00e9liore la sant\u00e9 du pelage : Renforce le pelage, le rendant brillant et sain.<\/p><p>\u2714 Massage th\u00e9rapeutique : Propose un massage doux qui stimule le m\u00e9tabolisme et favorise la gu\u00e9rison des muscles, de la peau et des articulations.<\/p><p>\u2714 \u00c9limination efficace des poils : \u00c9limine facilement les poils perdus de votre animal de compagnie.<\/p><p>La brosse Groomy Care garantit une exp\u00e9rience de toilettage apaisante, ce qui en fait un accessoire indispensable pour tous les propri\u00e9taires de chats. Transformez les s\u00e9ances de toilettage en une routine relaxante et th\u00e9rapeutique, tout en pr\u00e9servant votre maison des poils perdus.<\/p>\n\t\t\t\t\t<\/div>\n\t\t\t\t\t\t<\/div>\n\t\t\t\t<\/div>\n\t\t\t\t\t<\/div>\n\t\t\t\t<\/div>\n\t\t\t\t<\/div>","protected":false},"excerpt":{"rendered":"<p>Cet outil fabriqu\u00e9 en Suisse permet d'\u00e9liminer sans effort les poils morts, d'effectuer des massages th\u00e9rapeutiques et convient parfaitement \u00e0 toutes les races de chats.<\/p>","protected":false},"featured_media":28296,"template":"","meta":[],"product_brand":[],"product_cat":[42,104,121],"product_tag":[],"class_list":{"0":"post-28293","1":"product","2":"type-product","3":"status-publish","4":"has-post-thumbnail","6":"product_cat-all","7":"product_cat-cats","8":"product_cat-toilet","10":"first","11":"instock","12":"shipping-taxable","13":"purchasable","14":"product-type-simple"},"_links":{"self":[{"href":"https:\/\/koussikou.ch\/fr\/wp-json\/wp\/v2\/product\/28293","targetHints":{"allow":["GET"]}}],"collection":[{"href":"https:\/\/koussikou.ch\/fr\/wp-json\/wp\/v2\/product"}],"about":[{"href":"https:\/\/koussikou.ch\/fr\/wp-json\/wp\/v2\/types\/product"}],"version-history":[{"count":0,"href":"https:\/\/koussikou.ch\/fr\/wp-json\/wp\/v2\/product\/28293\/revisions"}],"wp:featuredmedia":[{"embeddable":true,"href":"https:\/\/koussikou.ch\/fr\/wp-json\/wp\/v2\/media\/28296"}],"wp:attachment":[{"href":"https:\/\/koussikou.ch\/fr\/wp-json\/wp\/v2\/media?parent=28293"}],"wp:term":[{"taxonomy":"product_brand","embeddable":true,"href":"https:\/\/koussikou.ch\/fr\/wp-json\/wp\/v2\/product_brand?post=28293"},{"taxonomy":"product_cat","embeddable":true,"href":"https:\/\/koussikou.ch\/fr\/wp-json\/wp\/v2\/product_cat?post=28293"},{"taxonomy":"product_tag","embeddable":true,"href":"https:\/\/koussikou.ch\/fr\/wp-json\/wp\/v2\/product_tag?post=28293"}],"curies":[{"name":"wp","href":"https:\/\/api.w.org\/{rel}","templated":true}]}}