{"id":28385,"date":"2024-02-21T23:37:11","date_gmt":"2024-02-21T21:37:11","guid":{"rendered":"https:\/\/koussikou.ch\/?post_type=product&#038;p=28385"},"modified":"2025-05-02T13:10:16","modified_gmt":"2025-05-02T11:10:16","slug":"hoopo-cat-food-bowl","status":"publish","type":"product","link":"https:\/\/koussikou.ch\/fr\/produit\/hoopo-cat-food-bowl\/","title":{"rendered":"Hoopo \u2013 Plate"},"content":{"rendered":"<div data-elementor-type=\"wp-post\" data-elementor-id=\"28385\" class=\"elementor elementor-28385\">\n\t\t\t\t<div class=\"wd-negative-gap elementor-element elementor-element-d61690c e-flex e-con-boxed e-con e-parent\" data-id=\"d61690c\" data-element_type=\"container\" data-e-type=\"container\">\n\t\t\t\t\t<div class=\"e-con-inner\">\n\t\t\t\t<div class=\"elementor-element elementor-element-52f69999 color-scheme-inherit text-left elementor-widget elementor-widget-text-editor\" data-id=\"52f69999\" data-element_type=\"widget\" data-e-type=\"widget\" data-widget_type=\"text-editor.default\">\n\t\t\t\t<div class=\"elementor-widget-container\">\n\t\t\t\t\t\t\t\t\t<p><span style=\"color: #83b735;\"><strong>La gamelle Plate<\/strong><\/span> est fabriqu\u00e9 en porcelaine durable de haute qualit\u00e9 et son design large et peu profond \u00e9vite la fatigue des moustaches et convient \u00e9galement aux chats \u00e0 t\u00eate plate.<\/p><p>La gamlle pour chats Plate se combine parfaitement avec le slowfeeder the Ring et la mangeoire ergonomique Tower, et les diff\u00e9rentes couleurs vous permettent de les associer de mani\u00e8re cr\u00e9ative<\/p><blockquote><h5>Principaux avantages<\/h5><\/blockquote><p>\u2714 Peut \u00eatre utilis\u00e9 comme bol d'alimentation ou d'abreuvement.<\/p><p>\u2714 Le design plat et large \u00e9vite la fatigue des moustaches.<\/p><p>\u2714 Parfait pour \u00eatre utilis\u00e9 en combinaison avec le slowfeeder the Ring et la mangeoire ergonomique Tower.<\/p><p>\u2714 Il se tient fermement gr\u00e2ce \u00e0 sa conception stable et \u00e0 son poids.<\/p><p>\u2714 Poign\u00e9e pour faciliter le levage.<\/p><p>\u2714 Fabriqu\u00e9 en porcelaine durable et de haute qualit\u00e9.<\/p><p>\u2714 Lavable au lave-vaisselle.<\/p><blockquote><h5>Convient-il \u00e0 mon chat ?<\/h5><\/blockquote><p>La gamelle Plate convient \u00e0 tous les chats et, gr\u00e2ce \u00e0 sa conception large, elle est \u00e9galement id\u00e9ale pour les chats dont les moustaches sont fatigu\u00e9es et pour les chats \u00e0 t\u00eate plate.<\/p>\t\t\t\t\t\t\t\t<\/div>\n\t\t\t\t<\/div>\n\t\t\t\t\t<\/div>\n\t\t\t\t<\/div>\n\t\t\t\t<\/div>","protected":false},"excerpt":{"rendered":"<p>La gamelle Plate, peu profond et large, \u00e9vite la fatigue des moustaches.<\/p>","protected":false},"featured_media":28398,"template":"","meta":[],"product_brand":[],"product_cat":[42,104,133],"product_tag":[],"class_list":{"0":"post-28385","1":"product","2":"type-product","3":"status-publish","4":"has-post-thumbnail","6":"product_cat-all","7":"product_cat-cats","8":"product_cat-eat-cats","10":"first","11":"instock","12":"shipping-taxable","13":"purchasable","14":"product-type-variable"},"_links":{"self":[{"href":"https:\/\/koussikou.ch\/fr\/wp-json\/wp\/v2\/product\/28385","targetHints":{"allow":["GET"]}}],"collection":[{"href":"https:\/\/koussikou.ch\/fr\/wp-json\/wp\/v2\/product"}],"about":[{"href":"https:\/\/koussikou.ch\/fr\/wp-json\/wp\/v2\/types\/product"}],"version-history":[{"count":1,"href":"https:\/\/koussikou.ch\/fr\/wp-json\/wp\/v2\/product\/28385\/revisions"}],"predecessor-version":[{"id":33003,"href":"https:\/\/koussikou.ch\/fr\/wp-json\/wp\/v2\/product\/28385\/revisions\/33003"}],"wp:featuredmedia":[{"embeddable":true,"href":"https:\/\/koussikou.ch\/fr\/wp-json\/wp\/v2\/media\/28398"}],"wp:attachment":[{"href":"https:\/\/koussikou.ch\/fr\/wp-json\/wp\/v2\/media?parent=28385"}],"wp:term":[{"taxonomy":"product_brand","embeddable":true,"href":"https:\/\/koussikou.ch\/fr\/wp-json\/wp\/v2\/product_brand?post=28385"},{"taxonomy":"product_cat","embeddable":true,"href":"https:\/\/koussikou.ch\/fr\/wp-json\/wp\/v2\/product_cat?post=28385"},{"taxonomy":"product_tag","embeddable":true,"href":"https:\/\/koussikou.ch\/fr\/wp-json\/wp\/v2\/product_tag?post=28385"}],"curies":[{"name":"wp","href":"https:\/\/api.w.org\/{rel}","templated":true}]}}