{"id":28429,"date":"2024-05-05T06:02:48","date_gmt":"2024-05-05T04:02:48","guid":{"rendered":"https:\/\/koussikou.ch\/?post_type=product&#038;p=28429"},"modified":"2026-04-08T20:40:07","modified_gmt":"2026-04-08T18:40:07","slug":"hoopo-poh","status":"publish","type":"product","link":"https:\/\/koussikou.ch\/fr\/produit\/hoopo-poh\/","title":{"rendered":"Hoopo - Poh"},"content":{"rendered":"<div data-elementor-type=\"wp-post\" data-elementor-id=\"28429\" class=\"elementor elementor-28429\">\n\t\t\t\t<div class=\"wd-negative-gap elementor-element elementor-element-1367581 e-flex e-con-boxed e-con e-parent\" data-id=\"1367581\" data-element_type=\"container\" data-e-type=\"container\">\n\t\t\t\t\t<div class=\"e-con-inner\">\n\t\t<div class=\"elementor-element elementor-element-45a63ba e-con-full e-flex e-con e-child\" data-id=\"45a63ba\" data-element_type=\"container\" data-e-type=\"container\">\n\t\t\t\t<div class=\"elementor-element elementor-element-7e1d203 elementor-widget elementor-widget-wd_text_block\" data-id=\"7e1d203\" data-element_type=\"widget\" data-e-type=\"widget\" data-widget_type=\"wd_text_block.default\">\n\t\t\t\t<div class=\"elementor-widget-container\">\n\t\t\t\t\t\t\t<div class=\"wd-text-block reset-last-child text-left\">\n\t\t\t\n\t\t\t<blockquote><h5>Cette magnifique version redessin\u00e9e du bac \u00e0 liti\u00e8re classique est enti\u00e8rement fabriqu\u00e9e en plastique respectueux de l'environnement.<\/h5><\/blockquote><p>Gr\u00e2ce \u00e0 sa conception compacte, Poh convient aux petits espaces, mais il est \u00e9galement suffisamment spacieux pour assurer le confort de votre chat.<\/p><p><strong><span style=\"color: #83b735;\">Le Poh<\/span><span style=\"color: #83b735;\"> bac \u00e0 liti\u00e8re pour chats<\/span><\/strong> est fabriqu\u00e9 en plastique solide de haute qualit\u00e9, facile \u00e0 nettoyer et solide au toucher. Le nettoyage est facile gr\u00e2ce \u00e0 la pelle pratique qui s'ins\u00e8re parfaitement dans le bac fourni. Gr\u00e2ce \u00e0 son design \u00e9l\u00e9gant, le bac \u00e0 liti\u00e8re n'a pas besoin d'\u00eatre cach\u00e9 et peut \u00eatre plac\u00e9 n'importe o\u00f9.<\/p>\n\t\t\t\t\t<\/div>\n\t\t\t\t\t\t<\/div>\n\t\t\t\t<\/div>\n\t\t\t\t<div class=\"elementor-element elementor-element-4cf04fb elementor-widget elementor-widget-wd_text_block\" data-id=\"4cf04fb\" data-element_type=\"widget\" data-e-type=\"widget\" data-widget_type=\"wd_text_block.default\">\n\t\t\t\t<div class=\"elementor-widget-container\">\n\t\t\t\t\t\t\t<div class=\"wd-text-block reset-last-child text-left\">\n\t\t\t\n\t\t\t<blockquote><h5>Convient-il \u00e0 mon chat ?<\/h5><\/blockquote><p>Poh convient aux races de chats de petite \u00e0 grande taille. Toutefois, Poh ne convient pas aux chats qui ne peuvent pas s'asseoir pour faire pipi et aux races de chats les plus grandes (Ragdoll, Main Coon).<\/p>\n\t\t\t\t\t<\/div>\n\t\t\t\t\t\t<\/div>\n\t\t\t\t<\/div>\n\t\t\t\t<\/div>\n\t\t<div class=\"elementor-element elementor-element-f748b54 e-con-full e-flex e-con e-child\" data-id=\"f748b54\" data-element_type=\"container\" data-e-type=\"container\">\n\t\t<div class=\"wd-negative-gap elementor-element elementor-element-97f6c04 e-flex e-con-boxed e-con e-child\" data-id=\"97f6c04\" data-element_type=\"container\" data-e-type=\"container\">\n\t\t\t\t\t<div class=\"e-con-inner\">\n\t\t\t\t<div class=\"elementor-element elementor-element-1cd059c elementor-widget elementor-widget-wd_text_block\" data-id=\"1cd059c\" data-element_type=\"widget\" data-e-type=\"widget\" data-widget_type=\"wd_text_block.default\">\n\t\t\t\t<div class=\"elementor-widget-container\">\n\t\t\t\t\t\t\t<div class=\"wd-text-block reset-last-child text-left\">\n\t\t\t\n\t\t\t<blockquote><h5>Composants :\u00a0<\/h5><\/blockquote><p>\u2714 Pelle avec support<\/p><blockquote><h5>Principaux avantages :<\/h5><\/blockquote><p>Poh est tr\u00e8s pratique et facile \u00e0 nettoyer.<\/p><p>\u2714 Un ajout bienvenu \u00e0 votre int\u00e9rieur.<\/p><p>\u2714 Acc\u00e8s facile pour votre chat.<\/p><p>\u2714 La conception ouverte du Poh convient aux chats craintifs.<\/p><p>\u2714 Respectueux de la plan\u00e8te, il est fabriqu\u00e9 en ABS recycl\u00e9 100%.<\/p>\n\t\t\t\t\t<\/div>\n\t\t\t\t\t\t<\/div>\n\t\t\t\t<\/div>\n\t\t\t\t\t<\/div>\n\t\t\t\t<\/div>\n\t\t<div class=\"wd-negative-gap elementor-element elementor-element-97c72be e-flex e-con-boxed e-con e-child\" data-id=\"97c72be\" data-element_type=\"container\" data-e-type=\"container\">\n\t\t\t\t\t<div class=\"e-con-inner\">\n\t\t\t\t<div class=\"elementor-element elementor-element-365d597 elementor-widget elementor-widget-wd_text_block\" data-id=\"365d597\" data-element_type=\"widget\" data-e-type=\"widget\" data-widget_type=\"wd_text_block.default\">\n\t\t\t\t<div class=\"elementor-widget-container\">\n\t\t\t\t\t\t\t<div class=\"wd-text-block reset-last-child text-left\">\n\t\t\t\n\t\t\t\n\t\t\t\t\t<\/div>\n\t\t\t\t\t\t<\/div>\n\t\t\t\t<\/div>\n\t\t\t\t\t<\/div>\n\t\t\t\t<\/div>\n\t\t\t\t<\/div>\n\t\t\t\t\t<\/div>\n\t\t\t\t<\/div>\n\t\t\t\t<\/div>","protected":false},"excerpt":{"rendered":"<p>Bac \u00e0 liti\u00e8re pour chat Poh, \u00e9l\u00e9gant et \u00e9cologique : Conception compacte et facile \u00e0 nettoyer pour les petits espaces. Fabriqu\u00e9e en ABS 100 % recycl\u00e9, elle convient \u00e0 la plupart des races de chats. Comprend une pelle et un support. Un m\u00e9lange parfait de fonctionnalit\u00e9 et d'esth\u00e9tique moderne pour votre maison.<\/p>","protected":false},"featured_media":28440,"template":"","meta":[],"product_brand":[],"product_cat":[42,104,121],"product_tag":[122,123],"class_list":{"0":"post-28429","1":"product","2":"type-product","3":"status-publish","4":"has-post-thumbnail","6":"product_cat-all","7":"product_cat-cats","8":"product_cat-toilet","9":"product_tag-cats","10":"product_tag-litters","12":"first","13":"instock","14":"featured","15":"shipping-taxable","16":"purchasable","17":"product-type-variable"},"_links":{"self":[{"href":"https:\/\/koussikou.ch\/fr\/wp-json\/wp\/v2\/product\/28429","targetHints":{"allow":["GET"]}}],"collection":[{"href":"https:\/\/koussikou.ch\/fr\/wp-json\/wp\/v2\/product"}],"about":[{"href":"https:\/\/koussikou.ch\/fr\/wp-json\/wp\/v2\/types\/product"}],"version-history":[{"count":1,"href":"https:\/\/koussikou.ch\/fr\/wp-json\/wp\/v2\/product\/28429\/revisions"}],"predecessor-version":[{"id":33020,"href":"https:\/\/koussikou.ch\/fr\/wp-json\/wp\/v2\/product\/28429\/revisions\/33020"}],"wp:featuredmedia":[{"embeddable":true,"href":"https:\/\/koussikou.ch\/fr\/wp-json\/wp\/v2\/media\/28440"}],"wp:attachment":[{"href":"https:\/\/koussikou.ch\/fr\/wp-json\/wp\/v2\/media?parent=28429"}],"wp:term":[{"taxonomy":"product_brand","embeddable":true,"href":"https:\/\/koussikou.ch\/fr\/wp-json\/wp\/v2\/product_brand?post=28429"},{"taxonomy":"product_cat","embeddable":true,"href":"https:\/\/koussikou.ch\/fr\/wp-json\/wp\/v2\/product_cat?post=28429"},{"taxonomy":"product_tag","embeddable":true,"href":"https:\/\/koussikou.ch\/fr\/wp-json\/wp\/v2\/product_tag?post=28429"}],"curies":[{"name":"wp","href":"https:\/\/api.w.org\/{rel}","templated":true}]}}