{"id":28470,"date":"2021-08-20T12:29:34","date_gmt":"2021-08-20T10:29:34","guid":{"rendered":"https:\/\/koussikou.ch\/?post_type=product&#038;p=28470"},"modified":"2024-06-28T20:50:35","modified_gmt":"2024-06-28T18:50:35","slug":"sac-a-dos-pour-animaux-de-compagnie-ibiyaya-ultralight-pro","status":"publish","type":"product","link":"https:\/\/koussikou.ch\/fr\/produit\/sac-a-dos-pour-animaux-de-compagnie-ibiyaya-ultralight-pro\/","title":{"rendered":"Ibiyaya &#8211; Ultralight Backpack"},"content":{"rendered":"<div data-elementor-type=\"wp-post\" data-elementor-id=\"28470\" class=\"elementor elementor-28470\">\n\t\t\t\t<div class=\"wd-negative-gap elementor-element elementor-element-5f5fe45 e-flex e-con-boxed e-con e-parent\" data-id=\"5f5fe45\" data-element_type=\"container\" data-e-type=\"container\">\n\t\t\t\t\t<div class=\"e-con-inner\">\n\t\t<div class=\"elementor-element elementor-element-5ab553b e-con-full e-flex e-con e-child\" data-id=\"5ab553b\" data-element_type=\"container\" data-e-type=\"container\">\n\t\t\t\t<div class=\"elementor-element elementor-element-75964b9 elementor-widget elementor-widget-wd_text_block\" data-id=\"75964b9\" data-element_type=\"widget\" data-e-type=\"widget\" data-widget_type=\"wd_text_block.default\">\n\t\t\t\t<div class=\"elementor-widget-container\">\n\t\t\t\t\t\t\t<div class=\"wd-text-block reset-last-child text-left\">\n\t\t\t\n\t\t\t<blockquote><h5>Vous recherchez le sac \u00e0 dos de voyage pour animaux de compagnie le plus pratique et le plus efficace ?<\/h5><\/blockquote><p>Le nouveau Ultra Pro Backpack rendra vos sorties avec votre compagnon \u00e0 quatres pattes en plein air amusantes et passionnantes.<\/p><p>Un choix id\u00e9al si vous \u00eates \u00e0 la recherche d'un sac de transport spacieux, l\u00e9ger et multifonctionnel pour votre adorable compagnon.<\/p><p>Con\u00e7u dans un souci de s\u00e9curit\u00e9 et de confort, votre compagnon \u00e0 quatre pattes et vous, pouvez d\u00e9sormais vous r\u00e9jouir de chaque sortie \u00e0 l'ext\u00e9rieur et passer des moments inoubliables ensemble.<\/p>\n\t\t\t\t\t<\/div>\n\t\t\t\t\t\t<\/div>\n\t\t\t\t<\/div>\n\t\t\t\t<div class=\"elementor-element elementor-element-eea6c30 elementor-widget elementor-widget-wd_text_block\" data-id=\"eea6c30\" data-element_type=\"widget\" data-e-type=\"widget\" data-widget_type=\"wd_text_block.default\">\n\t\t\t\t<div class=\"elementor-widget-container\">\n\t\t\t\t\t\t\t<div class=\"wd-text-block reset-last-child text-left\">\n\t\t\t\n\t\t\t<blockquote><h5>SAC \u00c0 DOS 2-WAY<\/h5><\/blockquote><p>Vous pouvez le porter de deux fa\u00e7ons (devant ou derri\u00e8re). Posez-le droit ou \u00e0 plat et ajustez les coussins inf\u00e9rieurs \u00e0 votre guise. Pliez-le \u00e0 plat pour le ranger facilement.<\/p><blockquote><p>Peut porter jusqu'\u00e0 7 kg<\/p><p>Pour : <strong>chiens et chats de taille moyenne<\/strong>.<\/p><\/blockquote>\n\t\t\t\t\t<\/div>\n\t\t\t\t\t\t<\/div>\n\t\t\t\t<\/div>\n\t\t\t\t<\/div>\n\t\t<div class=\"elementor-element elementor-element-e916c7d e-con-full e-flex e-con e-child\" data-id=\"e916c7d\" data-element_type=\"container\" data-e-type=\"container\">\n\t\t<div class=\"wd-negative-gap elementor-element elementor-element-a30e482 e-flex e-con-boxed e-con e-child\" data-id=\"a30e482\" data-element_type=\"container\" data-e-type=\"container\">\n\t\t\t\t\t<div class=\"e-con-inner\">\n\t\t\t\t<div class=\"elementor-element elementor-element-714f14e elementor-widget elementor-widget-wd_text_block\" data-id=\"714f14e\" data-element_type=\"widget\" data-e-type=\"widget\" data-widget_type=\"wd_text_block.default\">\n\t\t\t\t<div class=\"elementor-widget-container\">\n\t\t\t\t\t\t\t<div class=\"wd-text-block reset-last-child text-left\">\n\t\t\t\n\t\t\t<blockquote><h5>SUPER L\u00c9GER<\/h5><\/blockquote><p>Ce sac \u00e0 dos l\u00e9ger pour animaux de compagnie est parfait pour les sorties en plein air, les randonn\u00e9es, les voyages en avion, et m\u00eame pour un petit tour au centre commercial.<\/p><p>Il garantit une s\u00e9curit\u00e9 et un confort exceptionnels \u00e0 chaque \u00e9tape.<\/p><p>Un sac \u00e0 dos de voyage si l\u00e9ger que vous ne sentez m\u00eame pas le poids sur votre dos. Le meilleur compagnon de marche pour vous et votre champion.<\/p><blockquote><h5>CONCEPTION ERGONOMIQUE<\/h5><\/blockquote><p>Il est dot\u00e9 de rembourrages super doux et respirants, de bretelles et de sangles de poitrine facilement r\u00e9glables qui offrent un excellent soutien dorsal.<\/p><blockquote><h5>FLUX D'AIR AD\u00c9QUAT<\/h5><\/blockquote><p>\u00c9quip\u00e9 de fen\u00eatres en maille pour maximiser la ventilation, d'un couvercle avec des attaches magn\u00e9tiques pour pr\u00e9server l'intimit\u00e9 de votre animal et le garder \u00e0 l'abri du d\u00e9rangement.<\/p><blockquote><h5>DURABLE ET ULTRA-S\u00dbR<\/h5><\/blockquote><p>La cage est \u00e9quip\u00e9e d'une coque en EVA d\u00e9tachable et d'un fond dur de haute densit\u00e9 ; elle est dot\u00e9e de curseurs de verrouillage automatique et d'attaches de s\u00e9curit\u00e9 pour assurer la s\u00e9curit\u00e9 de votre animal.<\/p>\n\t\t\t\t\t<\/div>\n\t\t\t\t\t\t<\/div>\n\t\t\t\t<\/div>\n\t\t\t\t\t<\/div>\n\t\t\t\t<\/div>\n\t\t\t\t<\/div>\n\t\t\t\t\t<\/div>\n\t\t\t\t<\/div>\n\t\t\t\t<\/div>","protected":false},"excerpt":{"rendered":"<p>Rendez vos sorties du week-end amusantes et m\u00e9morables avec le sac \u00e0 dos de transport Ultra Pro, con\u00e7u pour offrir un maximum de confort et de s\u00e9curit\u00e9 \u00e0 votre compagnon \u00e0 quatre pattes.<\/p>","protected":false},"featured_media":28480,"template":"","meta":[],"product_brand":[],"product_cat":[42,95,131],"product_tag":[],"class_list":{"0":"post-28470","1":"product","2":"type-product","3":"status-publish","4":"has-post-thumbnail","6":"product_cat-all","7":"product_cat-dogs","8":"product_cat-travel-walk-dogs","10":"first","11":"instock","12":"shipping-taxable","13":"purchasable","14":"product-type-variable"},"_links":{"self":[{"href":"https:\/\/koussikou.ch\/fr\/wp-json\/wp\/v2\/product\/28470","targetHints":{"allow":["GET"]}}],"collection":[{"href":"https:\/\/koussikou.ch\/fr\/wp-json\/wp\/v2\/product"}],"about":[{"href":"https:\/\/koussikou.ch\/fr\/wp-json\/wp\/v2\/types\/product"}],"version-history":[{"count":0,"href":"https:\/\/koussikou.ch\/fr\/wp-json\/wp\/v2\/product\/28470\/revisions"}],"wp:featuredmedia":[{"embeddable":true,"href":"https:\/\/koussikou.ch\/fr\/wp-json\/wp\/v2\/media\/28480"}],"wp:attachment":[{"href":"https:\/\/koussikou.ch\/fr\/wp-json\/wp\/v2\/media?parent=28470"}],"wp:term":[{"taxonomy":"product_brand","embeddable":true,"href":"https:\/\/koussikou.ch\/fr\/wp-json\/wp\/v2\/product_brand?post=28470"},{"taxonomy":"product_cat","embeddable":true,"href":"https:\/\/koussikou.ch\/fr\/wp-json\/wp\/v2\/product_cat?post=28470"},{"taxonomy":"product_tag","embeddable":true,"href":"https:\/\/koussikou.ch\/fr\/wp-json\/wp\/v2\/product_tag?post=28470"}],"curies":[{"name":"wp","href":"https:\/\/api.w.org\/{rel}","templated":true}]}}