{"id":28532,"date":"2022-10-18T11:57:14","date_gmt":"2022-10-18T09:57:14","guid":{"rendered":"https:\/\/koussikou.ch\/?post_type=product&#038;p=28532"},"modified":"2024-06-29T10:59:22","modified_gmt":"2024-06-29T08:59:22","slug":"angel-brush","status":"publish","type":"product","link":"https:\/\/koussikou.ch\/fr\/produit\/angel-brush\/","title":{"rendered":"Tangle Angel &#8211; Brush"},"content":{"rendered":"<blockquote>\n<h5><strong>Antibact\u00e9rien<\/strong><\/h5>\n<\/blockquote>\n<p>Additifs antibact\u00e9riens sp\u00e9ciaux - 99,9% efficaces pour r\u00e9duire la croissance des bact\u00e9ries ind\u00e9sirables.<\/p>\n<blockquote>\n<h5><strong>Antistatique<\/strong><\/h5>\n<\/blockquote>\n<p>Les propri\u00e9t\u00e9s antistatiques laissent le pelage de votre animal doux et soyeux.<\/p>\n<blockquote>\n<h5><strong>Douceur<\/strong><\/h5>\n<\/blockquote>\n<p>La fa\u00e7on la plus douce de laisser le pelage de votre animal non seulement libre de tout enchev\u00eatrement, mais aussi magnifiquement brillant.<\/p>\n<blockquote>\n<h5><strong>R\u00e9sistant \u00e0 l'eau<\/strong><\/h5>\n<\/blockquote>\n<p>Id\u00e9al pour le bain ou la toilette de votre animal de compagnie.<\/p>\n<blockquote>\n<h5><strong>Nettoyage facile<\/strong><\/h5>\n<\/blockquote>\n<p>Il suffit de tapoter la brosse sur une surface dure pour voir les poils tomber.<\/p>\n<blockquote>\n<h5><strong>Poils prot\u00e9g\u00e9s contre les bact\u00e9ries<\/strong><\/h5>\n<\/blockquote>\n<p>Des additifs antibact\u00e9riens sp\u00e9cialement d\u00e9velopp\u00e9s et int\u00e9gr\u00e9s dans le plastique rendent votre brosse extr\u00eamement hygi\u00e9nique et s\u00fbre \u00e0 utiliser.<\/p>","protected":false},"excerpt":{"rendered":"<p>La brosse douce et antistatique<\/p>","protected":false},"featured_media":28747,"template":"","meta":[],"product_brand":[],"product_cat":[42,138,104,95,121],"product_tag":[],"class_list":{"0":"post-28532","1":"product","2":"type-product","3":"status-publish","4":"has-post-thumbnail","6":"product_cat-all","7":"product_cat-care-dogs","8":"product_cat-cats","9":"product_cat-dogs","10":"product_cat-toilet","12":"first","13":"instock","14":"shipping-taxable","15":"purchasable","16":"product-type-variable"},"_links":{"self":[{"href":"https:\/\/koussikou.ch\/fr\/wp-json\/wp\/v2\/product\/28532","targetHints":{"allow":["GET"]}}],"collection":[{"href":"https:\/\/koussikou.ch\/fr\/wp-json\/wp\/v2\/product"}],"about":[{"href":"https:\/\/koussikou.ch\/fr\/wp-json\/wp\/v2\/types\/product"}],"version-history":[{"count":0,"href":"https:\/\/koussikou.ch\/fr\/wp-json\/wp\/v2\/product\/28532\/revisions"}],"wp:featuredmedia":[{"embeddable":true,"href":"https:\/\/koussikou.ch\/fr\/wp-json\/wp\/v2\/media\/28747"}],"wp:attachment":[{"href":"https:\/\/koussikou.ch\/fr\/wp-json\/wp\/v2\/media?parent=28532"}],"wp:term":[{"taxonomy":"product_brand","embeddable":true,"href":"https:\/\/koussikou.ch\/fr\/wp-json\/wp\/v2\/product_brand?post=28532"},{"taxonomy":"product_cat","embeddable":true,"href":"https:\/\/koussikou.ch\/fr\/wp-json\/wp\/v2\/product_cat?post=28532"},{"taxonomy":"product_tag","embeddable":true,"href":"https:\/\/koussikou.ch\/fr\/wp-json\/wp\/v2\/product_tag?post=28532"}],"curies":[{"name":"wp","href":"https:\/\/api.w.org\/{rel}","templated":true}]}}