{"id":28540,"date":"2024-06-07T23:08:21","date_gmt":"2024-06-07T21:08:21","guid":{"rendered":"https:\/\/koussikou.ch\/?post_type=product&#038;p=28540"},"modified":"2024-06-19T19:37:18","modified_gmt":"2024-06-19T17:37:18","slug":"maison-la-queue-scoop-base","status":"publish","type":"product","link":"https:\/\/koussikou.ch\/fr\/produit\/maison-la-queue-scoop-base\/","title":{"rendered":"Maison La Queue - Scoop &amp; Base"},"content":{"rendered":"<p>Maison la Queue vous propose Scooper, une pelle \u00e0 liti\u00e8re design pour chat. Cette pelle et sa base fournissent une solution \u00e9l\u00e9gante aux besoins priv\u00e9s de votre chat. Sp\u00e9cialement con\u00e7u pour les propri\u00e9taires soucieux du design, Scooper vous apporte une r\u00e9ponse moderne, \u00e9pur\u00e9e et sophistiqu\u00e9e pour rem\u00e9dier au besoins intimes de votre chat.<\/p>\n<p>La pelle se range discr\u00e8tement dans une base compacte lorsqu'elle n'est pas utilis\u00e9e<\/p>\n<p>La conception minimaliste incorpore une poign\u00e9e confortable avec une prise ferme<\/p>\n<p>Scooper est robuste et vous garantie une long\u00e9vit\u00e9<\/p>\n<p>Emballage \u00e9cologique<\/p>","protected":false},"excerpt":{"rendered":"<p>Pelle et base de liti\u00e8re moderne pour chat<\/p>","protected":false},"featured_media":28541,"template":"","meta":[],"product_brand":[],"product_cat":[42,104,121],"product_tag":[341,345,343,347,344,346,340,338,339,342],"class_list":{"0":"post-28540","1":"product","2":"type-product","3":"status-publish","4":"has-post-thumbnail","6":"product_cat-all","7":"product_cat-cats","8":"product_cat-toilet","9":"product_tag-dining","10":"product_tag-durable","11":"product_tag-elegant","12":"product_tag-ergonomic-design","13":"product_tag-functional","14":"product_tag-high-quality","15":"product_tag-kitchen-essentials","16":"product_tag-maison-la-queue","17":"product_tag-scoop-base","18":"product_tag-serving","20":"first","21":"instock","22":"shipping-taxable","23":"purchasable","24":"product-type-variable"},"_links":{"self":[{"href":"https:\/\/koussikou.ch\/fr\/wp-json\/wp\/v2\/product\/28540","targetHints":{"allow":["GET"]}}],"collection":[{"href":"https:\/\/koussikou.ch\/fr\/wp-json\/wp\/v2\/product"}],"about":[{"href":"https:\/\/koussikou.ch\/fr\/wp-json\/wp\/v2\/types\/product"}],"version-history":[{"count":0,"href":"https:\/\/koussikou.ch\/fr\/wp-json\/wp\/v2\/product\/28540\/revisions"}],"wp:featuredmedia":[{"embeddable":true,"href":"https:\/\/koussikou.ch\/fr\/wp-json\/wp\/v2\/media\/28541"}],"wp:attachment":[{"href":"https:\/\/koussikou.ch\/fr\/wp-json\/wp\/v2\/media?parent=28540"}],"wp:term":[{"taxonomy":"product_brand","embeddable":true,"href":"https:\/\/koussikou.ch\/fr\/wp-json\/wp\/v2\/product_brand?post=28540"},{"taxonomy":"product_cat","embeddable":true,"href":"https:\/\/koussikou.ch\/fr\/wp-json\/wp\/v2\/product_cat?post=28540"},{"taxonomy":"product_tag","embeddable":true,"href":"https:\/\/koussikou.ch\/fr\/wp-json\/wp\/v2\/product_tag?post=28540"}],"curies":[{"name":"wp","href":"https:\/\/api.w.org\/{rel}","templated":true}]}}