{"id":28553,"date":"2022-01-01T14:53:54","date_gmt":"2022-01-01T12:53:54","guid":{"rendered":"https:\/\/koussikou.ch\/?post_type=product&#038;p=28553"},"modified":"2024-07-28T10:05:28","modified_gmt":"2024-07-28T08:05:28","slug":"mykotty-emi","status":"publish","type":"product","link":"https:\/\/koussikou.ch\/fr\/produit\/mykotty-emi\/","title":{"rendered":"MyKotty - Emi"},"content":{"rendered":"<div data-elementor-type=\"wp-post\" data-elementor-id=\"28553\" class=\"elementor elementor-28553\">\n\t\t\t\t<div class=\"wd-negative-gap elementor-element elementor-element-45625fe e-flex e-con-boxed e-con e-parent\" data-id=\"45625fe\" data-element_type=\"container\" data-e-type=\"container\">\n\t\t\t\t\t<div class=\"e-con-inner\">\n\t\t<div class=\"elementor-element elementor-element-c65af04 e-con-full e-flex e-con e-child\" data-id=\"c65af04\" data-element_type=\"container\" data-e-type=\"container\">\n\t\t\t\t<div class=\"elementor-element elementor-element-a17732f elementor-widget elementor-widget-wd_image_or_svg\" data-id=\"a17732f\" data-element_type=\"widget\" data-e-type=\"widget\" data-widget_type=\"wd_image_or_svg.default\">\n\t\t\t\t<div class=\"elementor-widget-container\">\n\t\t\t\t\t\n\t\t<div class=\"wd-image text-left\">\n\t\t\t\t\t\t\t\t<img loading=\"lazy\" decoding=\"async\" width=\"1170\" height=\"560\" src=\"https:\/\/koussikou.ch\/wp-content\/uploads\/2024\/06\/2_emi_banner-min.png\" class=\"attachment-full size-full\" alt=\"\" srcset=\"https:\/\/koussikou.ch\/wp-content\/uploads\/2024\/06\/2_emi_banner-min.png 1170w, https:\/\/koussikou.ch\/wp-content\/uploads\/2024\/06\/2_emi_banner-min-400x191.png 400w, https:\/\/koussikou.ch\/wp-content\/uploads\/2024\/06\/2_emi_banner-min-768x368.png 768w, https:\/\/koussikou.ch\/wp-content\/uploads\/2024\/06\/2_emi_banner-min-18x9.png 18w, https:\/\/koussikou.ch\/wp-content\/uploads\/2024\/06\/2_emi_banner-min-430x206.png 430w, https:\/\/koussikou.ch\/wp-content\/uploads\/2024\/06\/2_emi_banner-min-700x335.png 700w, https:\/\/koussikou.ch\/wp-content\/uploads\/2024\/06\/2_emi_banner-min-150x72.png 150w\" sizes=\"auto, (max-width: 1170px) 100vw, 1170px\" \/>\t\t\t\t\t<\/div>\n\n\t\t\t\t\t\t<\/div>\n\t\t\t\t<\/div>\n\t\t\t\t<\/div>\n\t\t<div class=\"elementor-element elementor-element-057b690 e-con-full e-flex e-con e-child\" data-id=\"057b690\" data-element_type=\"container\" data-e-type=\"container\">\n\t\t\t\t<div class=\"elementor-element elementor-element-469399e e-transform elementor-widget elementor-widget-wd_text_block\" data-id=\"469399e\" data-element_type=\"widget\" data-e-type=\"widget\" data-settings=\"{&quot;_transform_translateX_effect&quot;:{&quot;unit&quot;:&quot;px&quot;,&quot;size&quot;:&quot;&quot;,&quot;sizes&quot;:[]},&quot;_transform_translateX_effect_tablet&quot;:{&quot;unit&quot;:&quot;px&quot;,&quot;size&quot;:&quot;&quot;,&quot;sizes&quot;:[]},&quot;_transform_translateX_effect_mobile&quot;:{&quot;unit&quot;:&quot;px&quot;,&quot;size&quot;:&quot;&quot;,&quot;sizes&quot;:[]},&quot;_transform_translateY_effect&quot;:{&quot;unit&quot;:&quot;px&quot;,&quot;size&quot;:&quot;&quot;,&quot;sizes&quot;:[]},&quot;_transform_translateY_effect_tablet&quot;:{&quot;unit&quot;:&quot;px&quot;,&quot;size&quot;:&quot;&quot;,&quot;sizes&quot;:[]},&quot;_transform_translateY_effect_mobile&quot;:{&quot;unit&quot;:&quot;px&quot;,&quot;size&quot;:&quot;&quot;,&quot;sizes&quot;:[]}}\" data-widget_type=\"wd_text_block.default\">\n\t\t\t\t<div class=\"elementor-widget-container\">\n\t\t\t\t\t\t\t<div class=\"wd-text-block reset-last-child text-center\">\n\t\t\t\n\t\t\t<p style=\"text-align: left;\"><strong><span style=\"color: #83b735;\">EMI<\/span><\/strong> est un <strong><span style=\"color: #83b735;\">lit pliable pour chat<\/span><\/strong>. Couverture en coton 100%, rembourrage en fibres synth\u00e9tiques douces.<\/p><p style=\"text-align: left;\">La housse peut \u00eatre facilement retir\u00e9e et lav\u00e9e<\/p><p style=\"text-align: left;\">La construction de l'IME vous permet, ainsi qu'\u00e0 votre chat, de choisir comment l'utiliser.<\/p><p style=\"text-align: left;\"><strong><span style=\"color: #83b735;\">Pli\u00e9<\/span><\/strong> - est un meuble compact qui trouve sa place presque partout.<\/p><p style=\"text-align: left;\"><strong><span style=\"color: #83b735;\">D\u00e9pli\u00e9<\/span><\/strong> - s'adapte aux lignes droites, c'est-\u00e0-dire \u00e0 c\u00f4t\u00e9 du mur, de l'armoire ou du lit.<\/p>\n\t\t\t\t\t<\/div>\n\t\t\t\t\t\t<\/div>\n\t\t\t\t<\/div>\n\t\t\t\t<\/div>\n\t\t<div class=\"elementor-element elementor-element-f8e0a47 e-con-full e-flex e-con e-child\" data-id=\"f8e0a47\" data-element_type=\"container\" data-e-type=\"container\">\n\t\t\t\t<div class=\"elementor-element elementor-element-4316e79 elementor-widget elementor-widget-wd_text_block\" data-id=\"4316e79\" data-element_type=\"widget\" data-e-type=\"widget\" data-widget_type=\"wd_text_block.default\">\n\t\t\t\t<div class=\"elementor-widget-container\">\n\t\t\t\t\t\t\t<div class=\"wd-text-block reset-last-child text-left\">\n\t\t\t\n\t\t\t<p>Les plus beaux r\u00eaves surviennent lorsque vous dormez aussi confortablement que si vous \u00e9tiez allong\u00e9 dans le berceau d'un nuage.<\/p><p><strong><span style=\"color: #83b735;\"> EMI<\/span><\/strong> est le lit pour chat le plus moelleux, le plus doux et le plus confortable.<\/p><p><strong><span style=\"color: #83b735;\">Pli\u00e9<\/span> <\/strong>- cr\u00e9e une cachette douillette et r\u00eaveuse, dans laquelle un chat s'enfonce pendant son sommeil.<\/p><p><strong><span style=\"color: #83b735;\">D\u00e9pli\u00e9<\/span><\/strong> - offre un espace deux fois plus grand. Sa taille et sa commodit\u00e9 encouragent non seulement \u00e0 dormir<\/p><p>Les deux fa\u00e7ons ont un point commun : \"<em>dormir dans les nuages<\/em>\".<\/p><p>\u00a0<\/p>\n\t\t\t\t\t<\/div>\n\t\t\t\t\t\t<\/div>\n\t\t\t\t<\/div>\n\t\t\t\t<\/div>\n\t\t<div class=\"elementor-element elementor-element-b1e31e9 e-con-full e-flex e-con e-child\" data-id=\"b1e31e9\" data-element_type=\"container\" data-e-type=\"container\">\n\t\t\t\t<div class=\"elementor-element elementor-element-058b4f5 elementor-widget elementor-widget-wd_image_or_svg\" data-id=\"058b4f5\" data-element_type=\"widget\" data-e-type=\"widget\" data-widget_type=\"wd_image_or_svg.default\">\n\t\t\t\t<div class=\"elementor-widget-container\">\n\t\t\t\t\t\n\t\t<div class=\"wd-image text-left\">\n\t\t\t\t\t\t\t\t<img loading=\"lazy\" decoding=\"async\" width=\"1170\" height=\"800\" src=\"https:\/\/koussikou.ch\/wp-content\/uploads\/2024\/06\/emi_eng.jpg\" class=\"attachment-full size-full\" alt=\"\" srcset=\"https:\/\/koussikou.ch\/wp-content\/uploads\/2024\/06\/emi_eng.jpg 1170w, https:\/\/koussikou.ch\/wp-content\/uploads\/2024\/06\/emi_eng-400x274.jpg 400w, https:\/\/koussikou.ch\/wp-content\/uploads\/2024\/06\/emi_eng-768x525.jpg 768w, https:\/\/koussikou.ch\/wp-content\/uploads\/2024\/06\/emi_eng-18x12.jpg 18w, https:\/\/koussikou.ch\/wp-content\/uploads\/2024\/06\/emi_eng-430x294.jpg 430w, https:\/\/koussikou.ch\/wp-content\/uploads\/2024\/06\/emi_eng-700x479.jpg 700w, https:\/\/koussikou.ch\/wp-content\/uploads\/2024\/06\/emi_eng-150x103.jpg 150w\" sizes=\"auto, (max-width: 1170px) 100vw, 1170px\" \/>\t\t\t\t\t<\/div>\n\n\t\t\t\t\t\t<\/div>\n\t\t\t\t<\/div>\n\t\t\t\t<\/div>\n\t\t\t\t\t<\/div>\n\t\t\t\t<\/div>\n\t\t\t\t<\/div>","protected":false},"excerpt":{"rendered":"<p>EMI est le lit pour chat le plus moelleux, le plus doux et le plus confortable.<\/p>","protected":false},"featured_media":28567,"template":"","meta":[],"product_brand":[],"product_cat":[42,104,129],"product_tag":[],"class_list":{"0":"post-28553","1":"product","2":"type-product","3":"status-publish","4":"has-post-thumbnail","6":"product_cat-all","7":"product_cat-cats","8":"product_cat-sleep-relax-cats","10":"first","11":"instock","12":"shipping-taxable","13":"purchasable","14":"product-type-variable"},"_links":{"self":[{"href":"https:\/\/koussikou.ch\/fr\/wp-json\/wp\/v2\/product\/28553","targetHints":{"allow":["GET"]}}],"collection":[{"href":"https:\/\/koussikou.ch\/fr\/wp-json\/wp\/v2\/product"}],"about":[{"href":"https:\/\/koussikou.ch\/fr\/wp-json\/wp\/v2\/types\/product"}],"version-history":[{"count":1,"href":"https:\/\/koussikou.ch\/fr\/wp-json\/wp\/v2\/product\/28553\/revisions"}],"predecessor-version":[{"id":32279,"href":"https:\/\/koussikou.ch\/fr\/wp-json\/wp\/v2\/product\/28553\/revisions\/32279"}],"wp:featuredmedia":[{"embeddable":true,"href":"https:\/\/koussikou.ch\/fr\/wp-json\/wp\/v2\/media\/28567"}],"wp:attachment":[{"href":"https:\/\/koussikou.ch\/fr\/wp-json\/wp\/v2\/media?parent=28553"}],"wp:term":[{"taxonomy":"product_brand","embeddable":true,"href":"https:\/\/koussikou.ch\/fr\/wp-json\/wp\/v2\/product_brand?post=28553"},{"taxonomy":"product_cat","embeddable":true,"href":"https:\/\/koussikou.ch\/fr\/wp-json\/wp\/v2\/product_cat?post=28553"},{"taxonomy":"product_tag","embeddable":true,"href":"https:\/\/koussikou.ch\/fr\/wp-json\/wp\/v2\/product_tag?post=28553"}],"curies":[{"name":"wp","href":"https:\/\/api.w.org\/{rel}","templated":true}]}}