{"id":28594,"date":"2023-02-22T06:00:15","date_gmt":"2023-02-22T04:00:15","guid":{"rendered":"https:\/\/koussikou.ch\/?post_type=product&#038;p=28594"},"modified":"2024-07-28T10:04:31","modified_gmt":"2024-07-28T08:04:31","slug":"mykotty-oti","status":"publish","type":"product","link":"https:\/\/koussikou.ch\/fr\/produit\/mykotty-oti\/","title":{"rendered":"MyKotty - Oti"},"content":{"rendered":"<div data-elementor-type=\"wp-post\" data-elementor-id=\"28594\" class=\"elementor elementor-28594\">\n\t\t\t\t<div class=\"wd-negative-gap elementor-element elementor-element-5c129f5 e-grid e-con-boxed e-con e-parent\" data-id=\"5c129f5\" data-element_type=\"container\" data-e-type=\"container\">\n\t\t\t\t\t<div class=\"e-con-inner\">\n\t\t\t\t<div class=\"elementor-element elementor-element-34ebb8c elementor-widget elementor-widget-wd_infobox\" data-id=\"34ebb8c\" data-element_type=\"widget\" data-e-type=\"widget\" data-widget_type=\"wd_infobox.default\">\n\t\t\t\t<div class=\"elementor-widget-container\">\n\t\t\t\t\t\t\t<div class=\"info-box-wrapper\">\n\t\t\t<div class=\"wd-info-box text-center box-icon-align-top box-style-base color-scheme-\">\n\t\t\t\t\t\t\t\t\t<div class=\"box-icon-wrapper  box-with-icon box-icon-simple\">\n\t\t\t\t\t\t<div class=\"info-box-icon\">\n\t\t\t\t\t\t\t\t\t\t\t\t\t\t\t<img loading=\"lazy\" decoding=\"async\" width=\"400\" height=\"274\" src=\"https:\/\/koussikou.ch\/wp-content\/uploads\/2024\/06\/oti_eng-400x274.jpg\" class=\"attachment-medium size-medium\" alt=\"\" srcset=\"https:\/\/koussikou.ch\/wp-content\/uploads\/2024\/06\/oti_eng-400x274.jpg 400w, https:\/\/koussikou.ch\/wp-content\/uploads\/2024\/06\/oti_eng-768x525.jpg 768w, https:\/\/koussikou.ch\/wp-content\/uploads\/2024\/06\/oti_eng-18x12.jpg 18w, https:\/\/koussikou.ch\/wp-content\/uploads\/2024\/06\/oti_eng-430x294.jpg 430w, https:\/\/koussikou.ch\/wp-content\/uploads\/2024\/06\/oti_eng-700x479.jpg 700w, https:\/\/koussikou.ch\/wp-content\/uploads\/2024\/06\/oti_eng-150x103.jpg 150w, https:\/\/koussikou.ch\/wp-content\/uploads\/2024\/06\/oti_eng.jpg 1170w\" sizes=\"auto, (max-width: 400px) 100vw, 400px\" \/>\t\t\t\t\t\t\t\t\t\t\t\t\t<\/div>\n\t\t\t\t\t<\/div>\n\t\t\t\t\n\t\t\t\t<div class=\"info-box-content\">\n\t\t\t\t\t\n\t\t\t\t\t\t\t\t\t\t\t<h4\t\t\t\t\t\tclass=\"info-box-title title box-title-style-default wd-fontsize-m\" data-elementor-setting-key=\"title\">\n\t\t\t\t\t\t\t\tL'OTI mesure 30 cm de haut, non sans raison - les chats pr\u00e9f\u00e8rent tout observer d'en haut.\t\t\t\t\t\t<\/h4>\n\t\t\t\t\t\n\t\t\t\t\t<div class=\"info-box-inner reset-last-child\"data-elementor-setting-key=\"content\"><p>Le couvercle inf\u00e9rieur est renforc\u00e9 par deux <br \/>des rubans solides, fix\u00e9s par des boucles, qui maintiennent les coussins au-dessus du sol.<\/p>\n<p>\u2714 le cadre est <strong><span style=\"color: #83b735;\">100% carton naturel<\/span><\/strong>,<\/p>\n<p>\u2714 le mat\u00e9riau de couverture est <strong><span style=\"color: #83b735;\">100% coton naturel<\/span><\/strong>.<\/p>\n<p>\u2714 Rembourrage : fibres synth\u00e9tiques souples.<\/p>\n<p>\u2714 <strong>cover can be removed and washed<\/strong>.<\/p>\n<\/div>\n\n\t\t\t\t\t\t\t\t\t<\/div>\n\n\t\t\t\t\t\t\t<\/div>\n\t\t<\/div>\n\t\t\t\t\t\t<\/div>\n\t\t\t\t<\/div>\n\t\t\t\t<div class=\"elementor-element elementor-element-063e0a8 elementor-widget elementor-widget-wd_infobox\" data-id=\"063e0a8\" data-element_type=\"widget\" data-e-type=\"widget\" data-widget_type=\"wd_infobox.default\">\n\t\t\t\t<div class=\"elementor-widget-container\">\n\t\t\t\t\t\t\t<div class=\"info-box-wrapper\">\n\t\t\t<div class=\"wd-info-box text-center box-icon-align-top box-style-base color-scheme-\">\n\t\t\t\t\t\t\t\t\t<div class=\"box-icon-wrapper  box-with-text text-size-default box-icon-simple\">\n\t\t\t\t\t\t<div class=\"info-box-icon\">\n\t\t\t\t\t\t\t\t\t\t\t\t\t\t\tOTI\t\t\t\t\t\t\t\t\t\t\t\t\t<\/div>\n\t\t\t\t\t<\/div>\n\t\t\t\t\n\t\t\t\t<div class=\"info-box-content\">\n\t\t\t\t\t\t\t\t\t\t\t\n\t\t\t\t\t\t<div class=\"info-box-subtitle subtitle-color-default subtitle-style-default wd-fontsize-xs\"\n\t\t\t\t\t\t\t  data-elementor-setting-key=\"subtitle\">\n\t\t\t\t\t\t\test un lit moderne pour chat.\t\t\t\t\t\t<\/div>\n\t\t\t\t\t\n\t\t\t\t\t\t\t\t\t\t\t<h4\t\t\t\t\t\tclass=\"info-box-title title box-title-style-default wd-fontsize-m\" data-elementor-setting-key=\"title\">\n\t\t\t\t\t\t\t\tS'int\u00e8gre parfaitement dans tout int\u00e9rieur \u00e0 la mode.\t\t\t\t\t\t<\/h4>\n\t\t\t\t\t\n\t\t\t\t\t<div class=\"info-box-inner reset-last-child\"data-elementor-setting-key=\"content\"><p style=\"text-align: center;\"><strong>Certains chats passent jusqu'\u00e0 80% de leur vie \u00e0 dormir, il vaut donc la peine de leur fournir un lit confortable.<\/strong><\/p>\n<p style=\"text-align: center;\"><strong><span style=\"color: #83b735;\">OTI<\/span><\/strong> La construction est pos\u00e9e sur un cadre en carton \u00e9pais et stable, pour que les chats se sentent \u00e0 l'aise et en s\u00e9curit\u00e9.<\/p>\n<p style=\"text-align: center;\">La forme ovale a \u00e9t\u00e9 inspir\u00e9e par la fa\u00e7on dont nos chats se recroquevillent lorsqu'ils dorment.<\/p>\n<p style=\"text-align: center;\">Le centre est rempli de coussins moelleux.<\/p>\n<\/div>\n\n\t\t\t\t\t\t\t\t\t<\/div>\n\n\t\t\t\t\t\t\t<\/div>\n\t\t<\/div>\n\t\t\t\t\t\t<\/div>\n\t\t\t\t<\/div>\n\t\t\t\t<div class=\"elementor-element elementor-element-560202d wd-width-100 elementor-widget elementor-widget-wd_images_gallery\" data-id=\"560202d\" data-element_type=\"widget\" data-e-type=\"widget\" data-widget_type=\"wd_images_gallery.default\">\n\t\t\t\t<div class=\"elementor-widget-container\">\n\t\t\t\t\t\t\t<div class=\"wd-images-gallery photoswipe-images\" style=\"--wd-align-items:center; --wd-justify-content:center;\">\n\t\t\t\t\t\t<div class=\"wd-grid-g\" style=\"--wd-col-lg:1;--wd-col-md:1;--wd-col-sm:1;--wd-gap-lg:6px;\" >\n\t\t\t\t\t\t\t\t\t\t\t\t\t\t\t\t\t\t<div class=\"wd-gallery-item wd-col\">\n\t\t\t\t\t\t\t\t\t\t\t\t\t<a  href=\"https:\/\/koussikou.ch\/wp-content\/uploads\/2024\/06\/8_oti_banner-min.png\" data-width=\"1170\" data-height=\"560\" data-index=\"1\" data-elementor-open-lightbox=\"no\">\n\t\t\t\t\t\t\n\t\t\t\t\t\t<img loading=\"lazy\" decoding=\"async\" width=\"1170\" height=\"560\" src=\"https:\/\/koussikou.ch\/wp-content\/uploads\/2024\/06\/8_oti_banner-min.png\" class=\"attachment-large size-large\" alt=\"8_oti_banner-min\" srcset=\"https:\/\/koussikou.ch\/wp-content\/uploads\/2024\/06\/8_oti_banner-min.png 1170w, https:\/\/koussikou.ch\/wp-content\/uploads\/2024\/06\/8_oti_banner-min-400x191.png 400w, https:\/\/koussikou.ch\/wp-content\/uploads\/2024\/06\/8_oti_banner-min-768x368.png 768w, https:\/\/koussikou.ch\/wp-content\/uploads\/2024\/06\/8_oti_banner-min-18x9.png 18w, https:\/\/koussikou.ch\/wp-content\/uploads\/2024\/06\/8_oti_banner-min-430x206.png 430w, https:\/\/koussikou.ch\/wp-content\/uploads\/2024\/06\/8_oti_banner-min-700x335.png 700w, https:\/\/koussikou.ch\/wp-content\/uploads\/2024\/06\/8_oti_banner-min-150x72.png 150w\" sizes=\"auto, (max-width: 1170px) 100vw, 1170px\" \/>\n\t\t\t\t\t\t\t\t\t\t\t\t\t<\/a>\n\t\t\t\t\t\t\t\t\t\t\t<\/div>\n\t\t\t\t\t\t\t\t\t\t\t\t\t\t\t<div class=\"wd-gallery-item wd-col\">\n\t\t\t\t\t\t\t\t\t\t\t\t\t<a  href=\"https:\/\/koussikou.ch\/wp-content\/uploads\/2024\/06\/7_oti_banner-min.png\" data-width=\"1170\" data-height=\"560\" data-index=\"2\" data-elementor-open-lightbox=\"no\">\n\t\t\t\t\t\t\n\t\t\t\t\t\t<img loading=\"lazy\" decoding=\"async\" width=\"1170\" height=\"560\" src=\"https:\/\/koussikou.ch\/wp-content\/uploads\/2024\/06\/7_oti_banner-min.png\" class=\"attachment-large size-large\" alt=\"7_oti_banner-min\" srcset=\"https:\/\/koussikou.ch\/wp-content\/uploads\/2024\/06\/7_oti_banner-min.png 1170w, https:\/\/koussikou.ch\/wp-content\/uploads\/2024\/06\/7_oti_banner-min-400x191.png 400w, https:\/\/koussikou.ch\/wp-content\/uploads\/2024\/06\/7_oti_banner-min-768x368.png 768w, https:\/\/koussikou.ch\/wp-content\/uploads\/2024\/06\/7_oti_banner-min-18x9.png 18w, https:\/\/koussikou.ch\/wp-content\/uploads\/2024\/06\/7_oti_banner-min-430x206.png 430w, https:\/\/koussikou.ch\/wp-content\/uploads\/2024\/06\/7_oti_banner-min-700x335.png 700w, https:\/\/koussikou.ch\/wp-content\/uploads\/2024\/06\/7_oti_banner-min-150x72.png 150w\" sizes=\"auto, (max-width: 1170px) 100vw, 1170px\" \/>\n\t\t\t\t\t\t\t\t\t\t\t\t\t<\/a>\n\t\t\t\t\t\t\t\t\t\t\t<\/div>\n\t\t\t\t\t\t\t\t\t\t\t\t\t<\/div>\n\t\t\t\t\t<\/div>\n\t\t\t\t\t\t<\/div>\n\t\t\t\t<\/div>\n\t\t\t\t\t<\/div>\n\t\t\t\t<\/div>\n\t\t\t\t<\/div>","protected":false},"excerpt":{"rendered":"<p>MyKotty Oti est un lit moderne pour chat con\u00e7u principalement pour dormir, se pr\u00e9lasser et se d\u00e9tendre. c'est tout ce que les chats aiment le plus.<\/p>","protected":false},"featured_media":28603,"template":"","meta":[],"product_brand":[],"product_cat":[42,104,129],"product_tag":[],"class_list":{"0":"post-28594","1":"product","2":"type-product","3":"status-publish","4":"has-post-thumbnail","6":"product_cat-all","7":"product_cat-cats","8":"product_cat-sleep-relax-cats","10":"first","11":"instock","12":"shipping-taxable","13":"purchasable","14":"product-type-variable"},"_links":{"self":[{"href":"https:\/\/koussikou.ch\/fr\/wp-json\/wp\/v2\/product\/28594","targetHints":{"allow":["GET"]}}],"collection":[{"href":"https:\/\/koussikou.ch\/fr\/wp-json\/wp\/v2\/product"}],"about":[{"href":"https:\/\/koussikou.ch\/fr\/wp-json\/wp\/v2\/types\/product"}],"version-history":[{"count":1,"href":"https:\/\/koussikou.ch\/fr\/wp-json\/wp\/v2\/product\/28594\/revisions"}],"predecessor-version":[{"id":32277,"href":"https:\/\/koussikou.ch\/fr\/wp-json\/wp\/v2\/product\/28594\/revisions\/32277"}],"wp:featuredmedia":[{"embeddable":true,"href":"https:\/\/koussikou.ch\/fr\/wp-json\/wp\/v2\/media\/28603"}],"wp:attachment":[{"href":"https:\/\/koussikou.ch\/fr\/wp-json\/wp\/v2\/media?parent=28594"}],"wp:term":[{"taxonomy":"product_brand","embeddable":true,"href":"https:\/\/koussikou.ch\/fr\/wp-json\/wp\/v2\/product_brand?post=28594"},{"taxonomy":"product_cat","embeddable":true,"href":"https:\/\/koussikou.ch\/fr\/wp-json\/wp\/v2\/product_cat?post=28594"},{"taxonomy":"product_tag","embeddable":true,"href":"https:\/\/koussikou.ch\/fr\/wp-json\/wp\/v2\/product_tag?post=28594"}],"curies":[{"name":"wp","href":"https:\/\/api.w.org\/{rel}","templated":true}]}}