{"id":28638,"date":"2022-12-07T13:50:22","date_gmt":"2022-12-07T11:50:22","guid":{"rendered":"https:\/\/koussikou.ch\/?post_type=product&#038;p=28638"},"modified":"2024-07-28T10:05:04","modified_gmt":"2024-07-28T08:05:04","slug":"mykotty-padi","status":"publish","type":"product","link":"https:\/\/koussikou.ch\/fr\/produit\/mykotty-padi\/","title":{"rendered":"MyKotty - Padi"},"content":{"rendered":"<div data-elementor-type=\"wp-post\" data-elementor-id=\"28638\" class=\"elementor elementor-28638\">\n\t\t\t\t<div class=\"wd-negative-gap elementor-element elementor-element-701b388 e-flex e-con-boxed e-con e-parent\" data-id=\"701b388\" data-element_type=\"container\" data-e-type=\"container\">\n\t\t\t\t\t<div class=\"e-con-inner\">\n\t\t\t\t<div class=\"elementor-element elementor-element-924f27d elementor-widget__width-initial elementor-widget elementor-widget-wd_text_block\" data-id=\"924f27d\" data-element_type=\"widget\" data-e-type=\"widget\" data-widget_type=\"wd_text_block.default\">\n\t\t\t\t<div class=\"elementor-widget-container\">\n\t\t\t\t\t\t\t<div class=\"wd-text-block reset-last-child text-left\">\n\t\t\t\n\t\t\t<h5>Voici <span style=\"color: #83b735;\">PADI<\/span>, l'oreiller pour chat parfait pour un confort ultime et douillet<\/h5><p>Fabriqu\u00e9 avec une housse en coton 100%<\/p><p>\u2714 Rembourrage en fibres synth\u00e9tiques souples<\/p><p>\u2714 Facile \u00e0 nettoyer car la housse peut \u00eatre facilement enlev\u00e9e et lav\u00e9e.<\/p>\n\t\t\t\t\t<\/div>\n\t\t\t\t\t\t<\/div>\n\t\t\t\t<\/div>\n\t\t\t\t\t<\/div>\n\t\t\t\t<\/div>\n\t\t\t\t<\/div>","protected":false},"excerpt":{"rendered":"<p>MyKotty - Padi est un lit pour chat moderne et de qualit\u00e9 sup\u00e9rieure, con\u00e7u pour offrir un confort et une durabilit\u00e9 exceptionnels. Parfait pour les chats de toutes tailles.<\/p>","protected":false},"featured_media":28650,"template":"","meta":[],"product_brand":[],"product_cat":[42,104,129],"product_tag":[],"class_list":{"0":"post-28638","1":"product","2":"type-product","3":"status-publish","4":"has-post-thumbnail","6":"product_cat-all","7":"product_cat-cats","8":"product_cat-sleep-relax-cats","10":"first","11":"instock","12":"shipping-taxable","13":"purchasable","14":"product-type-variable"},"_links":{"self":[{"href":"https:\/\/koussikou.ch\/fr\/wp-json\/wp\/v2\/product\/28638","targetHints":{"allow":["GET"]}}],"collection":[{"href":"https:\/\/koussikou.ch\/fr\/wp-json\/wp\/v2\/product"}],"about":[{"href":"https:\/\/koussikou.ch\/fr\/wp-json\/wp\/v2\/types\/product"}],"version-history":[{"count":2,"href":"https:\/\/koussikou.ch\/fr\/wp-json\/wp\/v2\/product\/28638\/revisions"}],"predecessor-version":[{"id":32493,"href":"https:\/\/koussikou.ch\/fr\/wp-json\/wp\/v2\/product\/28638\/revisions\/32493"}],"wp:featuredmedia":[{"embeddable":true,"href":"https:\/\/koussikou.ch\/fr\/wp-json\/wp\/v2\/media\/28650"}],"wp:attachment":[{"href":"https:\/\/koussikou.ch\/fr\/wp-json\/wp\/v2\/media?parent=28638"}],"wp:term":[{"taxonomy":"product_brand","embeddable":true,"href":"https:\/\/koussikou.ch\/fr\/wp-json\/wp\/v2\/product_brand?post=28638"},{"taxonomy":"product_cat","embeddable":true,"href":"https:\/\/koussikou.ch\/fr\/wp-json\/wp\/v2\/product_cat?post=28638"},{"taxonomy":"product_tag","embeddable":true,"href":"https:\/\/koussikou.ch\/fr\/wp-json\/wp\/v2\/product_tag?post=28638"}],"curies":[{"name":"wp","href":"https:\/\/api.w.org\/{rel}","templated":true}]}}