{"id":28665,"date":"2023-05-05T01:12:04","date_gmt":"2023-05-04T23:12:04","guid":{"rendered":"https:\/\/koussikou.ch\/?post_type=product&#038;p=28665"},"modified":"2024-08-13T13:57:22","modified_gmt":"2024-08-13T11:57:22","slug":"lit-tranquillo-douillet-et-confortable","status":"publish","type":"product","link":"https:\/\/koussikou.ch\/fr\/produit\/lit-tranquillo-douillet-et-confortable\/","title":{"rendered":"Cosy and Dozy \u2013 Tranquillo Bed"},"content":{"rendered":"<p>Fabriqu\u00e9 dans un tissu durable et r\u00e9sistant \u00e0 l'usure, le <span style=\"color: #83b735;\"><strong>Tranquillo Bed, douillet et confortable<\/strong><\/span> offre un confort et une long\u00e9vit\u00e9 in\u00e9gal\u00e9s.<\/p>\n<p>Son rembourrage est un m\u00e9lange soigneusement choisi de mousse de polyur\u00e9thane et de chutes de nylon, ce qui lui conf\u00e8re une douceur et une \u00e9lasticit\u00e9 exceptionnelles.<\/p>\n<p>Ce design \u00e9l\u00e9gant et attrayant ne se contente pas d'embellir l'int\u00e9rieur de votre maison, il offre \u00e9galement \u00e0 votre animal de compagnie un endroit douillet et confortable pour se reposer et se d\u00e9tendre.<\/p>\n<p>Offrez \u00e0 votre chat l'ultime exp\u00e9rience de farniente avec le lit Cosy and Dozy Tranquillo.<\/p>","protected":false},"excerpt":{"rendered":"<p>Le lit Cosy and Dozy - Tranquillo Bed offre un confort luxueux aux animaux de compagnie, avec un coussin en peluche et un design \u00e9l\u00e9gant. Facile \u00e0 nettoyer et durable.<\/p>","protected":false},"featured_media":28670,"template":"","meta":[],"product_brand":[],"product_cat":[42,104,95,129,130],"product_tag":[],"class_list":{"0":"post-28665","1":"product","2":"type-product","3":"status-publish","4":"has-post-thumbnail","6":"product_cat-all","7":"product_cat-cats","8":"product_cat-dogs","9":"product_cat-sleep-relax-cats","10":"product_cat-sleep-relax-dogs","12":"first","13":"instock","14":"shipping-taxable","15":"purchasable","16":"product-type-variable"},"_links":{"self":[{"href":"https:\/\/koussikou.ch\/fr\/wp-json\/wp\/v2\/product\/28665","targetHints":{"allow":["GET"]}}],"collection":[{"href":"https:\/\/koussikou.ch\/fr\/wp-json\/wp\/v2\/product"}],"about":[{"href":"https:\/\/koussikou.ch\/fr\/wp-json\/wp\/v2\/types\/product"}],"version-history":[{"count":1,"href":"https:\/\/koussikou.ch\/fr\/wp-json\/wp\/v2\/product\/28665\/revisions"}],"predecessor-version":[{"id":32535,"href":"https:\/\/koussikou.ch\/fr\/wp-json\/wp\/v2\/product\/28665\/revisions\/32535"}],"wp:featuredmedia":[{"embeddable":true,"href":"https:\/\/koussikou.ch\/fr\/wp-json\/wp\/v2\/media\/28670"}],"wp:attachment":[{"href":"https:\/\/koussikou.ch\/fr\/wp-json\/wp\/v2\/media?parent=28665"}],"wp:term":[{"taxonomy":"product_brand","embeddable":true,"href":"https:\/\/koussikou.ch\/fr\/wp-json\/wp\/v2\/product_brand?post=28665"},{"taxonomy":"product_cat","embeddable":true,"href":"https:\/\/koussikou.ch\/fr\/wp-json\/wp\/v2\/product_cat?post=28665"},{"taxonomy":"product_tag","embeddable":true,"href":"https:\/\/koussikou.ch\/fr\/wp-json\/wp\/v2\/product_tag?post=28665"}],"curies":[{"name":"wp","href":"https:\/\/api.w.org\/{rel}","templated":true}]}}