{"id":28696,"date":"2021-08-02T20:35:48","date_gmt":"2021-08-02T18:35:48","guid":{"rendered":"https:\/\/koussikou.ch\/?post_type=product&#038;p=28696"},"modified":"2024-06-22T16:27:34","modified_gmt":"2024-06-22T14:27:34","slug":"sac-ibiyaya-classic","status":"publish","type":"product","link":"https:\/\/koussikou.ch\/fr\/produit\/sac-ibiyaya-classic\/","title":{"rendered":"Ibiyaya - Sac classique"},"content":{"rendered":"<p><strong><span style=\"color: #83b735;\">Le sac Ibiyaya Classic<\/span><\/strong> est le compagnon de voyage id\u00e9al pour votre animal de compagnie. Con\u00e7u dans un souci de style et de fonctionnalit\u00e9, ce sac de transport polyvalent est parfait pour toutes les sorties.<\/p>\n<p>Fabriqu\u00e9 \u00e0 partir de mat\u00e9riaux durables et de haute qualit\u00e9, il garantit le confort et la s\u00e9curit\u00e9 de votre animal pendant le voyage. Les fen\u00eatres en filet respirant assurent une excellente ventilation, tandis que l'int\u00e9rieur doux et moelleux garde votre animal bien au chaud.<\/p>\n<p>Sa bandouli\u00e8re r\u00e9glable et ses poign\u00e9es ergonomiques le rendent facile \u00e0 transporter, que vous alliez chez le v\u00e9t\u00e9rinaire, que vous partiez en week-end ou que vous vous promeniez simplement dans le quartier. Le sac Ibiyaya Classic est \u00e9galement facile \u00e0 nettoyer, gr\u00e2ce \u00e0 son matelas int\u00e9rieur amovible et lavable.<\/p>\n<p>Voyagez l'esprit tranquille en sachant que votre ami \u00e0 fourrure est en s\u00e9curit\u00e9 et confortable dans le sac Ibiyaya Classic.<\/p>\n<p>\u2714 Ce sac est pliable et il est fabriqu\u00e9 en mat\u00e9riau EVA l\u00e9ger.<\/p>\n<p>\u2714 Pratique et peu encombrant : Conception d\u00e9tachable, pliable et facile \u00e0 replier.<\/p>\n<p>\u2714 Ventilation et visibilit\u00e9 maximis\u00e9es<\/p>\n<p>\u2714 Coussin amovible pour un nettoyage facile<\/p>\n<p>\u2714 Bandouli\u00e8re rembourr\u00e9e incluse<\/p>","protected":false},"excerpt":{"rendered":"<p>Voyagez avec style gr\u00e2ce au sac Ibiyaya Classic ! Ce sac de transport chic et durable offre un confort ultime gr\u00e2ce \u00e0 ses fen\u00eatres en maille respirante et \u00e0 son int\u00e9rieur en peluche. Facile \u00e0 transporter et \u00e0 nettoyer, il est parfait pour toutes les aventures avec votre ami \u00e0 fourrure.<\/p>","protected":false},"featured_media":28701,"template":"","meta":[],"product_brand":[],"product_cat":[42,104,95,132,131],"product_tag":[477,472,475,471,326,473,355,474,476],"class_list":{"0":"post-28696","1":"product","2":"type-product","3":"status-publish","4":"has-post-thumbnail","6":"product_cat-all","7":"product_cat-cats","8":"product_cat-dogs","9":"product_cat-travel-walk-cats","10":"product_cat-travel-walk-dogs","11":"product_tag-breathable-pet-carrier","12":"product_tag-classic-bag","13":"product_tag-durable-pet-carrier","14":"product_tag-ibiyaya","15":"product_tag-pet-accessories","16":"product_tag-pet-carrier","17":"product_tag-pet-comfort","18":"product_tag-pet-travel","19":"product_tag-stylish-pet-bag","21":"first","22":"instock","23":"shipping-taxable","24":"purchasable","25":"product-type-variable"},"_links":{"self":[{"href":"https:\/\/koussikou.ch\/fr\/wp-json\/wp\/v2\/product\/28696","targetHints":{"allow":["GET"]}}],"collection":[{"href":"https:\/\/koussikou.ch\/fr\/wp-json\/wp\/v2\/product"}],"about":[{"href":"https:\/\/koussikou.ch\/fr\/wp-json\/wp\/v2\/types\/product"}],"version-history":[{"count":0,"href":"https:\/\/koussikou.ch\/fr\/wp-json\/wp\/v2\/product\/28696\/revisions"}],"wp:featuredmedia":[{"embeddable":true,"href":"https:\/\/koussikou.ch\/fr\/wp-json\/wp\/v2\/media\/28701"}],"wp:attachment":[{"href":"https:\/\/koussikou.ch\/fr\/wp-json\/wp\/v2\/media?parent=28696"}],"wp:term":[{"taxonomy":"product_brand","embeddable":true,"href":"https:\/\/koussikou.ch\/fr\/wp-json\/wp\/v2\/product_brand?post=28696"},{"taxonomy":"product_cat","embeddable":true,"href":"https:\/\/koussikou.ch\/fr\/wp-json\/wp\/v2\/product_cat?post=28696"},{"taxonomy":"product_tag","embeddable":true,"href":"https:\/\/koussikou.ch\/fr\/wp-json\/wp\/v2\/product_tag?post=28696"}],"curies":[{"name":"wp","href":"https:\/\/api.w.org\/{rel}","templated":true}]}}