{"id":28708,"date":"2021-10-02T16:29:33","date_gmt":"2021-10-02T14:29:33","guid":{"rendered":"https:\/\/koussikou.ch\/?post_type=product&#038;p=28708"},"modified":"2024-06-29T10:27:55","modified_gmt":"2024-06-29T08:27:55","slug":"catissa-geobed","status":"publish","type":"product","link":"https:\/\/koussikou.ch\/fr\/produit\/catissa-geobed\/","title":{"rendered":"Catissa - Geobed"},"content":{"rendered":"<p>Voici <span style=\"color: #83b735;\"><strong>Catissa - Geobed<\/strong><\/span>, un refuge g\u00e9om\u00e9trique r\u00e9volutionnaire con\u00e7u sp\u00e9cialement pour vos amis f\u00e9lins. Ce lit pour chat moderne et \u00e9l\u00e9gant offre \u00e0 votre chat un espace douillet et s\u00fbr o\u00f9 il peut se d\u00e9tendre et se sentir chez lui.<\/p>\n<p>Le Geobed pr\u00e9sente un design g\u00e9om\u00e9trique unique qui non seulement rehausse le d\u00e9cor de votre maison, mais offre \u00e9galement un confort optimal \u00e0 votre animal de compagnie bien-aim\u00e9.<\/p>\n<p>Fabriqu\u00e9 \u00e0 partir de mat\u00e9riaux durables de haute qualit\u00e9, il garantit la long\u00e9vit\u00e9 et r\u00e9siste \u00e0 la nature joueuse de votre chat.<\/p>\n<p>Le Catissa - Geobed est facile \u00e0 nettoyer, ce qui est pratique pour les propri\u00e9taires de chats. Sa structure l\u00e9g\u00e8re permet une mobilit\u00e9 sans effort, de sorte que vous pouvez le placer n'importe o\u00f9 dans votre maison. Son design contemporain et ses couleurs neutres s'int\u00e8grent parfaitement \u00e0 tous les int\u00e9rieurs, ce qui en fait un compl\u00e9ment id\u00e9al pour n'importe quelle pi\u00e8ce.<\/p>\n<p>Offrez \u00e0 votre chat le cadeau du luxe et du confort avec le Catissa - Geobed.<\/p>","protected":false},"excerpt":{"rendered":"<p>Dot\u00e9 d'un design g\u00e9om\u00e9trique unique, il rehausse le d\u00e9cor de la maison tout en offrant un confort optimal \u00e0 votre ami f\u00e9lin.<\/p>","protected":false},"featured_media":28719,"template":"","meta":[],"product_brand":[],"product_cat":[42,32],"product_tag":[406,412,410,411,407,413,414,409,348,408],"class_list":{"0":"post-28708","1":"product","2":"type-product","3":"status-publish","4":"has-post-thumbnail","6":"product_cat-all","7":"product_cat-furniture","8":"product_tag-cat-bed","9":"product_tag-cat-furniture","10":"product_tag-catissa","11":"product_tag-cozy-cat-bed","12":"product_tag-geometric-cat-bed","13":"product_tag-indoor-cat-bed","14":"product_tag-luxury-cat-bed","15":"product_tag-modern-cat-furniture","16":"product_tag-pet-bed","17":"product_tag-stylish-cat-bed","19":"first","20":"instock","21":"shipping-taxable","22":"purchasable","23":"product-type-variable"},"_links":{"self":[{"href":"https:\/\/koussikou.ch\/fr\/wp-json\/wp\/v2\/product\/28708","targetHints":{"allow":["GET"]}}],"collection":[{"href":"https:\/\/koussikou.ch\/fr\/wp-json\/wp\/v2\/product"}],"about":[{"href":"https:\/\/koussikou.ch\/fr\/wp-json\/wp\/v2\/types\/product"}],"version-history":[{"count":0,"href":"https:\/\/koussikou.ch\/fr\/wp-json\/wp\/v2\/product\/28708\/revisions"}],"wp:featuredmedia":[{"embeddable":true,"href":"https:\/\/koussikou.ch\/fr\/wp-json\/wp\/v2\/media\/28719"}],"wp:attachment":[{"href":"https:\/\/koussikou.ch\/fr\/wp-json\/wp\/v2\/media?parent=28708"}],"wp:term":[{"taxonomy":"product_brand","embeddable":true,"href":"https:\/\/koussikou.ch\/fr\/wp-json\/wp\/v2\/product_brand?post=28708"},{"taxonomy":"product_cat","embeddable":true,"href":"https:\/\/koussikou.ch\/fr\/wp-json\/wp\/v2\/product_cat?post=28708"},{"taxonomy":"product_tag","embeddable":true,"href":"https:\/\/koussikou.ch\/fr\/wp-json\/wp\/v2\/product_tag?post=28708"}],"curies":[{"name":"wp","href":"https:\/\/api.w.org\/{rel}","templated":true}]}}