{"id":28755,"date":"2023-10-09T11:10:14","date_gmt":"2023-10-09T09:10:14","guid":{"rendered":"https:\/\/koussikou.ch\/?post_type=product&#038;p=28755"},"modified":"2024-06-23T16:47:10","modified_gmt":"2024-06-23T14:47:10","slug":"howlpot-howly","status":"publish","type":"product","link":"https:\/\/koussikou.ch\/fr\/produit\/howlpot-howly\/","title":{"rendered":"Howlpot. - Howly"},"content":{"rendered":"<p>Rencontrer <span style=\"color: #83b735;\"><strong>Howly<\/strong><\/span>la derni\u00e8re cr\u00e9ation innovante de Howlpot. Ce produit multifonctionnel au design \u00e9l\u00e9gant est con\u00e7u pour les propri\u00e9taires d'animaux modernes qui recherchent \u00e0 la fois le style et la commodit\u00e9. Howly est un accessoire pour animaux de compagnie tout-en-un, con\u00e7u pour que vos amis \u00e0 fourrure se divertissent, se sentent \u00e0 l'aise et soient heureux.<\/p>\n<p>Dot\u00e9 d'un design \u00e9pur\u00e9 et minimaliste, Howly s'int\u00e8gre facilement dans n'importe quel d\u00e9cor tout en offrant une fonctionnalit\u00e9 maximale. Que vous soyez \u00e0 la recherche d'un lit douillet ou d'un jouet interactif, Howly a tout ce qu'il vous faut. Fabriqu\u00e9 avec des mat\u00e9riaux de premi\u00e8re qualit\u00e9, il garantit la durabilit\u00e9 et le confort de vos animaux de compagnie. Sa conception intelligente le rend \u00e9galement facile \u00e0 nettoyer, garantissant un environnement hygi\u00e9nique \u00e0 vos animaux bien-aim\u00e9s.<\/p>\n<p>Cr\u00e9e avec un cadre en acier amovible qui maintient solidement la structure de la maison. Le cadre en acier se range facilement.<\/p>\n<p>Le tissu du coussin int\u00e9rieur a \u00e9t\u00e9 recouvert d'un mat\u00e9riau imperm\u00e9able, de sorte qu'il est \u00e0 l'abri d'un grand nombre d'accidents de la part de votre compagnon.<\/p>\n<p>Offrez \u00e0 vos animaux de compagnie le luxe qu'ils m\u00e9ritent avec Howly by Howlpot.<\/p>","protected":false},"excerpt":{"rendered":"<p>Howly by Howlpot allie style et fonctionnalit\u00e9 en un seul accessoire \u00e9l\u00e9gant et multifonctionnel, offrant confort et divertissement \u00e0 vos animaux de compagnie.<\/p>","protected":false},"featured_media":28771,"template":"","meta":[],"product_brand":[],"product_cat":[42,95,32,130],"product_tag":[547,546,551,549,548,348,550,552],"class_list":{"0":"post-28755","1":"product","2":"type-product","3":"status-publish","4":"has-post-thumbnail","6":"product_cat-all","7":"product_cat-dogs","8":"product_cat-furniture","9":"product_cat-sleep-relax-dogs","10":"product_tag-howlpot","11":"product_tag-howly","12":"product_tag-modern-design","13":"product_tag-multifunctional","14":"product_tag-pet-accessory","15":"product_tag-pet-bed","16":"product_tag-pet-toy","17":"product_tag-premium-pet-product","19":"first","20":"instock","21":"shipping-taxable","22":"purchasable","23":"product-type-variable"},"_links":{"self":[{"href":"https:\/\/koussikou.ch\/fr\/wp-json\/wp\/v2\/product\/28755","targetHints":{"allow":["GET"]}}],"collection":[{"href":"https:\/\/koussikou.ch\/fr\/wp-json\/wp\/v2\/product"}],"about":[{"href":"https:\/\/koussikou.ch\/fr\/wp-json\/wp\/v2\/types\/product"}],"version-history":[{"count":0,"href":"https:\/\/koussikou.ch\/fr\/wp-json\/wp\/v2\/product\/28755\/revisions"}],"wp:featuredmedia":[{"embeddable":true,"href":"https:\/\/koussikou.ch\/fr\/wp-json\/wp\/v2\/media\/28771"}],"wp:attachment":[{"href":"https:\/\/koussikou.ch\/fr\/wp-json\/wp\/v2\/media?parent=28755"}],"wp:term":[{"taxonomy":"product_brand","embeddable":true,"href":"https:\/\/koussikou.ch\/fr\/wp-json\/wp\/v2\/product_brand?post=28755"},{"taxonomy":"product_cat","embeddable":true,"href":"https:\/\/koussikou.ch\/fr\/wp-json\/wp\/v2\/product_cat?post=28755"},{"taxonomy":"product_tag","embeddable":true,"href":"https:\/\/koussikou.ch\/fr\/wp-json\/wp\/v2\/product_tag?post=28755"}],"curies":[{"name":"wp","href":"https:\/\/api.w.org\/{rel}","templated":true}]}}