{"id":28831,"date":"2022-03-17T06:18:13","date_gmt":"2022-03-17T04:18:13","guid":{"rendered":"https:\/\/koussikou.ch\/?post_type=product&#038;p=28831"},"modified":"2025-10-29T20:25:40","modified_gmt":"2025-10-29T18:25:40","slug":"freezack-feed-container","status":"publish","type":"product","link":"https:\/\/koussikou.ch\/fr\/produit\/freezack-feed-container\/","title":{"rendered":"Freezack \u2013 Feed container"},"content":{"rendered":"<p>Voici <span style=\"color: #83b735;\"><strong>Freezack Feed Container!<\/strong><\/span>, Ce conteneur est la solution id\u00e9ale pour les propri\u00e9taires d'animaux de compagnie qui souhaitent conserver la nourriture de leur animal de mani\u00e8re pratique et efficace. Fabriqu\u00e9 \u00e0 partir de mat\u00e9riaux durables et de haute qualit\u00e9, ce conteneur \u00e0 aliments garantit que la nourriture de votre animal reste fra\u00eeche et non contamin\u00e9e.<\/p>\n<p>Le joint herm\u00e9tique conserve la fra\u00eecheur, emp\u00eachant l'humidit\u00e9 et les parasites de p\u00e9n\u00e9trer. Con\u00e7u avec un couvercle facile \u00e0 utiliser, il permet un acc\u00e8s et un ramassage ais\u00e9s. Son design \u00e9l\u00e9gant et compact lui permet de s'int\u00e9grer parfaitement dans n'importe quel espace de cuisine ou garde-manger.<\/p>\n<p>Disponible en plusieurs tailles, le conteneur Freezack est id\u00e9al pour tous les types d'aliments pour animaux, y compris les croquettes, les granul\u00e9s et m\u00eame les friandises. Gardez la nourriture de votre animal organis\u00e9e, fra\u00eeche et pr\u00eate \u00e0 \u00eatre servie avec le conteneur Freezack.<\/p>\n<p>Que vous ayez un chien, un chat ou tout autre ami \u00e0 fourrure, ce r\u00e9cipient est indispensable pour maintenir la qualit\u00e9 et l'hygi\u00e8ne de leur alimentation.<\/p>","protected":false},"excerpt":{"rendered":"<p>La bo\u00eete \u00e0 aliments Freezack est une solution de stockage herm\u00e9tique de haute qualit\u00e9 qui permet de conserver la nourriture de votre animal de compagnie fra\u00eeche et non contamin\u00e9e.<\/p>","protected":false},"featured_media":28838,"template":"","meta":[],"product_brand":[],"product_cat":[42,104,95,134,133],"product_tag":[466,469,309,313,467,470,468,465],"class_list":{"0":"post-28831","1":"product","2":"type-product","3":"status-publish","4":"has-post-thumbnail","6":"product_cat-all","7":"product_cat-cats","8":"product_cat-dogs","9":"product_cat-eat-dogs","10":"product_cat-eat-cats","11":"product_tag-airtight-container","12":"product_tag-durable-pet-container","13":"product_tag-freezack","14":"product_tag-pet-care","15":"product_tag-pet-feed-container","16":"product_tag-pet-food-freshness","17":"product_tag-pet-food-organizer","18":"product_tag-pet-food-storage","20":"first","21":"instock","22":"shipping-taxable","23":"purchasable","24":"product-type-variable"},"_links":{"self":[{"href":"https:\/\/koussikou.ch\/fr\/wp-json\/wp\/v2\/product\/28831","targetHints":{"allow":["GET"]}}],"collection":[{"href":"https:\/\/koussikou.ch\/fr\/wp-json\/wp\/v2\/product"}],"about":[{"href":"https:\/\/koussikou.ch\/fr\/wp-json\/wp\/v2\/types\/product"}],"version-history":[{"count":0,"href":"https:\/\/koussikou.ch\/fr\/wp-json\/wp\/v2\/product\/28831\/revisions"}],"wp:featuredmedia":[{"embeddable":true,"href":"https:\/\/koussikou.ch\/fr\/wp-json\/wp\/v2\/media\/28838"}],"wp:attachment":[{"href":"https:\/\/koussikou.ch\/fr\/wp-json\/wp\/v2\/media?parent=28831"}],"wp:term":[{"taxonomy":"product_brand","embeddable":true,"href":"https:\/\/koussikou.ch\/fr\/wp-json\/wp\/v2\/product_brand?post=28831"},{"taxonomy":"product_cat","embeddable":true,"href":"https:\/\/koussikou.ch\/fr\/wp-json\/wp\/v2\/product_cat?post=28831"},{"taxonomy":"product_tag","embeddable":true,"href":"https:\/\/koussikou.ch\/fr\/wp-json\/wp\/v2\/product_tag?post=28831"}],"curies":[{"name":"wp","href":"https:\/\/api.w.org\/{rel}","templated":true}]}}