{"id":28843,"date":"2023-09-30T00:42:04","date_gmt":"2023-09-29T22:42:04","guid":{"rendered":"https:\/\/koussikou.ch\/?post_type=product&#038;p=28843"},"modified":"2024-07-14T12:15:15","modified_gmt":"2024-07-14T10:15:15","slug":"inooko-food-place-mat","status":"publish","type":"product","link":"https:\/\/koussikou.ch\/fr\/produit\/inooko-food-place-mat\/","title":{"rendered":"Inooko - Food Place Mat"},"content":{"rendered":"<div data-elementor-type=\"wp-post\" data-elementor-id=\"28843\" class=\"elementor elementor-28843\">\n\t\t\t\t<div class=\"wd-negative-gap elementor-element elementor-element-19615738 e-flex e-con-boxed e-con e-parent\" data-id=\"19615738\" data-element_type=\"container\" data-e-type=\"container\">\n\t\t\t\t\t<div class=\"e-con-inner\">\n\t\t\t\t<div class=\"elementor-element elementor-element-60d58930 color-scheme-inherit text-left elementor-widget elementor-widget-text-editor\" data-id=\"60d58930\" data-element_type=\"widget\" data-e-type=\"widget\" data-widget_type=\"text-editor.default\">\n\t\t\t\t<div class=\"elementor-widget-container\">\n\t\t\t\t\t\t\t\t\t<p>Gardez vos sols impeccables et prot\u00e9g\u00e9s <strong><span style=\"color: #83b735;\">gr\u00e2ce au Tapis d'alimentation pour chiens et chats d'Inooko<\/span><\/strong>.<\/p><p>Ce tapis allie un design \u00e9l\u00e9gant et moderne \u00e0 une imperm\u00e9abilit\u00e9 pratique, ce qui permet \u00e0 votre ami \u00e0 quatre pattes de manger et de boire sans faire de d\u00e9g\u00e2ts.<\/p><p>Il est suffisamment spacieux pour accueillir confortablement deux bols, et les bords sur\u00e9lev\u00e9s permettent de contenir les \u00e9claboussures de nourriture et d'eau.<\/p><p>\u2714 Parfait pour le bois dur, le carrelage et les sols stratifi\u00e9s.<\/p><p>\u2714 Entretien facile : Un coup d'\u00e9ponge suffit pour le nettoyer !<\/p><p>\u2714 Fabriqu\u00e9 en silicone alimentaire durable, il est non toxique, sans BPA et sans PVC.<\/p>\t\t\t\t\t\t\t\t<\/div>\n\t\t\t\t<\/div>\n\t\t\t\t\t<\/div>\n\t\t\t\t<\/div>\n\t\t\t\t<\/div>","protected":false},"excerpt":{"rendered":"<p>Veillez \u00e0 ce que vos sols restent impeccables gr\u00e2ce au tapis d'alimentation pour chiens et chats \u00e9l\u00e9gant et imperm\u00e9able d'Inooko.<\/p>","protected":false},"featured_media":28845,"template":"","meta":[],"product_brand":[],"product_cat":[42,104,95,133,134],"product_tag":[],"class_list":{"0":"post-28843","1":"product","2":"type-product","3":"status-publish","4":"has-post-thumbnail","6":"product_cat-all","7":"product_cat-cats","8":"product_cat-dogs","9":"product_cat-eat-cats","10":"product_cat-eat-dogs","12":"first","13":"instock","14":"shipping-taxable","15":"purchasable","16":"product-type-variable"},"_links":{"self":[{"href":"https:\/\/koussikou.ch\/fr\/wp-json\/wp\/v2\/product\/28843","targetHints":{"allow":["GET"]}}],"collection":[{"href":"https:\/\/koussikou.ch\/fr\/wp-json\/wp\/v2\/product"}],"about":[{"href":"https:\/\/koussikou.ch\/fr\/wp-json\/wp\/v2\/types\/product"}],"version-history":[{"count":0,"href":"https:\/\/koussikou.ch\/fr\/wp-json\/wp\/v2\/product\/28843\/revisions"}],"wp:featuredmedia":[{"embeddable":true,"href":"https:\/\/koussikou.ch\/fr\/wp-json\/wp\/v2\/media\/28845"}],"wp:attachment":[{"href":"https:\/\/koussikou.ch\/fr\/wp-json\/wp\/v2\/media?parent=28843"}],"wp:term":[{"taxonomy":"product_brand","embeddable":true,"href":"https:\/\/koussikou.ch\/fr\/wp-json\/wp\/v2\/product_brand?post=28843"},{"taxonomy":"product_cat","embeddable":true,"href":"https:\/\/koussikou.ch\/fr\/wp-json\/wp\/v2\/product_cat?post=28843"},{"taxonomy":"product_tag","embeddable":true,"href":"https:\/\/koussikou.ch\/fr\/wp-json\/wp\/v2\/product_tag?post=28843"}],"curies":[{"name":"wp","href":"https:\/\/api.w.org\/{rel}","templated":true}]}}